{"id":44761,"date":"2024-06-25T17:12:25","date_gmt":"2024-06-25T15:12:25","guid":{"rendered":"https:\/\/www.klinger-kempchen.de\/?page_id=44761"},"modified":"2024-06-25T17:13:47","modified_gmt":"2024-06-25T15:13:47","slug":"konstrukce-a-udrzba-tridy-potrubi","status":"publish","type":"page","link":"https:\/\/www.klinger-kempchen.de\/cs\/engineering-kontakty\/technicke-sluzby\/konstrukce-a-udrzba-tridy-potrubi\/","title":{"rendered":"Konstrukce a \u00fadr\u017eba t\u0159\u00eddy potrub\u00ed"},"content":{"rendered":"\n<h1 class=\"wp-block-heading\">KONSTRUKCE A \u00daDR\u017dBA T\u0158\u00cdD POTRUB\u00cd, P\u0158EDPISY A SPECIFIKACE MATERI\u00c1L\u016e<\/h1>\n\n\n\n<h2 class=\"wp-block-heading\">Z\u00e1klady in\u017een\u00fdrstv\u00ed p\u0159i stavb\u011b klasick\u00fdch za\u0159\u00edzen\u00ed<\/h2>\n\n\n\n<p>T\u0159\u00eddy potrub\u00ed p\u0159edstavuj\u00ed z\u00e1kladn\u00ed technick\u00e9 prvky v klasick\u00e9 konstrukci za\u0159\u00edzen\u00ed a vy\u017eaduj\u00ed \u010das od \u010dasu revizi nebo aktualizaci ozna\u010den\u00ed materi\u00e1l\u016f, norem a dodac\u00edch podm\u00ednek. Zv\u00fd\u0161en\u00e9 po\u017eadavky na t\u011bsnost \u010dasto vy\u017eaduj\u00ed optimalizaci komponent\u016f nebo sou\u010d\u00e1st\u00ed potrub\u00ed. Zvl\u00e1\u0161tn\u00ed pozornost je t\u0159eba v\u011bnovat komponent\u016fm, kter\u00e9 hraj\u00ed rozhoduj\u00edc\u00ed roli v t\u011bsnosti, tj. p\u0159\u00edrub\u011b, \u0161roubu a t\u011bsn\u011bn\u00ed. Ty jsou tak\u00e9 \u010dasto jedinou mo\u017enost\u00ed optimalizace v r\u00e1mci st\u00e1vaj\u00edc\u00ed t\u0159\u00eddy potrub\u00ed, pokud jde o nekompromisn\u011b t\u011bsn\u00e9 a spolehliv\u00e9 p\u0159\u00edrubov\u00e9 spoje.<\/p>\n\n\n\n<div class=\"wp-block-kadence-spacer aligncenter kt-block-spacer-44761_3cc4d4-50\"><div class=\"kt-block-spacer kt-block-spacer-halign-center\"><hr class=\"kt-divider\"\/><\/div><\/div>\n\n\n\n<h2 class=\"wp-block-heading\">V t\u00e9to souvislosti v\u00e1m nab\u00edz\u00edme<\/h2>\n\n\n\n<h3 class=\"wp-block-heading h2 has-background\" style=\"background-color:#e8f3fa\">Nov\u00e9 vytvo\u0159en\u00ed t\u0159\u00edd potrub\u00ed:<\/h3>\n\n\n\n<p><\/p>\n\n\n\n<ul style=\"background-color:#e8f3fa\" class=\"has-background wp-block-list advgb-dyn-6fbea0ff\">\n<li>V\u00fdvoj koncepce pro jednotliv\u00e9 t\u0159\u00eddy potrub\u00ed nebo datab\u00e1ze t\u0159\u00edd potrub\u00ed.<\/li>\n\n\n\n<li>V\u00fdb\u011br materi\u00e1lu v\u010detn\u011b vypracov\u00e1n\u00ed jednotliv\u00fdch posudk\u016f a p\u0159ezkoum\u00e1n\u00ed spolupracuj\u00edc\u00edm ozn\u00e1men\u00fdm subjektem.<\/li>\n\n\n\n<li>P\u0159\u00edprava v\u00fdpo\u010dt\u016f sou\u010d\u00e1st\u00ed, v\u00fdkres\u016f a zad\u00e1vac\u00edch specifikac\u00ed.<\/li>\n\n\n\n<li>Ur\u010den\u00ed vhodn\u00fdch typ\u016f armatur v\u010detn\u011b ot\u00e1zek t\u00fdkaj\u00edc\u00edch se p\u0159edpis\u016f a materi\u00e1l\u016f.<\/li>\n\n\n\n<li>Prov\u00e1d\u011bn\u00ed studi\u00ed o dostupnosti specifikovan\u00fdch sou\u010d\u00e1st\u00ed.<\/li>\n\n\n\n<li>Kontrola st\u00e1vaj\u00edc\u00edch t\u0159\u00edd potrub\u00ed z hlediska platnosti platn\u00fdch norem a p\u0159edpis\u016f.<\/li>\n\n\n\n<li>Optimalizace \/ zv\u00fd\u0161en\u00ed jmenovit\u00fdch hodnot t\u0159\u00edd potrub\u00ed.<\/li>\n\n\n\n<li>V\u00fdpo\u010det v\u0161ech tlakov\u00fdch sou\u010d\u00e1st\u00ed.<\/li>\n\n\n\n<li>Pravideln\u00e9 uplat\u0148ov\u00e1n\u00ed uzn\u00e1van\u00fdch p\u0159edpis\u016f DIN EN 13480, AD 2000 nebo ASME, odd\u00edl 8, divize I-II-III.<\/li>\n<\/ul>\n\n\n\n<div class=\"wp-block-kadence-spacer aligncenter kt-block-spacer-44761_affc3e-cb\"><div class=\"kt-block-spacer kt-block-spacer-halign-center\"><hr class=\"kt-divider\"\/><\/div><\/div>\n\n\n\n<h3 class=\"wp-block-heading h2\">Optimalizace p\u0159\u00edrubov\u00fdch spoj\u016f (p\u0159\u00edruba-\u0161roub-t\u011bsn\u011bn\u00ed):<\/h3>\n\n\n\n<ul class=\"wp-block-list\">\n<li>Vytv\u00e1\u0159en\u00ed koncept\u016f t\u011bsn\u011bn\u00ed pro va\u0161i lokalitu.<\/li>\n\n\n\n<li>Optimalizace \/ sn\u00ed\u017een\u00ed po\u017eadovan\u00e9 \u0161\u00ed\u0159ky p\u00e1sma t\u011bsn\u011bn\u00ed z hlediska n\u00e1klad\u016f a p\u0159\u00ednos\u016f.<\/li>\n\n\n\n<li>Utahovac\u00ed momenty pro mont\u00e1\u017e p\u0159\u00edrubov\u00fdch spoj\u016f.<\/li>\n\n\n\n<li>V\u00fdpo\u010dtov\u00fd d\u016fkaz t\u011bsnosti podle TA-Luft \/ VDI 2290.<\/li>\n<\/ul>\n\n\n\n<div class=\"wp-block-kadence-spacer aligncenter kt-block-spacer-44761_bb6dad-ca\"><div class=\"kt-block-spacer kt-block-spacer-halign-center\"><hr class=\"kt-divider\"\/><\/div><\/div>\n<style class=\"advgb-styles-renderer\">.wp-block-kadence-spacer.kt-block-spacer-44761_3cc4d4-50 .kt-block-spacer{height:60px;}.wp-block-kadence-spacer.kt-block-spacer-44761_3cc4d4-50 .kt-divider{border-top-width:1px;height:1px;border-top-color:#eee;width:80%;border-top-style:solid;}.wp-block-kadence-spacer.kt-block-spacer-44761_affc3e-cb .kt-block-spacer{height:60px;}.wp-block-kadence-spacer.kt-block-spacer-44761_affc3e-cb .kt-divider{border-top-width:1px;height:1px;border-top-color:#eee;width:80%;border-top-style:solid;}.wp-block-kadence-spacer.kt-block-spacer-44761_bb6dad-ca .kt-block-spacer{height:60px;}.wp-block-kadence-spacer.kt-block-spacer-44761_bb6dad-ca .kt-divider{border-top-width:1px;height:1px;border-top-color:#eee;width:80%;border-top-style:solid;}<\/style>","protected":false},"excerpt":{"rendered":"<p>KONSTRUKCE A \u00daDR\u017dBA T\u0158\u00cdD POTRUB\u00cd, P\u0158EDPISY A SPECIFIKACE MATERI\u00c1L\u016e Z\u00e1klady in\u017een\u00fdrstv\u00ed p\u0159i stavb\u011b klasick\u00fdch za\u0159\u00edzen\u00ed T\u0159\u00eddy potrub\u00ed p\u0159edstavuj\u00ed z\u00e1kladn\u00ed technick\u00e9 prvky v klasick\u00e9 konstrukci za\u0159\u00edzen\u00ed a vy\u017eaduj\u00ed \u010das od \u010dasu revizi nebo aktualizaci ozna\u010den\u00ed materi\u00e1l\u016f, norem a dodac\u00edch podm\u00ednek. Zv\u00fd\u0161en\u00e9 po\u017eadavky na t\u011bsnost \u010dasto vy\u017eaduj\u00ed optimalizaci komponent\u016f nebo sou\u010d\u00e1st\u00ed potrub\u00ed. Zvl\u00e1\u0161tn\u00ed pozornost je t\u0159eba v\u011bnovat [&hellip;]<\/p>\n","protected":false},"author":1,"featured_media":18422,"parent":18793,"menu_order":7,"comment_status":"closed","ping_status":"closed","template":"page-templates\/somos.php","meta":{"advgb_blocks_editor_width":"","advgb_blocks_columns_visual_guide":"","iawp_total_views":21,"footnotes":""},"class_list":["post-44761","page","type-page","status-publish","has-post-thumbnail","hentry"],"yoast_head":"<!-- This site is optimized with the Yoast SEO plugin v27.3 - https:\/\/yoast.com\/product\/yoast-seo-wordpress\/ -->\n<title>Konstrukce a \u00fadr\u017eba t\u0159\u00eddy potrub\u00ed - KLINGER Kempchen<\/title>\n<meta name=\"description\" content=\"T\u0159\u00eddy trubek p\u0159edstavuj\u00ed z\u00e1kladn\u00ed in\u017een\u00fdrsk\u00e9 prvky v klasick\u00e9 konstrukci za\u0159\u00edzen\u00ed a vy\u017eaduj\u00ed \u010das od \u010dasu revizi.\" \/>\n<meta name=\"robots\" content=\"index, follow, max-snippet:-1, max-image-preview:large, max-video-preview:-1\" \/>\n<link rel=\"canonical\" href=\"https:\/\/www.klinger-kempchen.de\/cs\/engineering-kontakty\/technicke-sluzby\/konstrukce-a-udrzba-tridy-potrubi\/\" \/>\n<meta property=\"og:locale\" content=\"cs_CZ\" \/>\n<meta property=\"og:type\" content=\"article\" \/>\n<meta property=\"og:title\" content=\"Konstrukce a \u00fadr\u017eba t\u0159\u00eddy potrub\u00ed - KLINGER Kempchen\" \/>\n<meta property=\"og:description\" content=\"T\u0159\u00eddy trubek p\u0159edstavuj\u00ed z\u00e1kladn\u00ed in\u017een\u00fdrsk\u00e9 prvky v klasick\u00e9 konstrukci za\u0159\u00edzen\u00ed a vy\u017eaduj\u00ed \u010das od \u010dasu revizi.\" \/>\n<meta property=\"og:url\" content=\"https:\/\/www.klinger-kempchen.de\/cs\/engineering-kontakty\/technicke-sluzby\/konstrukce-a-udrzba-tridy-potrubi\/\" \/>\n<meta property=\"og:site_name\" content=\"KLINGER Kempchen\" \/>\n<meta property=\"article:modified_time\" content=\"2024-06-25T15:13:47+00:00\" \/>\n<meta property=\"og:image\" content=\"https:\/\/www.klinger-kempchen.de\/wp-content\/uploads\/2023\/06\/Rohrklassenauslegung.jpg\" \/>\n\t<meta property=\"og:image:width\" content=\"1400\" \/>\n\t<meta property=\"og:image:height\" content=\"350\" \/>\n\t<meta property=\"og:image:type\" content=\"image\/jpeg\" \/>\n<meta name=\"twitter:label1\" content=\"Odhadovan\u00e1 doba \u010dten\u00ed\" \/>\n\t<meta name=\"twitter:data1\" content=\"2 minuty\" \/>\n<!-- \/ Yoast SEO plugin. -->","yoast_head_json":{"title":"Konstrukce a \u00fadr\u017eba t\u0159\u00eddy potrub\u00ed - KLINGER Kempchen","description":"T\u0159\u00eddy trubek p\u0159edstavuj\u00ed z\u00e1kladn\u00ed in\u017een\u00fdrsk\u00e9 prvky v klasick\u00e9 konstrukci za\u0159\u00edzen\u00ed a vy\u017eaduj\u00ed \u010das od \u010dasu revizi.","robots":{"index":"index","follow":"follow","max-snippet":"max-snippet:-1","max-image-preview":"max-image-preview:large","max-video-preview":"max-video-preview:-1"},"canonical":"https:\/\/www.klinger-kempchen.de\/cs\/engineering-kontakty\/technicke-sluzby\/konstrukce-a-udrzba-tridy-potrubi\/","og_locale":"cs_CZ","og_type":"article","og_title":"Konstrukce a \u00fadr\u017eba t\u0159\u00eddy potrub\u00ed - KLINGER Kempchen","og_description":"T\u0159\u00eddy trubek p\u0159edstavuj\u00ed z\u00e1kladn\u00ed in\u017een\u00fdrsk\u00e9 prvky v klasick\u00e9 konstrukci za\u0159\u00edzen\u00ed a vy\u017eaduj\u00ed \u010das od \u010dasu revizi.","og_url":"https:\/\/www.klinger-kempchen.de\/cs\/engineering-kontakty\/technicke-sluzby\/konstrukce-a-udrzba-tridy-potrubi\/","og_site_name":"KLINGER Kempchen","article_modified_time":"2024-06-25T15:13:47+00:00","og_image":[{"width":1400,"height":350,"url":"https:\/\/www.klinger-kempchen.de\/wp-content\/uploads\/2023\/06\/Rohrklassenauslegung.jpg","type":"image\/jpeg"}],"twitter_misc":{"Odhadovan\u00e1 doba \u010dten\u00ed":"2 minuty"},"schema":{"@context":"https:\/\/schema.org","@graph":[{"@type":"WebPage","@id":"https:\/\/www.klinger-kempchen.de\/cs\/engineering-kontakty\/technicke-sluzby\/konstrukce-a-udrzba-tridy-potrubi\/","url":"https:\/\/www.klinger-kempchen.de\/cs\/engineering-kontakty\/technicke-sluzby\/konstrukce-a-udrzba-tridy-potrubi\/","name":"Konstrukce a \u00fadr\u017eba t\u0159\u00eddy potrub\u00ed - KLINGER Kempchen","isPartOf":{"@id":"https:\/\/www.klinger-kempchen.de\/#website"},"primaryImageOfPage":{"@id":"https:\/\/www.klinger-kempchen.de\/cs\/engineering-kontakty\/technicke-sluzby\/konstrukce-a-udrzba-tridy-potrubi\/#primaryimage"},"image":{"@id":"https:\/\/www.klinger-kempchen.de\/cs\/engineering-kontakty\/technicke-sluzby\/konstrukce-a-udrzba-tridy-potrubi\/#primaryimage"},"thumbnailUrl":"https:\/\/www.klinger-kempchen.de\/wp-content\/uploads\/2023\/06\/Rohrklassenauslegung.jpg","datePublished":"2024-06-25T15:12:25+00:00","dateModified":"2024-06-25T15:13:47+00:00","description":"T\u0159\u00eddy trubek p\u0159edstavuj\u00ed z\u00e1kladn\u00ed in\u017een\u00fdrsk\u00e9 prvky v klasick\u00e9 konstrukci za\u0159\u00edzen\u00ed a vy\u017eaduj\u00ed \u010das od \u010dasu revizi.","breadcrumb":{"@id":"https:\/\/www.klinger-kempchen.de\/cs\/engineering-kontakty\/technicke-sluzby\/konstrukce-a-udrzba-tridy-potrubi\/#breadcrumb"},"inLanguage":"cs","potentialAction":[{"@type":"ReadAction","target":["https:\/\/www.klinger-kempchen.de\/cs\/engineering-kontakty\/technicke-sluzby\/konstrukce-a-udrzba-tridy-potrubi\/"]}]},{"@type":"ImageObject","inLanguage":"cs","@id":"https:\/\/www.klinger-kempchen.de\/cs\/engineering-kontakty\/technicke-sluzby\/konstrukce-a-udrzba-tridy-potrubi\/#primaryimage","url":"https:\/\/www.klinger-kempchen.de\/wp-content\/uploads\/2023\/06\/Rohrklassenauslegung.jpg","contentUrl":"https:\/\/www.klinger-kempchen.de\/wp-content\/uploads\/2023\/06\/Rohrklassenauslegung.jpg","width":1400,"height":350},{"@type":"BreadcrumbList","@id":"https:\/\/www.klinger-kempchen.de\/cs\/engineering-kontakty\/technicke-sluzby\/konstrukce-a-udrzba-tridy-potrubi\/#breadcrumb","itemListElement":[{"@type":"ListItem","position":1,"name":"Home","item":"https:\/\/www.klinger-kempchen.de\/"},{"@type":"ListItem","position":2,"name":"Engineering","item":"https:\/\/www.klinger-kempchen.de\/cs\/engineering-kontakty\/"},{"@type":"ListItem","position":3,"name":"Technick\u00e9 slu\u017eby","item":"https:\/\/www.klinger-kempchen.de\/cs\/engineering-kontakty\/technicke-sluzby\/"},{"@type":"ListItem","position":4,"name":"Konstrukce a \u00fadr\u017eba t\u0159\u00eddy potrub\u00ed"}]},{"@type":"WebSite","@id":"https:\/\/www.klinger-kempchen.de\/#website","url":"https:\/\/www.klinger-kempchen.de\/","name":"KLINGER Kempchen","description":"KLINGER Kempchen","publisher":{"@id":"https:\/\/www.klinger-kempchen.de\/#organization"},"potentialAction":[{"@type":"SearchAction","target":{"@type":"EntryPoint","urlTemplate":"https:\/\/www.klinger-kempchen.de\/?s={search_term_string}"},"query-input":{"@type":"PropertyValueSpecification","valueRequired":true,"valueName":"search_term_string"}}],"inLanguage":"cs"},{"@type":"Organization","@id":"https:\/\/www.klinger-kempchen.de\/#organization","name":"KLINGER-Kempchen","url":"https:\/\/www.klinger-kempchen.de\/","logo":{"@type":"ImageObject","inLanguage":"cs","@id":"https:\/\/www.klinger-kempchen.de\/#\/schema\/logo\/image\/","url":"https:\/\/www.klinger-kempchen.de\/wp-content\/uploads\/2020\/06\/cropped-Klinger-Kempchen-Logo.png","contentUrl":"https:\/\/www.klinger-kempchen.de\/wp-content\/uploads\/2020\/06\/cropped-Klinger-Kempchen-Logo.png","width":512,"height":512,"caption":"KLINGER-Kempchen"},"image":{"@id":"https:\/\/www.klinger-kempchen.de\/#\/schema\/logo\/image\/"}}]}},"coauthors":[],"author_meta":{"author_link":"https:\/\/www.klinger-kempchen.de\/cs\/author\/administrador\/","display_name":"administrador"},"relative_dates":{"created":"Posted 2 roky ago","modified":"Updated 2 roky ago"},"absolute_dates":{"created":"Posted on 25 \u010dervna 2024","modified":"Updated on 25 \u010dervna 2024"},"absolute_dates_time":{"created":"Posted on 25 \u010dervna 2024 17:12","modified":"Updated on 25 \u010dervna 2024 17:13"},"featured_img_caption":"","featured_img":"https:\/\/www.klinger-kempchen.de\/wp-content\/uploads\/2023\/06\/Rohrklassenauslegung.jpg","series_order":"","_links":{"self":[{"href":"https:\/\/www.klinger-kempchen.de\/cs\/wp-json\/wp\/v2\/pages\/44761","targetHints":{"allow":["GET"]}}],"collection":[{"href":"https:\/\/www.klinger-kempchen.de\/cs\/wp-json\/wp\/v2\/pages"}],"about":[{"href":"https:\/\/www.klinger-kempchen.de\/cs\/wp-json\/wp\/v2\/types\/page"}],"author":[{"embeddable":true,"href":"https:\/\/www.klinger-kempchen.de\/cs\/wp-json\/wp\/v2\/users\/1"}],"replies":[{"embeddable":true,"href":"https:\/\/www.klinger-kempchen.de\/cs\/wp-json\/wp\/v2\/comments?post=44761"}],"version-history":[{"count":0,"href":"https:\/\/www.klinger-kempchen.de\/cs\/wp-json\/wp\/v2\/pages\/44761\/revisions"}],"up":[{"embeddable":true,"href":"https:\/\/www.klinger-kempchen.de\/cs\/wp-json\/wp\/v2\/pages\/18793"}],"wp:featuredmedia":[{"embeddable":true,"href":"https:\/\/www.klinger-kempchen.de\/cs\/wp-json\/wp\/v2\/media\/18422"}],"wp:attachment":[{"href":"https:\/\/www.klinger-kempchen.de\/cs\/wp-json\/wp\/v2\/media?parent=44761"}],"curies":[{"name":"wp","href":"https:\/\/api.w.org\/{rel}","templated":true}]}}