{"id":44765,"date":"2024-06-25T17:27:36","date_gmt":"2024-06-25T15:27:36","guid":{"rendered":"https:\/\/www.klinger-kempchen.de\/?page_id=44765"},"modified":"2024-06-25T17:27:37","modified_gmt":"2024-06-25T15:27:37","slug":"vypocetni-nastroje-v-technologickem-centru","status":"publish","type":"page","link":"https:\/\/www.klinger-kempchen.de\/cs\/engineering-kontakty\/technicke-sluzby\/vypocetni-nastroje-v-technologickem-centru\/","title":{"rendered":"V\u00fdpo\u010detn\u00ed n\u00e1stroje v technologick\u00e9m centru"},"content":{"rendered":"\n<h1 class=\"wp-block-heading\">NA\u0160E V\u00ddPO\u010cETN\u00cd N\u00c1STROJE V TECHNOLOGICK\u00c9M CENTRU<\/h1>\n\n\n\n<h2 class=\"wp-block-heading\">N\u00e1stroj pro anal\u00fdzu mont\u00e1\u017en\u00ed s\u00edly a efektivity<\/h2>\n\n\n\n<h3 class=\"wp-block-heading has-background\" style=\"background-color:#e8f3fa\">Mont\u00e1\u017en\u00ed elektrick\u00e9 n\u00e1\u0159ad\u00ed<\/h3>\n\n\n\n<p>Jak\u00e1 by byla v\u00fdhoda n\u00e1stroje, kter\u00fd by dok\u00e1zal zkontrolovat t\u011bsnic\u00ed spoj pouze pomoc\u00ed konstruk\u010dn\u00edch parametr\u016f a pr\u016fm\u011bru t\u011bsn\u011bn\u00ed?<\/p>\n\n\n\n<p>Pod \u010dasov\u00fdm tlakem, nap\u0159\u00edklad p\u0159i gener\u00e1ln\u00ed oprav\u011b nebo odst\u00e1vce, m\u016f\u017ee b\u00fdt tato v\u00fdhoda neoceniteln\u00e1. \u0158e\u0161ili jsme pot\u0159ebu n\u011bkter\u00fdch na\u0161ich z\u00e1kazn\u00edk\u016f a vytvo\u0159ili jsme n\u00e1stroj, kter\u00fd v\u00e1m pr\u00e1v\u011b toto umo\u017en\u00ed: sta\u010d\u00ed vybrat typ t\u011bsn\u011bn\u00ed a materi\u00e1l \u0161roubu a zadat vnit\u0159n\u00ed tlak a teplotu, kter\u00e9 chcete pokr\u00fdt. Nakonec zadejte vn\u011bj\u0161\u00ed pr\u016fm\u011br t\u011bsn\u011bn\u00ed, kter\u00e9 ji\u017e m\u00e1te nebo kter\u00e9 hled\u00e1te. N\u00e1\u0161 n\u00e1stroj pak navrhne zbytek na z\u00e1klad\u011b v\u00fdchoz\u00edho nastaven\u00ed.<\/p>\n\n\n\n<p>Na z\u00e1klad\u011b tohoto n\u00e1vrhu lze p\u0159izp\u016fsobit dal\u0161\u00ed podrobnosti, jako je vnit\u0159n\u00ed pr\u016fm\u011br t\u011bsn\u011bn\u00ed, tvar \u0161roubu, tvar z\u00e1vitu, velikost \u0161roubu a po\u010det \u0161roub\u016f. N\u00e1stroj nyn\u00ed vypo\u010d\u00edt\u00e1 hodnoty minim\u00e1ln\u00ed po\u017eadovan\u00e9 a maxim\u00e1ln\u00ed p\u0159\u00edpustn\u00e9 mont\u00e1\u017en\u00ed s\u00edly a utahovac\u00ed momenty vypl\u00fdvaj\u00edc\u00ed ze zadan\u00e9ho koeficientu t\u0159en\u00ed. Zobraz\u00ed se tak\u00e9 o\u010dek\u00e1van\u00fd povrchov\u00fd tlak na t\u011bsn\u011bn\u00ed.<br>D\u00edky tomu lze b\u011bhem n\u011bkolika sekund vygenerovat v\u011brohodn\u00e9 a spolehliv\u00e9 mont\u00e1\u017en\u00ed parametry.<br>Ale POZOR: Tento v\u00fdpo\u010det se vztahuje na p\u0159edpokl\u00e1danou \u0161\u00ed\u0159ku t\u011bsn\u011bn\u00ed, nikoli na jakoukoli efektivn\u00ed \u0161\u00ed\u0159ku t\u011bsn\u011bn\u00ed! Pevnost p\u0159\u00edrub se rovn\u011b\u017e nekontroluje. Proto\u017ee obecn\u011b nen\u00ed nutn\u00e9 zad\u00e1vat \u00fadaje o p\u0159\u00edrub\u00e1ch, nem\u016f\u017ee tento hrub\u00fd v\u00fdpo\u010det nahradit p\u0159esn\u00fd v\u00fdpo\u010det p\u0159\u00edrub podle normy DIN EN 1591-1.<\/p>\n\n\n\n<div class=\"wp-block-buttons is-layout-flex wp-block-buttons-is-layout-flex\">\n<div class=\"wp-block-button advgb-dyn-d87807cc\"><a class=\"wp-block-button__link has-background no-border-radius wp-element-button\" href=\"https:\/\/ticket.kempchen.de\/assembly-force-extended\" style=\"background-color:#0168b5\" target=\"_blank\" rel=\"noreferrer noopener\">K mont\u00e1\u017en\u00edmu elektrick\u00e9mu n\u00e1stroji v technologick\u00e9m centru \u00bb<\/a><\/div>\n<\/div>\n\n\n<p><!-- \/wp:post-content --><\/p>\n<p><!-- wp:kadence\/spacer {\"uniqueID\":\"_1a277c-ac\",\"advgbBlockControls\":[]} --><\/p>\n<div class=\"wp-block-kadence-spacer aligncenter kt-block-spacer-_1a277c-ac\">\n<div class=\"kt-block-spacer kt-block-spacer-halign-center\"><hr class=\"kt-divider\" \/><\/div>\n<\/div>\n<p><!-- \/wp:kadence\/spacer --><\/p>\n<p><!-- wp:heading {\"level\":3,\"style\":{\"color\":{\"background\":\"#e8f3fa\"}},\"customStyle\":\"\",\"identifyColor\":\"\"} --><\/p>\n<h3 class=\"wp-block-heading has-background\" style=\"background-color: #e8f3fa;\">Anal\u00fdza \u00fa\u010dinnosti pl\u00e1\u0161\u0165ov\u00fdch a trubkov\u00fdch v\u00fdm\u011bn\u00edk\u016f tepla<\/h3>\n<p><!-- \/wp:heading --><\/p>\n<p><!-- wp:paragraph --><\/p>\n<p>Pl\u00e1\u0161\u0165ov\u00e9 a trubkov\u00e9 v\u00fdm\u011bn\u00edky tepla se pou\u017e\u00edvaj\u00ed k p\u0159enosu tepeln\u00e9 energie z hork\u00e9ho m\u00e9dia do chladn\u011bj\u0161\u00edho m\u00e9dia. Prvn\u00ed m\u00e9dium proud\u00ed v\u00e1lcov\u00fdm pl\u00e1\u0161t\u011bm a druh\u00e9 m\u00e9dium proud\u00ed trubkami svazku trubek. B\u011bhem tohoto procesu se teplej\u0161\u00ed m\u00e9dium ochlazuje, zat\u00edmco chladn\u011bj\u0161\u00ed m\u00e9dium se oh\u0159\u00edv\u00e1.<br \/>V\u00fdm\u011bn\u00edky tepla se svazky trubek maj\u00ed obvykle deflektory, kter\u00e9 usm\u011br\u0148uj\u00ed proud\u011bn\u00ed m\u00e9dia ve v\u00e1lcov\u00e9m pl\u00e1\u0161ti. Ty vedou m\u00e9dium kolem vnit\u0159n\u00edch trubek svazku trubek.<br \/>Mezi vnit\u0159n\u00edm pr\u016fm\u011brem v\u00e1lcov\u00e9ho pl\u00e1\u0161t\u011b a vn\u011bj\u0161\u00edm pr\u016fm\u011brem deflektorov\u00fdch segment\u016f je v\u0161ak prstencovit\u00e1 mezera. \u010c\u00e1st toku m\u00e9dia prot\u00e9k\u00e1 touto mezerou jako net\u011bsn\u00fd tok v pod\u00e9ln\u00e9m sm\u011bru v\u00fdm\u011bn\u00edku tepla, co\u017e sni\u017euje efektivn\u00ed p\u0159enos tepeln\u00e9 energie. Tot\u00e9\u017e plat\u00ed pro obd\u00e9ln\u00edkovou mezeru mezi pod\u00e9ln\u00fdmi d\u011blic\u00edmi deskami a vnit\u0159n\u00edm pr\u016fm\u011brem v\u00e1lcov\u00e9ho pl\u00e1\u0161t\u011b. Tyto syst\u00e9mov\u00e9 mezery jsou nezbytn\u00e9 pro bezprobl\u00e9movou demont\u00e1\u017e a mont\u00e1\u017e svazku trubek a li\u0161\u00ed se v z\u00e1vislosti na velikosti a konstrukci v\u00e1lcov\u00e9ho pl\u00e1\u0161t\u011b.<\/p>\n<p><!-- \/wp:paragraph --><\/p>\n<p><!-- wp:paragraph --><\/p>\n<p>Jak z\u00e1va\u017en\u00e9 je sn\u00ed\u017een\u00ed \u00fa\u010dinnosti v d\u016fsledku mezer? Zejm\u00e9na mezera mezi vnit\u0159n\u00edm pr\u016fm\u011brem pl\u00e1\u0161t\u011b a pod\u00e9ln\u00fdmi odd\u011blovac\u00edmi deskami m\u016f\u017ee v\u00e9st ke zna\u010dn\u00fdm probl\u00e9m\u016fm. Pr\u00e1v\u011b proto jsme pro na\u0161e z\u00e1kazn\u00edky vyvinuli n\u00e1stroj, kter\u00fd ji\u017e ve f\u00e1zi pl\u00e1nov\u00e1n\u00ed kontroluje, zda lze o\u010dek\u00e1van\u00fd v\u00fdkon skute\u010dn\u011b vyvolat. Po zad\u00e1n\u00ed parametr\u016f v\u00fdpo\u010dtu okam\u017eit\u011b uk\u00e1\u017ee, do jak\u00e9 m\u00edry m\u016f\u017ee ut\u011bsn\u011bn\u00ed mezer pomoc\u00ed t\u011bsn\u011bn\u00ed odd\u011blovac\u00edch desek zv\u00fd\u0161it \u00fa\u010dinnost.<\/p>\n<p><!-- \/wp:paragraph --><\/p>\n<p><!-- \/wp:column --><\/p>\n<p><!-- wp:kadence\/spacer {\"uniqueID\":\"_5eab57-d5\",\"advgbBlockControls\":[]} --><\/p>\n<div class=\"wp-block-kadence-spacer aligncenter kt-block-spacer-_5eab57-d5\">\n<div class=\"kt-block-spacer kt-block-spacer-halign-center\"><hr class=\"kt-divider\" \/><\/div>\n<\/div>\n<p><!-- \/wp:kadence\/spacer --><\/p>\n<p><!-- wp:buttons --><\/p>\n<div class=\"wp-block-buttons\"><!-- wp:button {\"style\":{\"color\":{\"background\":\"#0168b5\"},\"border\":{\"radius\":0}},\"advgbBlockControls\":[{\"control\":\"schedule\",\"enabled\":false,\"dateFrom\":null,\"dateTo\":null,\"recurring\":false}]} -->\n<div class=\"wp-block-button\"><a class=\"wp-block-button__link has-background no-border-radius wp-element-button\" style=\"background-color: #0168b5;\" href=\"https:\/\/ticket.kempchen.de\/calculator\/divider\" target=\"_blank\" rel=\"noreferrer noopener\">K n\u00e1stroji pro anal\u00fdzu efektivity\u00bb<\/a><\/div>\n<p><!-- \/wp:button --><\/p>\n<\/div>\n<p><!-- \/wp:buttons --><\/p>","protected":false},"excerpt":{"rendered":"<p>NA\u0160E V\u00ddPO\u010cETN\u00cd N\u00c1STROJE V TECHNOLOGICK\u00c9M CENTRU N\u00e1stroj pro anal\u00fdzu mont\u00e1\u017en\u00ed s\u00edly a efektivity Mont\u00e1\u017en\u00ed elektrick\u00e9 n\u00e1\u0159ad\u00ed Jak\u00e1 by byla v\u00fdhoda n\u00e1stroje, kter\u00fd by dok\u00e1zal zkontrolovat t\u011bsnic\u00ed spoj pouze pomoc\u00ed konstruk\u010dn\u00edch parametr\u016f a pr\u016fm\u011bru t\u011bsn\u011bn\u00ed? Pod \u010dasov\u00fdm tlakem, nap\u0159\u00edklad p\u0159i gener\u00e1ln\u00ed oprav\u011b nebo odst\u00e1vce, m\u016f\u017ee b\u00fdt tato v\u00fdhoda neoceniteln\u00e1. \u0158e\u0161ili jsme pot\u0159ebu n\u011bkter\u00fdch na\u0161ich z\u00e1kazn\u00edk\u016f a [&hellip;]<\/p>\n","protected":false},"author":1,"featured_media":18588,"parent":18793,"menu_order":12,"comment_status":"closed","ping_status":"closed","template":"page-templates\/somos.php","meta":{"advgb_blocks_editor_width":"","advgb_blocks_columns_visual_guide":"","iawp_total_views":15,"footnotes":""},"class_list":["post-44765","page","type-page","status-publish","has-post-thumbnail","hentry"],"yoast_head":"<!-- This site is optimized with the Yoast SEO plugin v27.3 - https:\/\/yoast.com\/product\/yoast-seo-wordpress\/ -->\n<title>V\u00fdpo\u010detn\u00ed n\u00e1stroje v technologick\u00e9m centru - KLINGER Kempchen<\/title>\n<meta name=\"description\" content=\"Jak\u00e1 by byla v\u00fdhoda n\u00e1stroje, kter\u00fd by dok\u00e1zal zkontrolovat t\u011bsnic\u00ed spoj pouze pomoc\u00ed konstruk\u010dn\u00edch parametr\u016f a pr\u016fm\u011bru t\u011bsn\u011bn\u00ed?\" \/>\n<meta name=\"robots\" content=\"index, follow, max-snippet:-1, max-image-preview:large, max-video-preview:-1\" \/>\n<link rel=\"canonical\" href=\"https:\/\/www.klinger-kempchen.de\/cs\/engineering-kontakty\/technicke-sluzby\/vypocetni-nastroje-v-technologickem-centru\/\" \/>\n<meta property=\"og:locale\" content=\"cs_CZ\" \/>\n<meta property=\"og:type\" content=\"article\" \/>\n<meta property=\"og:title\" content=\"V\u00fdpo\u010detn\u00ed n\u00e1stroje v technologick\u00e9m centru - KLINGER Kempchen\" \/>\n<meta property=\"og:description\" content=\"Jak\u00e1 by byla v\u00fdhoda n\u00e1stroje, kter\u00fd by dok\u00e1zal zkontrolovat t\u011bsnic\u00ed spoj pouze pomoc\u00ed konstruk\u010dn\u00edch parametr\u016f a pr\u016fm\u011bru t\u011bsn\u011bn\u00ed?\" \/>\n<meta property=\"og:url\" content=\"https:\/\/www.klinger-kempchen.de\/cs\/engineering-kontakty\/technicke-sluzby\/vypocetni-nastroje-v-technologickem-centru\/\" \/>\n<meta property=\"og:site_name\" content=\"KLINGER Kempchen\" \/>\n<meta property=\"article:modified_time\" content=\"2024-06-25T15:27:37+00:00\" \/>\n<meta property=\"og:image\" content=\"https:\/\/www.klinger-kempchen.de\/wp-content\/uploads\/2023\/07\/Berechnungstools.jpg\" \/>\n\t<meta property=\"og:image:width\" content=\"1400\" \/>\n\t<meta property=\"og:image:height\" content=\"350\" \/>\n\t<meta property=\"og:image:type\" content=\"image\/jpeg\" \/>\n<meta name=\"twitter:label1\" content=\"Odhadovan\u00e1 doba \u010dten\u00ed\" \/>\n\t<meta name=\"twitter:data1\" content=\"3 minuty\" \/>\n<!-- \/ Yoast SEO plugin. -->","yoast_head_json":{"title":"V\u00fdpo\u010detn\u00ed n\u00e1stroje v technologick\u00e9m centru - KLINGER Kempchen","description":"Jak\u00e1 by byla v\u00fdhoda n\u00e1stroje, kter\u00fd by dok\u00e1zal zkontrolovat t\u011bsnic\u00ed spoj pouze pomoc\u00ed konstruk\u010dn\u00edch parametr\u016f a pr\u016fm\u011bru t\u011bsn\u011bn\u00ed?","robots":{"index":"index","follow":"follow","max-snippet":"max-snippet:-1","max-image-preview":"max-image-preview:large","max-video-preview":"max-video-preview:-1"},"canonical":"https:\/\/www.klinger-kempchen.de\/cs\/engineering-kontakty\/technicke-sluzby\/vypocetni-nastroje-v-technologickem-centru\/","og_locale":"cs_CZ","og_type":"article","og_title":"V\u00fdpo\u010detn\u00ed n\u00e1stroje v technologick\u00e9m centru - KLINGER Kempchen","og_description":"Jak\u00e1 by byla v\u00fdhoda n\u00e1stroje, kter\u00fd by dok\u00e1zal zkontrolovat t\u011bsnic\u00ed spoj pouze pomoc\u00ed konstruk\u010dn\u00edch parametr\u016f a pr\u016fm\u011bru t\u011bsn\u011bn\u00ed?","og_url":"https:\/\/www.klinger-kempchen.de\/cs\/engineering-kontakty\/technicke-sluzby\/vypocetni-nastroje-v-technologickem-centru\/","og_site_name":"KLINGER Kempchen","article_modified_time":"2024-06-25T15:27:37+00:00","og_image":[{"width":1400,"height":350,"url":"https:\/\/www.klinger-kempchen.de\/wp-content\/uploads\/2023\/07\/Berechnungstools.jpg","type":"image\/jpeg"}],"twitter_misc":{"Odhadovan\u00e1 doba \u010dten\u00ed":"3 minuty"},"schema":{"@context":"https:\/\/schema.org","@graph":[{"@type":"WebPage","@id":"https:\/\/www.klinger-kempchen.de\/cs\/engineering-kontakty\/technicke-sluzby\/vypocetni-nastroje-v-technologickem-centru\/","url":"https:\/\/www.klinger-kempchen.de\/cs\/engineering-kontakty\/technicke-sluzby\/vypocetni-nastroje-v-technologickem-centru\/","name":"V\u00fdpo\u010detn\u00ed n\u00e1stroje v technologick\u00e9m centru - KLINGER Kempchen","isPartOf":{"@id":"https:\/\/www.klinger-kempchen.de\/#website"},"primaryImageOfPage":{"@id":"https:\/\/www.klinger-kempchen.de\/cs\/engineering-kontakty\/technicke-sluzby\/vypocetni-nastroje-v-technologickem-centru\/#primaryimage"},"image":{"@id":"https:\/\/www.klinger-kempchen.de\/cs\/engineering-kontakty\/technicke-sluzby\/vypocetni-nastroje-v-technologickem-centru\/#primaryimage"},"thumbnailUrl":"https:\/\/www.klinger-kempchen.de\/wp-content\/uploads\/2023\/07\/Berechnungstools.jpg","datePublished":"2024-06-25T15:27:36+00:00","dateModified":"2024-06-25T15:27:37+00:00","description":"Jak\u00e1 by byla v\u00fdhoda n\u00e1stroje, kter\u00fd by dok\u00e1zal zkontrolovat t\u011bsnic\u00ed spoj pouze pomoc\u00ed konstruk\u010dn\u00edch parametr\u016f a pr\u016fm\u011bru t\u011bsn\u011bn\u00ed?","breadcrumb":{"@id":"https:\/\/www.klinger-kempchen.de\/cs\/engineering-kontakty\/technicke-sluzby\/vypocetni-nastroje-v-technologickem-centru\/#breadcrumb"},"inLanguage":"cs","potentialAction":[{"@type":"ReadAction","target":["https:\/\/www.klinger-kempchen.de\/cs\/engineering-kontakty\/technicke-sluzby\/vypocetni-nastroje-v-technologickem-centru\/"]}]},{"@type":"ImageObject","inLanguage":"cs","@id":"https:\/\/www.klinger-kempchen.de\/cs\/engineering-kontakty\/technicke-sluzby\/vypocetni-nastroje-v-technologickem-centru\/#primaryimage","url":"https:\/\/www.klinger-kempchen.de\/wp-content\/uploads\/2023\/07\/Berechnungstools.jpg","contentUrl":"https:\/\/www.klinger-kempchen.de\/wp-content\/uploads\/2023\/07\/Berechnungstools.jpg","width":1400,"height":350,"caption":"Berechnungstools"},{"@type":"BreadcrumbList","@id":"https:\/\/www.klinger-kempchen.de\/cs\/engineering-kontakty\/technicke-sluzby\/vypocetni-nastroje-v-technologickem-centru\/#breadcrumb","itemListElement":[{"@type":"ListItem","position":1,"name":"Home","item":"https:\/\/www.klinger-kempchen.de\/"},{"@type":"ListItem","position":2,"name":"Engineering","item":"https:\/\/www.klinger-kempchen.de\/cs\/engineering-kontakty\/"},{"@type":"ListItem","position":3,"name":"Technick\u00e9 slu\u017eby","item":"https:\/\/www.klinger-kempchen.de\/cs\/engineering-kontakty\/technicke-sluzby\/"},{"@type":"ListItem","position":4,"name":"V\u00fdpo\u010detn\u00ed n\u00e1stroje v technologick\u00e9m centru"}]},{"@type":"WebSite","@id":"https:\/\/www.klinger-kempchen.de\/#website","url":"https:\/\/www.klinger-kempchen.de\/","name":"KLINGER Kempchen","description":"KLINGER Kempchen","publisher":{"@id":"https:\/\/www.klinger-kempchen.de\/#organization"},"potentialAction":[{"@type":"SearchAction","target":{"@type":"EntryPoint","urlTemplate":"https:\/\/www.klinger-kempchen.de\/?s={search_term_string}"},"query-input":{"@type":"PropertyValueSpecification","valueRequired":true,"valueName":"search_term_string"}}],"inLanguage":"cs"},{"@type":"Organization","@id":"https:\/\/www.klinger-kempchen.de\/#organization","name":"KLINGER-Kempchen","url":"https:\/\/www.klinger-kempchen.de\/","logo":{"@type":"ImageObject","inLanguage":"cs","@id":"https:\/\/www.klinger-kempchen.de\/#\/schema\/logo\/image\/","url":"https:\/\/www.klinger-kempchen.de\/wp-content\/uploads\/2020\/06\/cropped-Klinger-Kempchen-Logo.png","contentUrl":"https:\/\/www.klinger-kempchen.de\/wp-content\/uploads\/2020\/06\/cropped-Klinger-Kempchen-Logo.png","width":512,"height":512,"caption":"KLINGER-Kempchen"},"image":{"@id":"https:\/\/www.klinger-kempchen.de\/#\/schema\/logo\/image\/"}}]}},"coauthors":[],"author_meta":{"author_link":"https:\/\/www.klinger-kempchen.de\/cs\/author\/administrador\/","display_name":"administrador"},"relative_dates":{"created":"Posted 2 roky ago","modified":"Updated 2 roky ago"},"absolute_dates":{"created":"Posted on 25 \u010dervna 2024","modified":"Updated on 25 \u010dervna 2024"},"absolute_dates_time":{"created":"Posted on 25 \u010dervna 2024 17:27","modified":"Updated on 25 \u010dervna 2024 17:27"},"featured_img_caption":"","featured_img":"https:\/\/www.klinger-kempchen.de\/wp-content\/uploads\/2023\/07\/Berechnungstools.jpg","series_order":"","_links":{"self":[{"href":"https:\/\/www.klinger-kempchen.de\/cs\/wp-json\/wp\/v2\/pages\/44765","targetHints":{"allow":["GET"]}}],"collection":[{"href":"https:\/\/www.klinger-kempchen.de\/cs\/wp-json\/wp\/v2\/pages"}],"about":[{"href":"https:\/\/www.klinger-kempchen.de\/cs\/wp-json\/wp\/v2\/types\/page"}],"author":[{"embeddable":true,"href":"https:\/\/www.klinger-kempchen.de\/cs\/wp-json\/wp\/v2\/users\/1"}],"replies":[{"embeddable":true,"href":"https:\/\/www.klinger-kempchen.de\/cs\/wp-json\/wp\/v2\/comments?post=44765"}],"version-history":[{"count":0,"href":"https:\/\/www.klinger-kempchen.de\/cs\/wp-json\/wp\/v2\/pages\/44765\/revisions"}],"up":[{"embeddable":true,"href":"https:\/\/www.klinger-kempchen.de\/cs\/wp-json\/wp\/v2\/pages\/18793"}],"wp:featuredmedia":[{"embeddable":true,"href":"https:\/\/www.klinger-kempchen.de\/cs\/wp-json\/wp\/v2\/media\/18588"}],"wp:attachment":[{"href":"https:\/\/www.klinger-kempchen.de\/cs\/wp-json\/wp\/v2\/media?parent=44765"}],"curies":[{"name":"wp","href":"https:\/\/api.w.org\/{rel}","templated":true}]}}