{"id":44786,"date":"2024-06-26T11:14:43","date_gmt":"2024-06-26T09:14:43","guid":{"rendered":"https:\/\/www.klinger-kempchen.de\/?page_id=44786"},"modified":"2024-06-26T11:14:44","modified_gmt":"2024-06-26T09:14:44","slug":"turnaround-engineering","status":"publish","type":"page","link":"https:\/\/www.klinger-kempchen.de\/cs\/engineering-kontakty\/technicke-sluzby\/turnaround-engineering\/","title":{"rendered":"Turnaround Engineering"},"content":{"rendered":"\n<h1 class=\"wp-block-heading\">TURNAROUND ENGINEERING<\/h1>\n\n\n\n<h2 class=\"wp-block-heading\">Pl\u00e1nov\u00e1n\u00ed potrub\u00ed a procesn\u00ed in\u017een\u00fdrstv\u00ed<\/h2>\n\n\n\n<p>Odst\u00e1vky za\u0159\u00edzen\u00ed jsou nezbytn\u00e9 pro \u010di\u0161t\u011bn\u00ed a \u00fadr\u017ebu za\u0159\u00edzen\u00ed, opravy a v\u00fdm\u011bnu potrub\u00ed, armatur a ovl\u00e1dac\u00edch za\u0159\u00edzen\u00ed. Na ka\u017ed\u00e9 odst\u00e1vce se pod\u00edl\u00ed velk\u00e9 mno\u017estv\u00ed specializovan\u00fdch profes\u00ed, \u0159emesln\u00edk\u016f, dodavatel\u016f, poskytovatel\u016f slu\u017eeb a odd\u011blen\u00ed, kter\u00e9 je t\u0159eba koordinovat. Kl\u00ed\u010dem k \u00fasp\u011b\u0161n\u00e9 odst\u00e1vce je co nejlep\u0161\u00ed pl\u00e1nov\u00e1n\u00ed v ran\u00e9 f\u00e1zi. Jsme v\u00e1m v\u0161ak kdykoli k dispozici i pro kr\u00e1tkodob\u00e9 odst\u00e1vky nebo pro podporu p\u0159i prob\u00edhaj\u00edc\u00edch odst\u00e1vk\u00e1ch a gener\u00e1ln\u00edch oprav\u00e1ch.<\/p>\n\n\n\n<div class=\"wp-block-kadence-spacer aligncenter kt-block-spacer-44786_45a831-e3\"><div class=\"kt-block-spacer kt-block-spacer-halign-center\"><hr class=\"kt-divider\"\/><\/div><\/div>\n\n\n\n<h2 class=\"wp-block-heading\">V t\u00e9to souvislosti v\u00e1m nab\u00edz\u00edme<\/h2>\n\n\n\n<h3 class=\"wp-block-heading has-background\" style=\"background-color:#e8f3fa\">Pl\u00e1nov\u00e1n\u00ed opravn\u00fdch opat\u0159en\u00ed:<\/h3>\n\n\n\n<ul style=\"background-color:#e8f3fa\" class=\"has-background wp-block-list advgb-dyn-b3794726\">\n<li>Opravy a nov\u00e1 v\u00fdstavba potrub\u00ed a p\u0159\u00edstroj\u016f.<\/li>\n\n\n\n<li>V\u00fdpo\u010det tlakov\u011b odoln\u00fdch sou\u010d\u00e1st\u00ed se sn\u00ed\u017eenou tlou\u0161\u0165kou st\u011bny.<\/li>\n\n\n\n<li>Statick\u00e9 anal\u00fdzy potrub\u00ed (ROHR 2) st\u00e1vaj\u00edc\u00edch potrub\u00ed nebo potrub\u00ed ur\u010den\u00fdch k oprav\u011b.<\/li>\n\n\n\n<li>P\u0159estavba t\u011bsnic\u00edch syst\u00e9m\u016f na v\u00fdm\u011bn\u00edc\u00edch tepla za \u00fa\u010delem zv\u00fd\u0161en\u00ed t\u011bsnosti.<\/li>\n\n\n\n<li>Pl\u00e1nov\u00e1n\u00ed strojn\u00edch prac\u00ed na stavb\u011b.<\/li>\n\n\n\n<li>V\u00fdb\u011br materi\u00e1l\u016f a sou\u010d\u00e1st\u00ed, seznamy d\u00edl\u016f a n\u00e1kupn\u00ed specifikace.<\/li>\n\n\n\n<li>Anal\u00fdza st\u00e1vaj\u00edc\u00edch p\u0159\u00edrubov\u00fdch spoj\u016f s po\u0161kozen\u00edm pomoc\u00ed KemShape nebo KemAnalysis.<\/li>\n\n\n\n<li>Vy\u0161et\u0159ov\u00e1n\u00ed po\u0161kozen\u00ed t\u011bsnic\u00edho povrchu.<\/li>\n\n\n\n<li>Posouzen\u00ed st\u00e1vaj\u00edc\u00edho po\u0161kozen\u00ed, zejm\u00e9na v p\u0159\u00edpad\u011b negativn\u00edho vlivu na t\u011bsnost.<\/li>\n\n\n\n<li>Vytv\u00e1\u0159en\u00ed n\u00e1vrh\u016f oprav.<\/li>\n\n\n\n<li>Optimalizace p\u0159\u00edrubov\u00fdch spoj\u016f (p\u0159\u00edruba-\u0161roub-t\u011bsn\u011bn\u00ed).<\/li>\n\n\n\n<li>V\u00fdpo\u010det a n\u00e1vrh st\u00e1vaj\u00edc\u00edch p\u0159\u00edrubov\u00fdch spoj\u016f p\u0159\u00edstroj\u016f a potrub\u00ed.<\/li>\n\n\n\n<li>N\u00e1vrh a specifikace t\u011bsn\u011bn\u00ed a t\u011bsnic\u00edch prvk\u016f.<\/li>\n\n\n\n<li>Mont\u00e1\u017en\u00ed n\u00e1vody a mont\u00e1\u017en\u00ed strategie.<\/li>\n\n\n\n<li>Stanoven\u00ed utahovac\u00edch moment\u016f pro mont\u00e1\u017e p\u0159\u00edrubov\u00fdch spoj\u016f.<\/li>\n\n\n\n<li>V\u00fdpo\u010dtov\u00fd d\u016fkaz t\u011bsnosti podle TA-Luft \/ VDI 2290 \/ IPPC.<\/li>\n<\/ul>\n\n\n\n<div class=\"wp-block-kadence-spacer aligncenter kt-block-spacer-44786_8c03fe-4f\"><div class=\"kt-block-spacer kt-block-spacer-halign-center\"><hr class=\"kt-divider\"\/><\/div><\/div>\n\n\n\n<h2 class=\"wp-block-heading\">Turnaround engineering (po\u017eadavky na v\u00fdm\u011bnu star\u00fdch syst\u00e9m\u016f)<\/h2>\n\n\n\n<p>Pro projekty, jako je nap\u0159\u00edklad obnova nebo \u00fadr\u017eba, jako jsou programy pro slab\u00e1 m\u00edsta, je zapot\u0159eb\u00ed \u0161irok\u00e1 \u0161k\u00e1la materi\u00e1l\u016f, d\u00edl\u016f a komponent\u016f. N\u011bkdy je velmi obt\u00ed\u017en\u00e9 naj\u00edt spr\u00e1vn\u00fd n\u00e1hradn\u00ed d\u00edl pro st\u00e1vaj\u00edc\u00ed potrubn\u00ed syst\u00e9m. Po\u0159\u00edzen\u00ed nen\u00ed mo\u017en\u00e9 bez p\u0159esn\u00e9 specifikace. V\u00fdsledkem jsou \u010dasto nespr\u00e1vn\u00e9 dod\u00e1vky komponent\u016f nebo diskuse s dodavateli a odborn\u00edky. Zablokov\u00e1n\u00ed dodan\u00fdch d\u00edl\u016f a sou\u010d\u00e1st\u00ed z d\u016fvodu nedodr\u017een\u00ed p\u0159edpis\u016f nebo nespr\u00e1vn\u00fdch materi\u00e1l\u016f \u010dasto vede ke zpo\u017ed\u011bn\u00ed instalace. S p\u0159ihl\u00e9dnut\u00edm k va\u0161im specifick\u00fdm m\u00edstn\u00edm, n\u00e1rodn\u00edm a mezin\u00e1rodn\u00edm p\u0159edpis\u016fm v\u00e1m nab\u00edz\u00edme vytvo\u0159en\u00ed specifikace komponent od \u0161roubu a\u017e po za\u0159\u00edzen\u00ed.<\/p>\n\n\n\n<div class=\"wp-block-kadence-spacer aligncenter kt-block-spacer-44786_e8c73b-3b\"><div class=\"kt-block-spacer kt-block-spacer-halign-center\"><hr class=\"kt-divider\"\/><\/div><\/div>\n\n\n\n<h3 class=\"wp-block-heading has-background\" style=\"background-color:#e8f3fa\">P\u0159ehled specifikac\u00ed komponent:<\/h3>\n\n\n\n<ul style=\"background-color:#e8f3fa\" class=\"has-background wp-block-list advgb-dyn-3c66af09\">\n<li>V\u00fdb\u011br materi\u00e1lu v\u010detn\u011b p\u0159\u00edpravy jednotliv\u00fdch odborn\u00fdch zpr\u00e1v a p\u0159ezkoum\u00e1n\u00ed spolupracuj\u00edc\u00edm ozn\u00e1men\u00fdm subjektem.<\/li>\n\n\n\n<li>P\u0159\u00edprava p\u0159edb\u011b\u017en\u00fdch rozm\u011br\u016f, n\u00e1\u010drt\u016f nebo v\u00fdkres\u016f.<\/li>\n\n\n\n<li>Ur\u010den\u00ed vhodn\u00fdch typ\u016f armatur, v\u010detn\u011b ot\u00e1zek t\u00fdkaj\u00edc\u00edch se p\u0159edpis\u016f a materi\u00e1l\u016f.<\/li>\n\n\n\n<li>P\u0159\u00edprava specifikac\u00ed speci\u00e1ln\u00edch d\u00edl\u016f v\u010detn\u011b v\u00fdkres\u016f a v\u00fdpo\u010dt\u016f.<\/li>\n\n\n\n<li>Prov\u00e1d\u011bn\u00ed studi\u00ed o dostupnosti specifikovan\u00fdch sou\u010d\u00e1st\u00ed.<\/li>\n\n\n\n<li>Normalizace a harmonizace.<\/li>\n\n\n\n<li>Shrnut\u00ed r\u016fzn\u00fdch norem specifick\u00fdch pro z\u00e1kazn\u00edka do souboru pravidel.<\/li>\n\n\n\n<li>P\u0159izp\u016fsoben\u00ed st\u00e1vaj\u00edc\u00edch specifikac\u00ed materi\u00e1l\u016f aktu\u00e1ln\u00edm p\u0159edpis\u016fm.<\/li>\n\n\n\n<li>Identifikace mo\u017en\u00fdch materi\u00e1lov\u00fdch alternativ z hlediska n\u00e1klad\u016f a p\u0159\u00ednos\u016f.<\/li>\n\n\n\n<li>Specifikace pro ventily, potrub\u00ed, armatury, dr\u017e\u00e1ky a lo\u017eiska a zejm\u00e9na pro p\u0159\u00edrubov\u00e1 \u0161rouben\u00ed.<\/li>\n<\/ul>\n<style class=\"advgb-styles-renderer\">.wp-block-kadence-spacer.kt-block-spacer-44786_45a831-e3 .kt-block-spacer{height:60px;}.wp-block-kadence-spacer.kt-block-spacer-44786_45a831-e3 .kt-divider{border-top-width:1px;height:1px;border-top-color:#eee;width:80%;border-top-style:solid;}.wp-block-kadence-spacer.kt-block-spacer-44786_8c03fe-4f .kt-block-spacer{height:60px;}.wp-block-kadence-spacer.kt-block-spacer-44786_8c03fe-4f .kt-divider{border-top-width:1px;height:1px;border-top-color:#eee;width:80%;border-top-style:solid;}.wp-block-kadence-spacer.kt-block-spacer-44786_e8c73b-3b .kt-block-spacer{height:60px;}.wp-block-kadence-spacer.kt-block-spacer-44786_e8c73b-3b .kt-divider{border-top-width:1px;height:1px;border-top-color:#eee;width:80%;border-top-style:solid;}<\/style>","protected":false},"excerpt":{"rendered":"<p>TURNAROUND ENGINEERING Pl\u00e1nov\u00e1n\u00ed potrub\u00ed a procesn\u00ed in\u017een\u00fdrstv\u00ed Odst\u00e1vky za\u0159\u00edzen\u00ed jsou nezbytn\u00e9 pro \u010di\u0161t\u011bn\u00ed a \u00fadr\u017ebu za\u0159\u00edzen\u00ed, opravy a v\u00fdm\u011bnu potrub\u00ed, armatur a ovl\u00e1dac\u00edch za\u0159\u00edzen\u00ed. Na ka\u017ed\u00e9 odst\u00e1vce se pod\u00edl\u00ed velk\u00e9 mno\u017estv\u00ed specializovan\u00fdch profes\u00ed, \u0159emesln\u00edk\u016f, dodavatel\u016f, poskytovatel\u016f slu\u017eeb a odd\u011blen\u00ed, kter\u00e9 je t\u0159eba koordinovat. Kl\u00ed\u010dem k \u00fasp\u011b\u0161n\u00e9 odst\u00e1vce je co nejlep\u0161\u00ed pl\u00e1nov\u00e1n\u00ed v ran\u00e9 f\u00e1zi. Jsme [&hellip;]<\/p>\n","protected":false},"author":1,"featured_media":18380,"parent":18793,"menu_order":8,"comment_status":"closed","ping_status":"closed","template":"page-templates\/somos.php","meta":{"advgb_blocks_editor_width":"","advgb_blocks_columns_visual_guide":"","iawp_total_views":10,"footnotes":""},"class_list":["post-44786","page","type-page","status-publish","has-post-thumbnail","hentry"],"yoast_head":"<!-- This site is optimized with the Yoast SEO plugin v27.3 - https:\/\/yoast.com\/product\/yoast-seo-wordpress\/ -->\n<title>Turnaround Engineering - KLINGER Kempchen<\/title>\n<meta name=\"description\" content=\"Odst\u00e1vky za\u0159\u00edzen\u00ed jsou nezbytn\u00e9 pro \u010di\u0161t\u011bn\u00ed a \u00fadr\u017ebu za\u0159\u00edzen\u00ed, opravy a v\u00fdm\u011bnu potrub\u00ed, armatur a ovl\u00e1dac\u00edch za\u0159\u00edzen\u00ed.\" \/>\n<meta name=\"robots\" content=\"index, follow, max-snippet:-1, max-image-preview:large, max-video-preview:-1\" \/>\n<link rel=\"canonical\" href=\"https:\/\/www.klinger-kempchen.de\/cs\/engineering-kontakty\/technicke-sluzby\/turnaround-engineering\/\" \/>\n<meta property=\"og:locale\" content=\"cs_CZ\" \/>\n<meta property=\"og:type\" content=\"article\" \/>\n<meta property=\"og:title\" content=\"Turnaround Engineering - KLINGER Kempchen\" \/>\n<meta property=\"og:description\" content=\"Odst\u00e1vky za\u0159\u00edzen\u00ed jsou nezbytn\u00e9 pro \u010di\u0161t\u011bn\u00ed a \u00fadr\u017ebu za\u0159\u00edzen\u00ed, opravy a v\u00fdm\u011bnu potrub\u00ed, armatur a ovl\u00e1dac\u00edch za\u0159\u00edzen\u00ed.\" \/>\n<meta property=\"og:url\" content=\"https:\/\/www.klinger-kempchen.de\/cs\/engineering-kontakty\/technicke-sluzby\/turnaround-engineering\/\" \/>\n<meta property=\"og:site_name\" content=\"KLINGER Kempchen\" \/>\n<meta property=\"article:modified_time\" content=\"2024-06-26T09:14:44+00:00\" \/>\n<meta property=\"og:image\" content=\"https:\/\/www.klinger-kempchen.de\/wp-content\/uploads\/2023\/05\/Rohrstatische_Analysen.jpg\" \/>\n\t<meta property=\"og:image:width\" content=\"1400\" \/>\n\t<meta property=\"og:image:height\" content=\"350\" \/>\n\t<meta property=\"og:image:type\" content=\"image\/jpeg\" \/>\n<meta name=\"twitter:label1\" content=\"Odhadovan\u00e1 doba \u010dten\u00ed\" \/>\n\t<meta name=\"twitter:data1\" content=\"3 minuty\" \/>\n<!-- \/ Yoast SEO plugin. -->","yoast_head_json":{"title":"Turnaround Engineering - KLINGER Kempchen","description":"Odst\u00e1vky za\u0159\u00edzen\u00ed jsou nezbytn\u00e9 pro \u010di\u0161t\u011bn\u00ed a \u00fadr\u017ebu za\u0159\u00edzen\u00ed, opravy a v\u00fdm\u011bnu potrub\u00ed, armatur a ovl\u00e1dac\u00edch za\u0159\u00edzen\u00ed.","robots":{"index":"index","follow":"follow","max-snippet":"max-snippet:-1","max-image-preview":"max-image-preview:large","max-video-preview":"max-video-preview:-1"},"canonical":"https:\/\/www.klinger-kempchen.de\/cs\/engineering-kontakty\/technicke-sluzby\/turnaround-engineering\/","og_locale":"cs_CZ","og_type":"article","og_title":"Turnaround Engineering - KLINGER Kempchen","og_description":"Odst\u00e1vky za\u0159\u00edzen\u00ed jsou nezbytn\u00e9 pro \u010di\u0161t\u011bn\u00ed a \u00fadr\u017ebu za\u0159\u00edzen\u00ed, opravy a v\u00fdm\u011bnu potrub\u00ed, armatur a ovl\u00e1dac\u00edch za\u0159\u00edzen\u00ed.","og_url":"https:\/\/www.klinger-kempchen.de\/cs\/engineering-kontakty\/technicke-sluzby\/turnaround-engineering\/","og_site_name":"KLINGER Kempchen","article_modified_time":"2024-06-26T09:14:44+00:00","og_image":[{"width":1400,"height":350,"url":"https:\/\/www.klinger-kempchen.de\/wp-content\/uploads\/2023\/05\/Rohrstatische_Analysen.jpg","type":"image\/jpeg"}],"twitter_misc":{"Odhadovan\u00e1 doba \u010dten\u00ed":"3 minuty"},"schema":{"@context":"https:\/\/schema.org","@graph":[{"@type":"WebPage","@id":"https:\/\/www.klinger-kempchen.de\/cs\/engineering-kontakty\/technicke-sluzby\/turnaround-engineering\/","url":"https:\/\/www.klinger-kempchen.de\/cs\/engineering-kontakty\/technicke-sluzby\/turnaround-engineering\/","name":"Turnaround Engineering - KLINGER Kempchen","isPartOf":{"@id":"https:\/\/www.klinger-kempchen.de\/#website"},"primaryImageOfPage":{"@id":"https:\/\/www.klinger-kempchen.de\/cs\/engineering-kontakty\/technicke-sluzby\/turnaround-engineering\/#primaryimage"},"image":{"@id":"https:\/\/www.klinger-kempchen.de\/cs\/engineering-kontakty\/technicke-sluzby\/turnaround-engineering\/#primaryimage"},"thumbnailUrl":"https:\/\/www.klinger-kempchen.de\/wp-content\/uploads\/2023\/05\/Rohrstatische_Analysen.jpg","datePublished":"2024-06-26T09:14:43+00:00","dateModified":"2024-06-26T09:14:44+00:00","description":"Odst\u00e1vky za\u0159\u00edzen\u00ed jsou nezbytn\u00e9 pro \u010di\u0161t\u011bn\u00ed a \u00fadr\u017ebu za\u0159\u00edzen\u00ed, opravy a v\u00fdm\u011bnu potrub\u00ed, armatur a ovl\u00e1dac\u00edch za\u0159\u00edzen\u00ed.","breadcrumb":{"@id":"https:\/\/www.klinger-kempchen.de\/cs\/engineering-kontakty\/technicke-sluzby\/turnaround-engineering\/#breadcrumb"},"inLanguage":"cs","potentialAction":[{"@type":"ReadAction","target":["https:\/\/www.klinger-kempchen.de\/cs\/engineering-kontakty\/technicke-sluzby\/turnaround-engineering\/"]}]},{"@type":"ImageObject","inLanguage":"cs","@id":"https:\/\/www.klinger-kempchen.de\/cs\/engineering-kontakty\/technicke-sluzby\/turnaround-engineering\/#primaryimage","url":"https:\/\/www.klinger-kempchen.de\/wp-content\/uploads\/2023\/05\/Rohrstatische_Analysen.jpg","contentUrl":"https:\/\/www.klinger-kempchen.de\/wp-content\/uploads\/2023\/05\/Rohrstatische_Analysen.jpg","width":1400,"height":350},{"@type":"BreadcrumbList","@id":"https:\/\/www.klinger-kempchen.de\/cs\/engineering-kontakty\/technicke-sluzby\/turnaround-engineering\/#breadcrumb","itemListElement":[{"@type":"ListItem","position":1,"name":"Home","item":"https:\/\/www.klinger-kempchen.de\/"},{"@type":"ListItem","position":2,"name":"Engineering","item":"https:\/\/www.klinger-kempchen.de\/cs\/engineering-kontakty\/"},{"@type":"ListItem","position":3,"name":"Technick\u00e9 slu\u017eby","item":"https:\/\/www.klinger-kempchen.de\/cs\/engineering-kontakty\/technicke-sluzby\/"},{"@type":"ListItem","position":4,"name":"Turnaround Engineering"}]},{"@type":"WebSite","@id":"https:\/\/www.klinger-kempchen.de\/#website","url":"https:\/\/www.klinger-kempchen.de\/","name":"KLINGER Kempchen","description":"KLINGER Kempchen","publisher":{"@id":"https:\/\/www.klinger-kempchen.de\/#organization"},"potentialAction":[{"@type":"SearchAction","target":{"@type":"EntryPoint","urlTemplate":"https:\/\/www.klinger-kempchen.de\/?s={search_term_string}"},"query-input":{"@type":"PropertyValueSpecification","valueRequired":true,"valueName":"search_term_string"}}],"inLanguage":"cs"},{"@type":"Organization","@id":"https:\/\/www.klinger-kempchen.de\/#organization","name":"KLINGER-Kempchen","url":"https:\/\/www.klinger-kempchen.de\/","logo":{"@type":"ImageObject","inLanguage":"cs","@id":"https:\/\/www.klinger-kempchen.de\/#\/schema\/logo\/image\/","url":"https:\/\/www.klinger-kempchen.de\/wp-content\/uploads\/2020\/06\/cropped-Klinger-Kempchen-Logo.png","contentUrl":"https:\/\/www.klinger-kempchen.de\/wp-content\/uploads\/2020\/06\/cropped-Klinger-Kempchen-Logo.png","width":512,"height":512,"caption":"KLINGER-Kempchen"},"image":{"@id":"https:\/\/www.klinger-kempchen.de\/#\/schema\/logo\/image\/"}}]}},"coauthors":[],"author_meta":{"author_link":"https:\/\/www.klinger-kempchen.de\/cs\/author\/administrador\/","display_name":"administrador"},"relative_dates":{"created":"Posted 2 roky ago","modified":"Updated 2 roky ago"},"absolute_dates":{"created":"Posted on 26 \u010dervna 2024","modified":"Updated on 26 \u010dervna 2024"},"absolute_dates_time":{"created":"Posted on 26 \u010dervna 2024 11:14","modified":"Updated on 26 \u010dervna 2024 11:14"},"featured_img_caption":"","featured_img":"https:\/\/www.klinger-kempchen.de\/wp-content\/uploads\/2023\/05\/Rohrstatische_Analysen.jpg","series_order":"","_links":{"self":[{"href":"https:\/\/www.klinger-kempchen.de\/cs\/wp-json\/wp\/v2\/pages\/44786","targetHints":{"allow":["GET"]}}],"collection":[{"href":"https:\/\/www.klinger-kempchen.de\/cs\/wp-json\/wp\/v2\/pages"}],"about":[{"href":"https:\/\/www.klinger-kempchen.de\/cs\/wp-json\/wp\/v2\/types\/page"}],"author":[{"embeddable":true,"href":"https:\/\/www.klinger-kempchen.de\/cs\/wp-json\/wp\/v2\/users\/1"}],"replies":[{"embeddable":true,"href":"https:\/\/www.klinger-kempchen.de\/cs\/wp-json\/wp\/v2\/comments?post=44786"}],"version-history":[{"count":0,"href":"https:\/\/www.klinger-kempchen.de\/cs\/wp-json\/wp\/v2\/pages\/44786\/revisions"}],"up":[{"embeddable":true,"href":"https:\/\/www.klinger-kempchen.de\/cs\/wp-json\/wp\/v2\/pages\/18793"}],"wp:featuredmedia":[{"embeddable":true,"href":"https:\/\/www.klinger-kempchen.de\/cs\/wp-json\/wp\/v2\/media\/18380"}],"wp:attachment":[{"href":"https:\/\/www.klinger-kempchen.de\/cs\/wp-json\/wp\/v2\/media?parent=44786"}],"curies":[{"name":"wp","href":"https:\/\/api.w.org\/{rel}","templated":true}]}}