{"id":44790,"date":"2024-06-26T11:25:30","date_gmt":"2024-06-26T09:25:30","guid":{"rendered":"https:\/\/www.klinger-kempchen.de\/?page_id=44790"},"modified":"2024-06-26T11:26:26","modified_gmt":"2024-06-26T09:26:26","slug":"koncepty-spolehlivosti","status":"publish","type":"page","link":"https:\/\/www.klinger-kempchen.de\/cs\/engineering-kontakty\/technicke-sluzby\/koncepty-spolehlivosti\/","title":{"rendered":"Koncepty spolehlivosti"},"content":{"rendered":"\n<h1 class=\"wp-block-heading\">KONCEPTY SPOLEHLIVOSTI PRO<br>ST\u00c1VAJ\u00cdC\u00cd ZA\u0158\u00cdZEN\u00cd, NOV\u00c9 KONSTRUKCE A OPTIMALIZACE TLAKOV\u00ddCH ZA\u0158\u00cdZEN\u00cd.<\/h1>\n\n\n\n<h2 class=\"wp-block-heading\">T\u011bsnost v\u00fdm\u011bn\u00edk\u016f tepla<\/h2>\n\n\n\n<p>Vedle \u010derpadel a potrub\u00ed jsou v mnoha podnic\u00edch srdcem procesn\u00edch syst\u00e9m\u016f v\u00fdm\u011bn\u00edky tepla a chladi\u010de vzduchu. Net\u011bsn\u00e9 nebo ne\u00fa\u010dinn\u00e9 v\u00fdm\u011bn\u00edky tepla mohou rychle ohrozit bezpe\u010dn\u00fd a hospod\u00e1rn\u00fd provoz. N\u00e1klady na \u00fadr\u017ebu, opravy nebo ut\u011bsn\u011bn\u00ed net\u011bsnost\u00ed rychle nar\u016fstaj\u00ed; ztr\u00e1ty v mar\u017e\u00edch z nepl\u00e1novan\u00fdch odst\u00e1vek vedou ke \u0161patn\u00fdm v\u00fdsledk\u016fm. Z\u00e1rove\u0148 v p\u0159\u00edpad\u011b ne\u017e\u00e1douc\u00edch emis\u00ed vede zv\u00fd\u0161en\u00e1 citlivost m\u00edstn\u00edch obyvatel \u010dasto ke st\u00ed\u017enostem na \u00fa\u0159adech nebo v podnic\u00edch.<\/p>\n\n\n\n<div class=\"wp-block-kadence-spacer aligncenter kt-block-spacer-44790_c79ea7-4c\"><div class=\"kt-block-spacer kt-block-spacer-halign-center\"><hr class=\"kt-divider\"\/><\/div><\/div>\n\n\n\n<h2 class=\"wp-block-heading\">V t\u00e9to souvislosti v\u00e1m nab\u00edz\u00edme<\/h2>\n\n\n\n<h3 class=\"wp-block-heading has-background\" style=\"background-color:#e8f3fa\"><strong>Pro t\u011bsnost v\u00fdm\u011bn\u00edk\u016f tepla:<\/strong><\/h3>\n\n\n\n<ul style=\"background-color:#e8f3fa\" class=\"has-background wp-block-list advgb-dyn-03bc3fbe\">\n<li>V\u00fdpo\u010det jednotliv\u00fdch p\u0159\u00edrubov\u00fdch spoj\u016f p\u0159\u00edstroje a\u017e po systematick\u00fd v\u00fdpo\u010det cel\u00e9ho p\u0159\u00edstroje.<\/li>\n\n\n\n<li>Zpracov\u00e1n\u00ed v\u00fdpo\u010dtov\u00fdch projekt\u016f pro st\u00e1vaj\u00edc\u00ed skupiny p\u0159\u00edstroj\u016f nebo oblasti za\u0159\u00edzen\u00ed.<\/li>\n\n\n\n<li>Systematick\u00e9 vy\u0161et\u0159ov\u00e1n\u00ed probl\u00e9m\u016f s net\u011bsnostmi.\n<ul class=\"wp-block-list\">\n<li>Optimalizace st\u00e1vaj\u00edc\u00edch p\u0159\u00edrubov\u00fdch spoj\u016f p\u0159\u00edstroj\u016f:<\/li>\n\n\n\n<li>Vytv\u00e1\u0159en\u00ed koncepc\u00ed t\u011bsnosti pro va\u0161e p\u0159\u00edstroje.<\/li>\n\n\n\n<li>Vytvo\u0159en\u00ed specifikac\u00ed \u0161roub\u016f, t\u011bsn\u011bn\u00ed a dal\u0161\u00edch p\u0159\u00edslu\u0161n\u00fdch komponent pro budouc\u00ed n\u00e1kup n\u00e1hradn\u00edch d\u00edl\u016f.<\/li>\n\n\n\n<li>Utahovac\u00ed momenty \/ s\u00edly \u0161roub\u016f pro mont\u00e1\u017en\u00ed pr\u00e1ce.<\/li>\n\n\n\n<li>Mont\u00e1\u017en\u00ed koncepty a mont\u00e1\u017en\u00ed strategie pro va\u0161i \u00fadr\u017ebu.<\/li>\n\n\n\n<li>Optimalizace typ\u016f \u0161roub\u016f a pou\u017eit\u00fdch materi\u00e1l\u016f a typ\u016f t\u011bsn\u011bn\u00ed z hlediska n\u00e1klad\u016f a p\u0159\u00ednos\u016f.<\/li>\n\n\n\n<li>Poradenstv\u00ed \/ podpora pro efektivn\u00ed vyu\u017eit\u00ed pneumatick\u00e9ho a hydraulick\u00e9ho utahovac\u00edho n\u00e1\u0159ad\u00ed.<\/li>\n\n\n\n<li>Podpora p\u0159i mont\u00e1\u017ei a zaji\u0161t\u011bn\u00ed kvality b\u011bhem mont\u00e1\u017en\u00edch prac\u00ed, aby bylo zaji\u0161t\u011bno, \u017ee na t\u011bsn\u011bn\u00ed p\u016fsob\u00ed i vypo\u010dten\u00e9 s\u00edly.<\/li>\n\n\n\n<li>V\u00fdpo\u010dtov\u00e1 a instala\u010dn\u00ed dokumentace, v\u010detn\u011b testov\u00e1n\u00ed na\u0161\u00edm spolupracuj\u00edc\u00edm notifikovan\u00fdm org\u00e1nem na vy\u017e\u00e1d\u00e1n\u00ed.<\/li>\n\n\n\n<li>Testovateln\u00e9 podklady pro va\u0161eho odborn\u00edka pro testov\u00e1n\u00ed p\u0159ed uveden\u00edm do provozu podle \u00a7 15 BetrSichV (n\u011bmeck\u00e9 na\u0159\u00edzen\u00ed).<\/li>\n\n\n\n<li>V\u00fdpo\u010dtov\u00fd d\u016fkaz t\u011bsnosti podle VDI 2290.<\/li>\n<\/ul>\n<\/li>\n<\/ul>\n\n\n\n<div class=\"wp-block-kadence-spacer aligncenter kt-block-spacer-44790_c74f09-1a\"><div class=\"kt-block-spacer kt-block-spacer-halign-center\"><hr class=\"kt-divider\"\/><\/div><\/div>\n\n\n\n<h2 class=\"wp-block-heading\"><strong>Krom\u011b toho:<\/strong><\/h2>\n\n\n\n<ul class=\"wp-block-list\">\n<li>Statick\u00e9 anal\u00fdzy p\u0159ipojen\u00fdch potrubn\u00edch syst\u00e9m\u016f pomoc\u00ed ROHR 2.<\/li>\n\n\n\n<li>Stanoven\u00ed skute\u010dn\u00fdch p\u0159\u00eddavn\u00fdch zat\u00ed\u017een\u00ed (sil a moment\u016f) na p\u0159\u00edrubov\u00e9 spoje, p\u0159\u00edpadn\u011b s anal\u00fdzou nap\u011bt\u00ed pro uva\u017eovan\u00fd potrubn\u00ed syst\u00e9m.<\/li>\n\n\n\n<li>Z\u00e1znamy potrub\u00ed na m\u00edst\u011b, kde nen\u00ed jasn\u00e1 dokumentace.<\/li>\n<\/ul>\n\n\n\n<div class=\"wp-block-kadence-spacer aligncenter kt-block-spacer-44790_fecb60-45\"><div class=\"kt-block-spacer kt-block-spacer-halign-center\"><hr class=\"kt-divider\"\/><\/div><\/div>\n\n\n\n<h3 class=\"wp-block-heading h2 has-background\" style=\"background-color:#e8f3fa\"><strong>Pro novou konstrukci v\u00fdm\u011bn\u00edk\u016f tepla:<\/strong><\/h3>\n\n\n\n<ul style=\"background-color:#e8f3fa\" class=\"has-background wp-block-list advgb-dyn-03bc3fbe\">\n<li>Statick\u00e9 anal\u00fdzy p\u0159ipojen\u00fdch potrubn\u00edch syst\u00e9m\u016f pomoc\u00ed ROHR 2.<\/li>\n\n\n\n<li>Stanoven\u00ed skute\u010dn\u00fdch p\u0159\u00eddavn\u00fdch zat\u00ed\u017een\u00ed (sil a moment\u016f) na p\u0159\u00edrubov\u00e9 spoje, p\u0159\u00edpadn\u011b s anal\u00fdzou nap\u011bt\u00ed pro uva\u017eovan\u00fd potrubn\u00ed syst\u00e9m.<\/li>\n\n\n\n<li>Z\u00e1znamy potrub\u00ed na m\u00edst\u011b, kde nen\u00ed jasn\u00e1 dokumentace.<\/li>\n<\/ul>\n\n\n\n<div class=\"wp-block-kadence-spacer aligncenter kt-block-spacer-44790_9b6d97-65\"><div class=\"kt-block-spacer kt-block-spacer-halign-center\"><hr class=\"kt-divider\"\/><\/div><\/div>\n\n\n\n<h3 class=\"wp-block-heading h2\"><strong>Pro optimalizaci \u00fa\u010dinnosti v\u00fdm\u011bn\u00edk\u016f tepla:<\/strong><\/h3>\n\n\n\n<ul class=\"wp-block-list\">\n<li>Anal\u00fdza st\u00e1vaj\u00edc\u00edch mezer mezi odd\u011blovac\u00edmi a p\u0159ep\u00e1\u017ekov\u00fdmi deskami ve v\u00fdm\u011bn\u00edc\u00edch tepla.<\/li>\n\n\n\n<li>N\u00e1vrh t\u011bsn\u011bn\u00ed odd\u011blovac\u00edch a p\u0159ep\u00e1\u017ekov\u00fdch desek pro svazky trubek za \u00fa\u010delem zv\u00fd\u0161en\u00ed \u00fa\u010dinnosti.<\/li>\n<\/ul>\n<style class=\"advgb-styles-renderer\">.wp-block-kadence-spacer.kt-block-spacer-44790_c79ea7-4c .kt-block-spacer{height:60px;}.wp-block-kadence-spacer.kt-block-spacer-44790_c79ea7-4c .kt-divider{border-top-width:1px;height:1px;border-top-color:#eee;width:80%;border-top-style:solid;}.wp-block-kadence-spacer.kt-block-spacer-44790_c74f09-1a .kt-block-spacer{height:60px;}.wp-block-kadence-spacer.kt-block-spacer-44790_c74f09-1a .kt-divider{border-top-width:1px;height:1px;border-top-color:#eee;width:80%;border-top-style:solid;}.wp-block-kadence-spacer.kt-block-spacer-44790_fecb60-45 .kt-block-spacer{height:60px;}.wp-block-kadence-spacer.kt-block-spacer-44790_fecb60-45 .kt-divider{border-top-width:1px;height:1px;border-top-color:#eee;width:80%;border-top-style:solid;}.wp-block-kadence-spacer.kt-block-spacer-44790_9b6d97-65 .kt-block-spacer{height:60px;}.wp-block-kadence-spacer.kt-block-spacer-44790_9b6d97-65 .kt-divider{border-top-width:1px;height:1px;border-top-color:#eee;width:80%;border-top-style:solid;}<\/style>","protected":false},"excerpt":{"rendered":"<p>KONCEPTY SPOLEHLIVOSTI PROST\u00c1VAJ\u00cdC\u00cd ZA\u0158\u00cdZEN\u00cd, NOV\u00c9 KONSTRUKCE A OPTIMALIZACE TLAKOV\u00ddCH ZA\u0158\u00cdZEN\u00cd. T\u011bsnost v\u00fdm\u011bn\u00edk\u016f tepla Vedle \u010derpadel a potrub\u00ed jsou v mnoha podnic\u00edch srdcem procesn\u00edch syst\u00e9m\u016f v\u00fdm\u011bn\u00edky tepla a chladi\u010de vzduchu. Net\u011bsn\u00e9 nebo ne\u00fa\u010dinn\u00e9 v\u00fdm\u011bn\u00edky tepla mohou rychle ohrozit bezpe\u010dn\u00fd a hospod\u00e1rn\u00fd provoz. N\u00e1klady na \u00fadr\u017ebu, opravy nebo ut\u011bsn\u011bn\u00ed net\u011bsnost\u00ed rychle nar\u016fstaj\u00ed; ztr\u00e1ty v mar\u017e\u00edch z nepl\u00e1novan\u00fdch [&hellip;]<\/p>\n","protected":false},"author":1,"featured_media":18384,"parent":18793,"menu_order":10,"comment_status":"closed","ping_status":"closed","template":"page-templates\/somos.php","meta":{"advgb_blocks_editor_width":"","advgb_blocks_columns_visual_guide":"","iawp_total_views":13,"footnotes":""},"class_list":["post-44790","page","type-page","status-publish","has-post-thumbnail","hentry"],"yoast_head":"<!-- This site is optimized with the Yoast SEO plugin v26.9 - https:\/\/yoast.com\/product\/yoast-seo-wordpress\/ -->\n<title>Koncepty spolehlivosti - KLINGER Kempchen<\/title>\n<meta name=\"description\" content=\"Vedle \u010derpadel a potrub\u00ed jsou v mnoha podnic\u00edch srdcem procesn\u00edch syst\u00e9m\u016f v\u00fdm\u011bn\u00edky tepla a chladi\u010de vzduchu.\" \/>\n<meta name=\"robots\" content=\"index, follow, max-snippet:-1, max-image-preview:large, max-video-preview:-1\" \/>\n<link rel=\"canonical\" href=\"https:\/\/www.klinger-kempchen.de\/cs\/engineering-kontakty\/technicke-sluzby\/koncepty-spolehlivosti\/\" \/>\n<meta property=\"og:locale\" content=\"cs_CZ\" \/>\n<meta property=\"og:type\" content=\"article\" \/>\n<meta property=\"og:title\" content=\"Koncepty spolehlivosti - KLINGER Kempchen\" \/>\n<meta property=\"og:description\" content=\"Vedle \u010derpadel a potrub\u00ed jsou v mnoha podnic\u00edch srdcem procesn\u00edch syst\u00e9m\u016f v\u00fdm\u011bn\u00edky tepla a chladi\u010de vzduchu.\" \/>\n<meta property=\"og:url\" content=\"https:\/\/www.klinger-kempchen.de\/cs\/engineering-kontakty\/technicke-sluzby\/koncepty-spolehlivosti\/\" \/>\n<meta property=\"og:site_name\" content=\"KLINGER Kempchen\" \/>\n<meta property=\"article:modified_time\" content=\"2024-06-26T09:26:26+00:00\" \/>\n<meta property=\"og:image\" content=\"https:\/\/www.klinger-kempchen.de\/wp-content\/uploads\/2023\/05\/reabilitaet.jpg\" \/>\n\t<meta property=\"og:image:width\" content=\"1400\" \/>\n\t<meta property=\"og:image:height\" content=\"350\" \/>\n\t<meta property=\"og:image:type\" content=\"image\/jpeg\" \/>\n<meta name=\"twitter:label1\" content=\"Odhadovan\u00e1 doba \u010dten\u00ed\" \/>\n\t<meta name=\"twitter:data1\" content=\"3 minuty\" \/>\n<!-- \/ Yoast SEO plugin. -->","yoast_head_json":{"title":"Koncepty spolehlivosti - KLINGER Kempchen","description":"Vedle \u010derpadel a potrub\u00ed jsou v mnoha podnic\u00edch srdcem procesn\u00edch syst\u00e9m\u016f v\u00fdm\u011bn\u00edky tepla a chladi\u010de vzduchu.","robots":{"index":"index","follow":"follow","max-snippet":"max-snippet:-1","max-image-preview":"max-image-preview:large","max-video-preview":"max-video-preview:-1"},"canonical":"https:\/\/www.klinger-kempchen.de\/cs\/engineering-kontakty\/technicke-sluzby\/koncepty-spolehlivosti\/","og_locale":"cs_CZ","og_type":"article","og_title":"Koncepty spolehlivosti - KLINGER Kempchen","og_description":"Vedle \u010derpadel a potrub\u00ed jsou v mnoha podnic\u00edch srdcem procesn\u00edch syst\u00e9m\u016f v\u00fdm\u011bn\u00edky tepla a chladi\u010de vzduchu.","og_url":"https:\/\/www.klinger-kempchen.de\/cs\/engineering-kontakty\/technicke-sluzby\/koncepty-spolehlivosti\/","og_site_name":"KLINGER Kempchen","article_modified_time":"2024-06-26T09:26:26+00:00","og_image":[{"width":1400,"height":350,"url":"https:\/\/www.klinger-kempchen.de\/wp-content\/uploads\/2023\/05\/reabilitaet.jpg","type":"image\/jpeg"}],"twitter_misc":{"Odhadovan\u00e1 doba \u010dten\u00ed":"3 minuty"},"schema":{"@context":"https:\/\/schema.org","@graph":[{"@type":"WebPage","@id":"https:\/\/www.klinger-kempchen.de\/cs\/engineering-kontakty\/technicke-sluzby\/koncepty-spolehlivosti\/","url":"https:\/\/www.klinger-kempchen.de\/cs\/engineering-kontakty\/technicke-sluzby\/koncepty-spolehlivosti\/","name":"Koncepty spolehlivosti - KLINGER Kempchen","isPartOf":{"@id":"https:\/\/www.klinger-kempchen.de\/#website"},"primaryImageOfPage":{"@id":"https:\/\/www.klinger-kempchen.de\/cs\/engineering-kontakty\/technicke-sluzby\/koncepty-spolehlivosti\/#primaryimage"},"image":{"@id":"https:\/\/www.klinger-kempchen.de\/cs\/engineering-kontakty\/technicke-sluzby\/koncepty-spolehlivosti\/#primaryimage"},"thumbnailUrl":"https:\/\/www.klinger-kempchen.de\/wp-content\/uploads\/2023\/05\/reabilitaet.jpg","datePublished":"2024-06-26T09:25:30+00:00","dateModified":"2024-06-26T09:26:26+00:00","description":"Vedle \u010derpadel a potrub\u00ed jsou v mnoha podnic\u00edch srdcem procesn\u00edch syst\u00e9m\u016f v\u00fdm\u011bn\u00edky tepla a chladi\u010de vzduchu.","breadcrumb":{"@id":"https:\/\/www.klinger-kempchen.de\/cs\/engineering-kontakty\/technicke-sluzby\/koncepty-spolehlivosti\/#breadcrumb"},"inLanguage":"cs","potentialAction":[{"@type":"ReadAction","target":["https:\/\/www.klinger-kempchen.de\/cs\/engineering-kontakty\/technicke-sluzby\/koncepty-spolehlivosti\/"]}]},{"@type":"ImageObject","inLanguage":"cs","@id":"https:\/\/www.klinger-kempchen.de\/cs\/engineering-kontakty\/technicke-sluzby\/koncepty-spolehlivosti\/#primaryimage","url":"https:\/\/www.klinger-kempchen.de\/wp-content\/uploads\/2023\/05\/reabilitaet.jpg","contentUrl":"https:\/\/www.klinger-kempchen.de\/wp-content\/uploads\/2023\/05\/reabilitaet.jpg","width":1400,"height":350},{"@type":"BreadcrumbList","@id":"https:\/\/www.klinger-kempchen.de\/cs\/engineering-kontakty\/technicke-sluzby\/koncepty-spolehlivosti\/#breadcrumb","itemListElement":[{"@type":"ListItem","position":1,"name":"Home","item":"https:\/\/www.klinger-kempchen.de\/"},{"@type":"ListItem","position":2,"name":"Engineering","item":"https:\/\/www.klinger-kempchen.de\/cs\/engineering-kontakty\/"},{"@type":"ListItem","position":3,"name":"Technick\u00e9 slu\u017eby","item":"https:\/\/www.klinger-kempchen.de\/cs\/engineering-kontakty\/technicke-sluzby\/"},{"@type":"ListItem","position":4,"name":"Koncepty spolehlivosti"}]},{"@type":"WebSite","@id":"https:\/\/www.klinger-kempchen.de\/#website","url":"https:\/\/www.klinger-kempchen.de\/","name":"KLINGER Kempchen","description":"KLINGER Kempchen","publisher":{"@id":"https:\/\/www.klinger-kempchen.de\/#organization"},"potentialAction":[{"@type":"SearchAction","target":{"@type":"EntryPoint","urlTemplate":"https:\/\/www.klinger-kempchen.de\/?s={search_term_string}"},"query-input":{"@type":"PropertyValueSpecification","valueRequired":true,"valueName":"search_term_string"}}],"inLanguage":"cs"},{"@type":"Organization","@id":"https:\/\/www.klinger-kempchen.de\/#organization","name":"KLINGER-Kempchen","url":"https:\/\/www.klinger-kempchen.de\/","logo":{"@type":"ImageObject","inLanguage":"cs","@id":"https:\/\/www.klinger-kempchen.de\/#\/schema\/logo\/image\/","url":"https:\/\/www.klinger-kempchen.de\/wp-content\/uploads\/2020\/06\/cropped-Klinger-Kempchen-Logo.png","contentUrl":"https:\/\/www.klinger-kempchen.de\/wp-content\/uploads\/2020\/06\/cropped-Klinger-Kempchen-Logo.png","width":512,"height":512,"caption":"KLINGER-Kempchen"},"image":{"@id":"https:\/\/www.klinger-kempchen.de\/#\/schema\/logo\/image\/"}}]}},"coauthors":[],"author_meta":{"author_link":"https:\/\/www.klinger-kempchen.de\/cs\/author\/administrador\/","display_name":"administrador"},"relative_dates":{"created":"Posted 2 roky ago","modified":"Updated 2 roky ago"},"absolute_dates":{"created":"Posted on 26 \u010dervna 2024","modified":"Updated on 26 \u010dervna 2024"},"absolute_dates_time":{"created":"Posted on 26 \u010dervna 2024 11:25","modified":"Updated on 26 \u010dervna 2024 11:26"},"featured_img_caption":"","featured_img":"https:\/\/www.klinger-kempchen.de\/wp-content\/uploads\/2023\/05\/reabilitaet.jpg","series_order":"","_links":{"self":[{"href":"https:\/\/www.klinger-kempchen.de\/cs\/wp-json\/wp\/v2\/pages\/44790","targetHints":{"allow":["GET"]}}],"collection":[{"href":"https:\/\/www.klinger-kempchen.de\/cs\/wp-json\/wp\/v2\/pages"}],"about":[{"href":"https:\/\/www.klinger-kempchen.de\/cs\/wp-json\/wp\/v2\/types\/page"}],"author":[{"embeddable":true,"href":"https:\/\/www.klinger-kempchen.de\/cs\/wp-json\/wp\/v2\/users\/1"}],"replies":[{"embeddable":true,"href":"https:\/\/www.klinger-kempchen.de\/cs\/wp-json\/wp\/v2\/comments?post=44790"}],"version-history":[{"count":0,"href":"https:\/\/www.klinger-kempchen.de\/cs\/wp-json\/wp\/v2\/pages\/44790\/revisions"}],"up":[{"embeddable":true,"href":"https:\/\/www.klinger-kempchen.de\/cs\/wp-json\/wp\/v2\/pages\/18793"}],"wp:featuredmedia":[{"embeddable":true,"href":"https:\/\/www.klinger-kempchen.de\/cs\/wp-json\/wp\/v2\/media\/18384"}],"wp:attachment":[{"href":"https:\/\/www.klinger-kempchen.de\/cs\/wp-json\/wp\/v2\/media?parent=44790"}],"curies":[{"name":"wp","href":"https:\/\/api.w.org\/{rel}","templated":true}]}}