{"id":44803,"date":"2024-06-26T12:36:10","date_gmt":"2024-06-26T10:36:10","guid":{"rendered":"https:\/\/www.klinger-kempchen.de\/?page_id=44803"},"modified":"2024-06-26T12:36:11","modified_gmt":"2024-06-26T10:36:11","slug":"koncepty-rizeni","status":"publish","type":"page","link":"https:\/\/www.klinger-kempchen.de\/cs\/engineering-kontakty\/technicke-sluzby\/koncepty-rizeni\/","title":{"rendered":"Koncepty \u0159\u00edzen\u00ed"},"content":{"rendered":"\n<h1 class=\"wp-block-heading\">Koncepty \u0159\u00edzen\u00ed<\/h1>\n\n\n\n<h2 class=\"wp-block-heading\">\u0160kolen\u00ed mont\u00e9r\u016f p\u0159\u00edrub a definice mont\u00e1\u017en\u00edch norem<\/h2>\n\n\n\n<p>Optimalizace p\u0159\u00edrubov\u00fdch spoj\u016f v r\u00e1mci t\u0159\u00edd trubek nebo p\u0159\u00edrubov\u00fdch spoj\u016f p\u0159\u00edstroj\u016f je jedin\u00fdm zp\u016fsobem, jak dos\u00e1hnout nekompromisn\u011b t\u011bsn\u00fdch p\u0159\u00edrubov\u00fdch spoj\u016f. Samotn\u00fd v\u00fdpo\u010det, \u0161roub a kvalitn\u00ed t\u011bsn\u011bn\u00ed v\u0161ak nezaru\u010duj\u00ed spolehlivou t\u011bsnost. T\u00e9 lze dos\u00e1hnout pouze p\u0159i mont\u00e1\u017ei p\u0159\u00edrubov\u00e9ho spoje s pou\u017eit\u00edm ji\u017e vypo\u010dten\u00fdch p\u0159\u00edrub, t\u011bsn\u011bn\u00ed a \u0161roub\u016f. C\u00edlem je zde spojit teorii s prax\u00ed a pomoc\u00ed vhodn\u00fdch mont\u00e1\u017en\u00edch specifikac\u00ed a strategi\u00ed skute\u010dn\u011b &#8222;p\u016fsobit na \u0161rouby silou&#8220;, kterou t\u011bsn\u011bn\u00ed pot\u0159ebuje pro spolehlivou funkci. Sou\u010dasn\u011b je t\u0159eba stanovit a zav\u00e9st pravidla pro c\u00edlen\u00e9 a \u00fa\u010dinn\u00e9 \u0159\u00edzen\u00ed kvality.<\/p>\n\n\n\n<div class=\"wp-block-kadence-spacer aligncenter kt-block-spacer-44803_e24955-d4\"><div class=\"kt-block-spacer kt-block-spacer-halign-center\"><hr class=\"kt-divider\"\/><\/div><\/div>\n\n\n\n<h2 class=\"wp-block-heading\">V t\u00e9to souvislosti v\u00e1m nab\u00edz\u00edme<\/h2>\n\n\n\n<h3 class=\"wp-block-heading has-background\" style=\"background-color:#e8f3fa\">V\u00fdvoj mont\u00e1\u017en\u00edch norem nebo n\u00e1vod\u016f:<\/h3>\n\n\n\n<ul style=\"background-color:#e8f3fa\" class=\"has-background wp-block-list advgb-dyn-e675ca44\">\n<li>V\u00fdvoj konceptu mont\u00e1\u017en\u00edho standardu p\u0159izp\u016fsoben\u00e9ho pot\u0159eb\u00e1m va\u0161\u00ed spole\u010dnosti.<\/li>\n\n\n\n<li>Utahovac\u00ed sekvence, voliteln\u011b s ur\u010den\u00edm pot\u0159ebn\u00e9ho \u0161roubovac\u00edho za\u0159\u00edzen\u00ed.<\/li>\n\n\n\n<li>Koncepce \u0159\u00edzen\u00ed kvality pro va\u0161e opat\u0159en\u00ed \u00fadr\u017eby, projekty nebo obraty.<\/li>\n\n\n\n<li>Voliteln\u011b s n\u00e1stroji pro spolehlivou dokumentaci montovan\u00fdch p\u0159\u00edrubov\u00fdch spoj\u016f nebo mont\u00e1\u017en\u00edch vad:<\/li>\n<\/ul>\n\n\n\n<div class=\"wp-block-kadence-spacer aligncenter kt-block-spacer-44803_386257-49\"><div class=\"kt-block-spacer kt-block-spacer-halign-center\"><hr class=\"kt-divider\"\/><\/div><\/div>\n\n\n\n<h2 class=\"wp-block-heading\">\u0160kolen\u00ed mont\u00e9r\u016f p\u0159\u00edrub a odpov\u011bdn\u00fdch technik\u016f:<\/h2>\n\n\n\n<ul class=\"wp-block-list\">\n<li>Nab\u00edz\u00edme v\u00e1m kurz mont\u00e1\u017ee p\u0159\u00edrub, kter\u00fd pokr\u00fdv\u00e1 cel\u00fd obsah z\u00e1kladn\u00edho kvalifika\u010dn\u00edho stupn\u011b s certifikac\u00ed mont\u00e9r\u016f nebo bez n\u00ed (d\u00e9lka \u0161kolen\u00ed: 1 den, max. 10 h).<\/li>\n\n\n\n<li>P\u0159\u00edpadn\u011b v\u00e1m r\u00e1di zorganizujeme \u0161kolen\u00ed speci\u00e1ln\u011b p\u0159izp\u016fsoben\u00e9 va\u0161im provozn\u00edm po\u017eadavk\u016fm a aplikac\u00edm.<\/li>\n\n\n\n<li>Pro provozn\u00ed in\u017een\u00fdry, vedouc\u00ed pracovi\u0161t\u011b, mistry a techniky s funkc\u00ed dozoru nab\u00edz\u00edme pokro\u010dil\u00e9 \u0161kolen\u00ed na odpov\u011bdn\u00e9ho technika podle normy DIN EN 1591-4 (s certifikac\u00ed nebo bez n\u00ed) na z\u00e1klad\u011b z\u00e1kladn\u00edho kvalifika\u010dn\u00edho stupn\u011b (s p\u0159edchoz\u00ed certifikac\u00ed).<\/li>\n\n\n\n<li>\u0160kolen\u00ed prob\u00edhaj\u00ed v na\u0161ich servisn\u00edch st\u0159edisc\u00edch v Oberhausenu a Leun\u011b. Nebo mobiln\u011b p\u0159ed va\u0161\u00edm pracovi\u0161t\u011bm v na\u0161em \u0161kolic\u00edm voze nebo p\u0159\u00edmo u v\u00e1s na pracovi\u0161ti s na\u0161\u00edm mobiln\u00edm \u0161kolic\u00edm za\u0159\u00edzen\u00edm.<\/li>\n<\/ul>\n\n\n\n<div class=\"wp-block-kadence-spacer aligncenter kt-block-spacer-44803_2c627a-2d\"><div class=\"kt-block-spacer kt-block-spacer-halign-center\"><hr class=\"kt-divider\"\/><\/div><\/div>\n\n\n\n<h3 class=\"wp-block-heading h2 has-background\" style=\"background-color:#e8f3fa\">Vytvo\u0159en\u00ed mont\u00e1\u017en\u00edch tabulek pro utahovac\u00ed momenty:<\/h3>\n\n\n\n<ul style=\"background-color:#e8f3fa\" class=\"has-background wp-block-list advgb-dyn-e675ca44\">\n<li>V\u00fdpo\u010det p\u0159\u00edrubov\u00fdch spoj\u016f, kter\u00e9 se v\u00e1s t\u00fdkaj\u00ed.<\/li>\n\n\n\n<li>Optimalizace \/ sn\u00ed\u017een\u00ed po\u017eadovan\u00e9 \u0161\u00ed\u0159ky p\u00e1sma t\u011bsn\u011bn\u00ed z hlediska n\u00e1klad\u016f a p\u0159\u00ednos\u016f.<\/li>\n\n\n\n<li>Utahovac\u00ed momenty pro mont\u00e1\u017e p\u0159\u00edrubov\u00fdch spoj\u016f.<\/li>\n\n\n\n<li>D\u016fkaz t\u011bsnosti pro p\u0159edlo\u017een\u00ed schvalovac\u00edm org\u00e1n\u016fm.<\/li>\n<\/ul>\n<style class=\"advgb-styles-renderer\">.wp-block-kadence-spacer.kt-block-spacer-44803_e24955-d4 .kt-block-spacer{height:60px;}.wp-block-kadence-spacer.kt-block-spacer-44803_e24955-d4 .kt-divider{border-top-width:1px;height:1px;border-top-color:#eee;width:80%;border-top-style:solid;}.wp-block-kadence-spacer.kt-block-spacer-44803_386257-49 .kt-block-spacer{height:60px;}.wp-block-kadence-spacer.kt-block-spacer-44803_386257-49 .kt-divider{border-top-width:1px;height:1px;border-top-color:#eee;width:80%;border-top-style:solid;}.wp-block-kadence-spacer.kt-block-spacer-44803_2c627a-2d .kt-block-spacer{height:60px;}.wp-block-kadence-spacer.kt-block-spacer-44803_2c627a-2d .kt-divider{border-top-width:1px;height:1px;border-top-color:#eee;width:80%;border-top-style:solid;}<\/style>","protected":false},"excerpt":{"rendered":"<p>Koncepty \u0159\u00edzen\u00ed \u0160kolen\u00ed mont\u00e9r\u016f p\u0159\u00edrub a definice mont\u00e1\u017en\u00edch norem Optimalizace p\u0159\u00edrubov\u00fdch spoj\u016f v r\u00e1mci t\u0159\u00edd trubek nebo p\u0159\u00edrubov\u00fdch spoj\u016f p\u0159\u00edstroj\u016f je jedin\u00fdm zp\u016fsobem, jak dos\u00e1hnout nekompromisn\u011b t\u011bsn\u00fdch p\u0159\u00edrubov\u00fdch spoj\u016f. Samotn\u00fd v\u00fdpo\u010det, \u0161roub a kvalitn\u00ed t\u011bsn\u011bn\u00ed v\u0161ak nezaru\u010duj\u00ed spolehlivou t\u011bsnost. T\u00e9 lze dos\u00e1hnout pouze p\u0159i mont\u00e1\u017ei p\u0159\u00edrubov\u00e9ho spoje s pou\u017eit\u00edm ji\u017e vypo\u010dten\u00fdch p\u0159\u00edrub, t\u011bsn\u011bn\u00ed a \u0161roub\u016f. [&hellip;]<\/p>\n","protected":false},"author":1,"featured_media":18584,"parent":18793,"menu_order":9,"comment_status":"closed","ping_status":"closed","template":"page-templates\/somos.php","meta":{"advgb_blocks_editor_width":"","advgb_blocks_columns_visual_guide":"","iawp_total_views":17,"footnotes":""},"class_list":["post-44803","page","type-page","status-publish","has-post-thumbnail","hentry"],"yoast_head":"<!-- This site is optimized with the Yoast SEO plugin v27.3 - https:\/\/yoast.com\/product\/yoast-seo-wordpress\/ -->\n<title>Koncepty \u0159\u00edzen\u00ed - KLINGER Kempchen<\/title>\n<meta name=\"description\" content=\"Optimalizace p\u0159\u00edrubov\u00fdch spoj\u016f v r\u00e1mci t\u0159\u00edd trubek nebo p\u0159\u00edrubov\u00fdch spoj\u016f p\u0159\u00edstroj\u016f je jedin\u00fdm zp\u016fsobem, jak dos\u00e1hnout nekompromisn\u011b t\u011bsn\u00fdch p\u0159\u00edrubov\u00fdch spoj\u016f.\" \/>\n<meta name=\"robots\" content=\"index, follow, max-snippet:-1, max-image-preview:large, max-video-preview:-1\" \/>\n<link rel=\"canonical\" href=\"https:\/\/www.klinger-kempchen.de\/cs\/engineering-kontakty\/technicke-sluzby\/koncepty-rizeni\/\" \/>\n<meta property=\"og:locale\" content=\"cs_CZ\" \/>\n<meta property=\"og:type\" content=\"article\" \/>\n<meta property=\"og:title\" content=\"Koncepty \u0159\u00edzen\u00ed - KLINGER Kempchen\" \/>\n<meta property=\"og:description\" content=\"Optimalizace p\u0159\u00edrubov\u00fdch spoj\u016f v r\u00e1mci t\u0159\u00edd trubek nebo p\u0159\u00edrubov\u00fdch spoj\u016f p\u0159\u00edstroj\u016f je jedin\u00fdm zp\u016fsobem, jak dos\u00e1hnout nekompromisn\u011b t\u011bsn\u00fdch p\u0159\u00edrubov\u00fdch spoj\u016f.\" \/>\n<meta property=\"og:url\" content=\"https:\/\/www.klinger-kempchen.de\/cs\/engineering-kontakty\/technicke-sluzby\/koncepty-rizeni\/\" \/>\n<meta property=\"og:site_name\" content=\"KLINGER Kempchen\" \/>\n<meta property=\"article:modified_time\" content=\"2024-06-26T10:36:11+00:00\" \/>\n<meta property=\"og:image\" content=\"https:\/\/www.klinger-kempchen.de\/wp-content\/uploads\/2023\/07\/Managementkonzepte.jpg\" \/>\n\t<meta property=\"og:image:width\" content=\"1400\" \/>\n\t<meta property=\"og:image:height\" content=\"351\" \/>\n\t<meta property=\"og:image:type\" content=\"image\/jpeg\" \/>\n<meta name=\"twitter:label1\" content=\"Odhadovan\u00e1 doba \u010dten\u00ed\" \/>\n\t<meta name=\"twitter:data1\" content=\"2 minuty\" \/>\n<!-- \/ Yoast SEO plugin. -->","yoast_head_json":{"title":"Koncepty \u0159\u00edzen\u00ed - KLINGER Kempchen","description":"Optimalizace p\u0159\u00edrubov\u00fdch spoj\u016f v r\u00e1mci t\u0159\u00edd trubek nebo p\u0159\u00edrubov\u00fdch spoj\u016f p\u0159\u00edstroj\u016f je jedin\u00fdm zp\u016fsobem, jak dos\u00e1hnout nekompromisn\u011b t\u011bsn\u00fdch p\u0159\u00edrubov\u00fdch spoj\u016f.","robots":{"index":"index","follow":"follow","max-snippet":"max-snippet:-1","max-image-preview":"max-image-preview:large","max-video-preview":"max-video-preview:-1"},"canonical":"https:\/\/www.klinger-kempchen.de\/cs\/engineering-kontakty\/technicke-sluzby\/koncepty-rizeni\/","og_locale":"cs_CZ","og_type":"article","og_title":"Koncepty \u0159\u00edzen\u00ed - KLINGER Kempchen","og_description":"Optimalizace p\u0159\u00edrubov\u00fdch spoj\u016f v r\u00e1mci t\u0159\u00edd trubek nebo p\u0159\u00edrubov\u00fdch spoj\u016f p\u0159\u00edstroj\u016f je jedin\u00fdm zp\u016fsobem, jak dos\u00e1hnout nekompromisn\u011b t\u011bsn\u00fdch p\u0159\u00edrubov\u00fdch spoj\u016f.","og_url":"https:\/\/www.klinger-kempchen.de\/cs\/engineering-kontakty\/technicke-sluzby\/koncepty-rizeni\/","og_site_name":"KLINGER Kempchen","article_modified_time":"2024-06-26T10:36:11+00:00","og_image":[{"width":1400,"height":351,"url":"https:\/\/www.klinger-kempchen.de\/wp-content\/uploads\/2023\/07\/Managementkonzepte.jpg","type":"image\/jpeg"}],"twitter_misc":{"Odhadovan\u00e1 doba \u010dten\u00ed":"2 minuty"},"schema":{"@context":"https:\/\/schema.org","@graph":[{"@type":"WebPage","@id":"https:\/\/www.klinger-kempchen.de\/cs\/engineering-kontakty\/technicke-sluzby\/koncepty-rizeni\/","url":"https:\/\/www.klinger-kempchen.de\/cs\/engineering-kontakty\/technicke-sluzby\/koncepty-rizeni\/","name":"Koncepty \u0159\u00edzen\u00ed - KLINGER Kempchen","isPartOf":{"@id":"https:\/\/www.klinger-kempchen.de\/#website"},"primaryImageOfPage":{"@id":"https:\/\/www.klinger-kempchen.de\/cs\/engineering-kontakty\/technicke-sluzby\/koncepty-rizeni\/#primaryimage"},"image":{"@id":"https:\/\/www.klinger-kempchen.de\/cs\/engineering-kontakty\/technicke-sluzby\/koncepty-rizeni\/#primaryimage"},"thumbnailUrl":"https:\/\/www.klinger-kempchen.de\/wp-content\/uploads\/2023\/07\/Managementkonzepte.jpg","datePublished":"2024-06-26T10:36:10+00:00","dateModified":"2024-06-26T10:36:11+00:00","description":"Optimalizace p\u0159\u00edrubov\u00fdch spoj\u016f v r\u00e1mci t\u0159\u00edd trubek nebo p\u0159\u00edrubov\u00fdch spoj\u016f p\u0159\u00edstroj\u016f je jedin\u00fdm zp\u016fsobem, jak dos\u00e1hnout nekompromisn\u011b t\u011bsn\u00fdch p\u0159\u00edrubov\u00fdch spoj\u016f.","breadcrumb":{"@id":"https:\/\/www.klinger-kempchen.de\/cs\/engineering-kontakty\/technicke-sluzby\/koncepty-rizeni\/#breadcrumb"},"inLanguage":"cs","potentialAction":[{"@type":"ReadAction","target":["https:\/\/www.klinger-kempchen.de\/cs\/engineering-kontakty\/technicke-sluzby\/koncepty-rizeni\/"]}]},{"@type":"ImageObject","inLanguage":"cs","@id":"https:\/\/www.klinger-kempchen.de\/cs\/engineering-kontakty\/technicke-sluzby\/koncepty-rizeni\/#primaryimage","url":"https:\/\/www.klinger-kempchen.de\/wp-content\/uploads\/2023\/07\/Managementkonzepte.jpg","contentUrl":"https:\/\/www.klinger-kempchen.de\/wp-content\/uploads\/2023\/07\/Managementkonzepte.jpg","width":1400,"height":351,"caption":"Managementkonzepte"},{"@type":"BreadcrumbList","@id":"https:\/\/www.klinger-kempchen.de\/cs\/engineering-kontakty\/technicke-sluzby\/koncepty-rizeni\/#breadcrumb","itemListElement":[{"@type":"ListItem","position":1,"name":"Home","item":"https:\/\/www.klinger-kempchen.de\/"},{"@type":"ListItem","position":2,"name":"Engineering","item":"https:\/\/www.klinger-kempchen.de\/cs\/engineering-kontakty\/"},{"@type":"ListItem","position":3,"name":"Technick\u00e9 slu\u017eby","item":"https:\/\/www.klinger-kempchen.de\/cs\/engineering-kontakty\/technicke-sluzby\/"},{"@type":"ListItem","position":4,"name":"Koncepty \u0159\u00edzen\u00ed"}]},{"@type":"WebSite","@id":"https:\/\/www.klinger-kempchen.de\/#website","url":"https:\/\/www.klinger-kempchen.de\/","name":"KLINGER Kempchen","description":"KLINGER Kempchen","publisher":{"@id":"https:\/\/www.klinger-kempchen.de\/#organization"},"potentialAction":[{"@type":"SearchAction","target":{"@type":"EntryPoint","urlTemplate":"https:\/\/www.klinger-kempchen.de\/?s={search_term_string}"},"query-input":{"@type":"PropertyValueSpecification","valueRequired":true,"valueName":"search_term_string"}}],"inLanguage":"cs"},{"@type":"Organization","@id":"https:\/\/www.klinger-kempchen.de\/#organization","name":"KLINGER-Kempchen","url":"https:\/\/www.klinger-kempchen.de\/","logo":{"@type":"ImageObject","inLanguage":"cs","@id":"https:\/\/www.klinger-kempchen.de\/#\/schema\/logo\/image\/","url":"https:\/\/www.klinger-kempchen.de\/wp-content\/uploads\/2020\/06\/cropped-Klinger-Kempchen-Logo.png","contentUrl":"https:\/\/www.klinger-kempchen.de\/wp-content\/uploads\/2020\/06\/cropped-Klinger-Kempchen-Logo.png","width":512,"height":512,"caption":"KLINGER-Kempchen"},"image":{"@id":"https:\/\/www.klinger-kempchen.de\/#\/schema\/logo\/image\/"}}]}},"coauthors":[],"author_meta":{"author_link":"https:\/\/www.klinger-kempchen.de\/cs\/author\/administrador\/","display_name":"administrador"},"relative_dates":{"created":"Posted 2 roky ago","modified":"Updated 2 roky ago"},"absolute_dates":{"created":"Posted on 26 \u010dervna 2024","modified":"Updated on 26 \u010dervna 2024"},"absolute_dates_time":{"created":"Posted on 26 \u010dervna 2024 12:36","modified":"Updated on 26 \u010dervna 2024 12:36"},"featured_img_caption":"","featured_img":"https:\/\/www.klinger-kempchen.de\/wp-content\/uploads\/2023\/07\/Managementkonzepte.jpg","series_order":"","_links":{"self":[{"href":"https:\/\/www.klinger-kempchen.de\/cs\/wp-json\/wp\/v2\/pages\/44803","targetHints":{"allow":["GET"]}}],"collection":[{"href":"https:\/\/www.klinger-kempchen.de\/cs\/wp-json\/wp\/v2\/pages"}],"about":[{"href":"https:\/\/www.klinger-kempchen.de\/cs\/wp-json\/wp\/v2\/types\/page"}],"author":[{"embeddable":true,"href":"https:\/\/www.klinger-kempchen.de\/cs\/wp-json\/wp\/v2\/users\/1"}],"replies":[{"embeddable":true,"href":"https:\/\/www.klinger-kempchen.de\/cs\/wp-json\/wp\/v2\/comments?post=44803"}],"version-history":[{"count":0,"href":"https:\/\/www.klinger-kempchen.de\/cs\/wp-json\/wp\/v2\/pages\/44803\/revisions"}],"up":[{"embeddable":true,"href":"https:\/\/www.klinger-kempchen.de\/cs\/wp-json\/wp\/v2\/pages\/18793"}],"wp:featuredmedia":[{"embeddable":true,"href":"https:\/\/www.klinger-kempchen.de\/cs\/wp-json\/wp\/v2\/media\/18584"}],"wp:attachment":[{"href":"https:\/\/www.klinger-kempchen.de\/cs\/wp-json\/wp\/v2\/media?parent=44803"}],"curies":[{"name":"wp","href":"https:\/\/api.w.org\/{rel}","templated":true}]}}