{"id":44806,"date":"2024-06-26T12:42:45","date_gmt":"2024-06-26T10:42:45","guid":{"rendered":"https:\/\/www.klinger-kempchen.de\/?page_id=44806"},"modified":"2024-06-26T12:42:46","modified_gmt":"2024-06-26T10:42:46","slug":"vyroba-specialnich-prirub","status":"publish","type":"page","link":"https:\/\/www.klinger-kempchen.de\/cs\/engineering-kontakty\/technicke-sluzby\/vyroba-specialnich-prirub\/","title":{"rendered":"V\u00fdroba speci\u00e1ln\u00edch p\u0159\u00edrub"},"content":{"rendered":"\n<h1 class=\"wp-block-heading\">V\u00fdroba speci\u00e1ln\u00edch p\u0159\u00edrub<\/h1>\n\n\n\n<h2 class=\"wp-block-heading h3\">P\u0159edimenzov\u00e1n\u00ed p\u0159\u00edrub a p\u0159\u00edrubov\u00fdch spoj\u016f<\/h2>\n\n\n\n<p>Pom\u00e1h\u00e1me v\u00e1m od po\u010d\u00e1te\u010dn\u00edho n\u00e1padu a n\u00e1\u010drtu, p\u0159edimenzov\u00e1n\u00ed p\u0159\u00edrub a p\u0159\u00edrubov\u00fdch spoj\u016f, p\u0159es matematick\u00e9 ov\u011b\u0159en\u00ed a\u017e po hotov\u00fd v\u00fdkres &#8211; tak\u00e9 p\u0159i v\u00fdrob\u011b a dod\u00e1vk\u00e1ch navr\u017een\u00fdch individu\u00e1ln\u00edch p\u0159\u00edrub a p\u0159\u00edrubov\u00fdch spoj\u016f, z\u00e1suvn\u00fdch, odd\u011blovac\u00edch a membr\u00e1nov\u00fdch disk\u016f a trubkov\u00fdch plech\u016f pro v\u00fdm\u011bn\u00edky tepla. Na\u0161e ru\u010dn\u00ed i nejmodern\u011bj\u0161\u00ed CNC v\u00fdrobn\u00ed za\u0159\u00edzen\u00ed zaru\u010duj\u00ed maxim\u00e1ln\u00ed p\u0159esnost a rychlost, a to i p\u0159i dod\u00e1vk\u00e1ch v kr\u00e1tk\u00e9m term\u00ednu.<\/p>\n\n\n\n<div class=\"wp-block-kadence-spacer aligncenter kt-block-spacer-44806_2224cc-e7\"><div class=\"kt-block-spacer kt-block-spacer-halign-center\"><hr class=\"kt-divider\"\/><\/div><\/div>\n\n\n\n<h2 class=\"wp-block-heading h3\">V t\u00e9to souvislosti v\u00e1m nab\u00edz\u00edme n\u00e1sleduj\u00edc\u00ed slu\u017eby:<\/h2>\n\n\n\n<h3 class=\"wp-block-heading has-background\" style=\"background-color:#e8f3fa\">Specifikace a testov\u00e1n\u00ed:<\/h3>\n\n\n\n<ul style=\"background-color:#e8f3fa\" class=\"has-background wp-block-list advgb-dyn-1a97efca\">\n<li>V\u00fdb\u011br a specifikace po\u017eadovan\u00fdch materi\u00e1l\u016f a v\u00fdrobn\u00ed formy.<\/li>\n\n\n\n<li>P\u0159\u00edprava v\u0161ech matematick\u00fdch ov\u011b\u0159en\u00ed a p\u0159edb\u011b\u017en\u00e9 zku\u0161ebn\u00ed dokumentace.<\/li>\n\n\n\n<li>Kontrola a schv\u00e1len\u00ed na\u0161\u00edm spolupracuj\u00edc\u00edm ozn\u00e1men\u00fdm subjektem.<\/li>\n\n\n\n<li>Po\u0159\u00edzen\u00ed surov\u00fdch a kovan\u00fdch d\u00edl\u016f.<\/li>\n\n\n\n<li>P\u0159edv\u00fdrobn\u00ed materi\u00e1l v\u00fdhradn\u011b od renomovan\u00fdch evropsk\u00fdch v\u00fdrobc\u016f v\u00e1lcov\u00e1n\u00ed a kov\u00e1n\u00ed.<\/li>\n\n\n\n<li>Dod\u00e1vky v\u0161ech materi\u00e1l\u016f b\u011b\u017en\u011b pou\u017e\u00edvan\u00fdch v rafin\u00e9rsk\u00e9m a chemick\u00e9m pr\u016fmyslu.<\/li>\n<\/ul>\n\n\n\n<div class=\"wp-block-kadence-spacer aligncenter kt-block-spacer-44806_b66a8f-7d\"><div class=\"kt-block-spacer kt-block-spacer-halign-center\"><hr class=\"kt-divider\"\/><\/div><\/div>\n\n\n\n<h3 class=\"wp-block-heading\">Rozm\u011bry a hmotnost jednotky:<\/h3>\n\n\n\n<ul class=\"wp-block-list\">\n<li>V\u00fdroba p\u0159\u00edrub a p\u0159\u00edrubov\u00fdch spoj\u016f, z\u00e1suvn\u00fdch, odd\u011blovac\u00edch a membr\u00e1nov\u00fdch kotou\u010d\u016f, jako\u017e i trubkov\u00fdch plech\u016f do pr\u016fm\u011bru 3000 mm a maxim\u00e1ln\u00ed hmotnosti jednotky 3000 kg.<\/li>\n\n\n\n<li>Omezen\u00ed v\u00fd\u0161ky d\u00edlce na maxim\u00e1ln\u011b 400 mm! Vy\u0161\u0161\u00ed komponenty po konzultaci.<\/li>\n<\/ul>\n\n\n\n<div class=\"wp-block-kadence-spacer aligncenter kt-block-spacer-44806_aad3e7-b9\"><div class=\"kt-block-spacer kt-block-spacer-halign-center\"><hr class=\"kt-divider\"\/><\/div><\/div>\n\n\n\n<h3 class=\"wp-block-heading has-background\" style=\"background-color:#e8f3fa\">Zaji\u0161t\u011bn\u00ed kvality:<\/h3>\n\n\n\n<ul style=\"background-color:#e8f3fa\" class=\"has-background wp-block-list advgb-dyn-97bcb477\">\n<li>N\u00e1kup surovin, nap\u0159. plech\u016f, p\u00e1s\u016f, sva\u0159ovan\u00fdch krou\u017ek\u016f a kovan\u00fdch d\u00edl\u016f, v\u00fdhradn\u011b prost\u0159ednictv\u00edm v\u00fdrobc\u016f se schv\u00e1len\u00edm podle PED 2014\/68\/EU, p\u0159\u00edloha I, bod 4.3 a AD2000 W0 nebo HP0 \/ HP100R.<\/li>\n\n\n\n<li>Uzav\u0159en\u00e9 zaji\u0161t\u011bn\u00ed kvality od vstupn\u00ed kontroly zbo\u017e\u00ed p\u0159es p\u0159ezna\u010dov\u00e1n\u00ed b\u011bhem v\u00fdroby a\u017e po kone\u010dnou kontrolu hotov\u00e9ho v\u00fdrobku.<\/li>\n<\/ul>\n\n\n\n<div class=\"wp-block-kadence-spacer aligncenter kt-block-spacer-44806_a858c6-90\"><div class=\"kt-block-spacer kt-block-spacer-halign-center\"><hr class=\"kt-divider\"\/><\/div><\/div>\n<style class=\"advgb-styles-renderer\">.wp-block-kadence-spacer.kt-block-spacer-44806_2224cc-e7 .kt-block-spacer{height:60px;}.wp-block-kadence-spacer.kt-block-spacer-44806_2224cc-e7 .kt-divider{border-top-width:1px;height:1px;border-top-color:#eee;width:80%;border-top-style:solid;}.wp-block-kadence-spacer.kt-block-spacer-44806_b66a8f-7d .kt-block-spacer{height:60px;}.wp-block-kadence-spacer.kt-block-spacer-44806_b66a8f-7d .kt-divider{border-top-width:1px;height:1px;border-top-color:#eee;width:80%;border-top-style:solid;}.wp-block-kadence-spacer.kt-block-spacer-44806_aad3e7-b9 .kt-block-spacer{height:60px;}.wp-block-kadence-spacer.kt-block-spacer-44806_aad3e7-b9 .kt-divider{border-top-width:1px;height:1px;border-top-color:#eee;width:80%;border-top-style:solid;}.wp-block-kadence-spacer.kt-block-spacer-44806_a858c6-90 .kt-block-spacer{height:60px;}.wp-block-kadence-spacer.kt-block-spacer-44806_a858c6-90 .kt-divider{border-top-width:1px;height:1px;border-top-color:#eee;width:80%;border-top-style:solid;}<\/style>","protected":false},"excerpt":{"rendered":"<p>V\u00fdroba speci\u00e1ln\u00edch p\u0159\u00edrub P\u0159edimenzov\u00e1n\u00ed p\u0159\u00edrub a p\u0159\u00edrubov\u00fdch spoj\u016f Pom\u00e1h\u00e1me v\u00e1m od po\u010d\u00e1te\u010dn\u00edho n\u00e1padu a n\u00e1\u010drtu, p\u0159edimenzov\u00e1n\u00ed p\u0159\u00edrub a p\u0159\u00edrubov\u00fdch spoj\u016f, p\u0159es matematick\u00e9 ov\u011b\u0159en\u00ed a\u017e po hotov\u00fd v\u00fdkres &#8211; tak\u00e9 p\u0159i v\u00fdrob\u011b a dod\u00e1vk\u00e1ch navr\u017een\u00fdch individu\u00e1ln\u00edch p\u0159\u00edrub a p\u0159\u00edrubov\u00fdch spoj\u016f, z\u00e1suvn\u00fdch, odd\u011blovac\u00edch a membr\u00e1nov\u00fdch disk\u016f a trubkov\u00fdch plech\u016f pro v\u00fdm\u011bn\u00edky tepla. Na\u0161e ru\u010dn\u00ed i nejmodern\u011bj\u0161\u00ed CNC [&hellip;]<\/p>\n","protected":false},"author":1,"featured_media":18416,"parent":18793,"menu_order":11,"comment_status":"closed","ping_status":"closed","template":"page-templates\/somos.php","meta":{"advgb_blocks_editor_width":"","advgb_blocks_columns_visual_guide":"","iawp_total_views":18,"footnotes":""},"class_list":["post-44806","page","type-page","status-publish","has-post-thumbnail","hentry"],"yoast_head":"<!-- This site is optimized with the Yoast SEO plugin v27.3 - https:\/\/yoast.com\/product\/yoast-seo-wordpress\/ -->\n<title>V\u00fdroba speci\u00e1ln\u00edch p\u0159\u00edrub - KLINGER Kempchen<\/title>\n<meta name=\"description\" content=\"Pom\u00e1h\u00e1me v\u00e1m od po\u010d\u00e1te\u010dn\u00edho n\u00e1padu a n\u00e1\u010drtu, p\u0159edimenzov\u00e1n\u00ed p\u0159\u00edrub a p\u0159\u00edrubov\u00fdch spoj\u016f, p\u0159es matematick\u00e9 ov\u011b\u0159en\u00ed a\u017e po hotov\u00fd v\u00fdkres\" \/>\n<meta name=\"robots\" content=\"index, follow, max-snippet:-1, max-image-preview:large, max-video-preview:-1\" \/>\n<link rel=\"canonical\" href=\"https:\/\/www.klinger-kempchen.de\/cs\/engineering-kontakty\/technicke-sluzby\/vyroba-specialnich-prirub\/\" \/>\n<meta property=\"og:locale\" content=\"cs_CZ\" \/>\n<meta property=\"og:type\" content=\"article\" \/>\n<meta property=\"og:title\" content=\"V\u00fdroba speci\u00e1ln\u00edch p\u0159\u00edrub - KLINGER Kempchen\" \/>\n<meta property=\"og:description\" content=\"Pom\u00e1h\u00e1me v\u00e1m od po\u010d\u00e1te\u010dn\u00edho n\u00e1padu a n\u00e1\u010drtu, p\u0159edimenzov\u00e1n\u00ed p\u0159\u00edrub a p\u0159\u00edrubov\u00fdch spoj\u016f, p\u0159es matematick\u00e9 ov\u011b\u0159en\u00ed a\u017e po hotov\u00fd v\u00fdkres\" \/>\n<meta property=\"og:url\" content=\"https:\/\/www.klinger-kempchen.de\/cs\/engineering-kontakty\/technicke-sluzby\/vyroba-specialnich-prirub\/\" \/>\n<meta property=\"og:site_name\" content=\"KLINGER Kempchen\" \/>\n<meta property=\"article:modified_time\" content=\"2024-06-26T10:42:46+00:00\" \/>\n<meta property=\"og:image\" content=\"https:\/\/www.klinger-kempchen.de\/wp-content\/uploads\/2023\/06\/Sonderflansche.jpg\" \/>\n\t<meta property=\"og:image:width\" content=\"1400\" \/>\n\t<meta property=\"og:image:height\" content=\"350\" \/>\n\t<meta property=\"og:image:type\" content=\"image\/jpeg\" \/>\n<meta name=\"twitter:label1\" content=\"Odhadovan\u00e1 doba \u010dten\u00ed\" \/>\n\t<meta name=\"twitter:data1\" content=\"2 minuty\" \/>\n<!-- \/ Yoast SEO plugin. -->","yoast_head_json":{"title":"V\u00fdroba speci\u00e1ln\u00edch p\u0159\u00edrub - KLINGER Kempchen","description":"Pom\u00e1h\u00e1me v\u00e1m od po\u010d\u00e1te\u010dn\u00edho n\u00e1padu a n\u00e1\u010drtu, p\u0159edimenzov\u00e1n\u00ed p\u0159\u00edrub a p\u0159\u00edrubov\u00fdch spoj\u016f, p\u0159es matematick\u00e9 ov\u011b\u0159en\u00ed a\u017e po hotov\u00fd v\u00fdkres","robots":{"index":"index","follow":"follow","max-snippet":"max-snippet:-1","max-image-preview":"max-image-preview:large","max-video-preview":"max-video-preview:-1"},"canonical":"https:\/\/www.klinger-kempchen.de\/cs\/engineering-kontakty\/technicke-sluzby\/vyroba-specialnich-prirub\/","og_locale":"cs_CZ","og_type":"article","og_title":"V\u00fdroba speci\u00e1ln\u00edch p\u0159\u00edrub - KLINGER Kempchen","og_description":"Pom\u00e1h\u00e1me v\u00e1m od po\u010d\u00e1te\u010dn\u00edho n\u00e1padu a n\u00e1\u010drtu, p\u0159edimenzov\u00e1n\u00ed p\u0159\u00edrub a p\u0159\u00edrubov\u00fdch spoj\u016f, p\u0159es matematick\u00e9 ov\u011b\u0159en\u00ed a\u017e po hotov\u00fd v\u00fdkres","og_url":"https:\/\/www.klinger-kempchen.de\/cs\/engineering-kontakty\/technicke-sluzby\/vyroba-specialnich-prirub\/","og_site_name":"KLINGER Kempchen","article_modified_time":"2024-06-26T10:42:46+00:00","og_image":[{"width":1400,"height":350,"url":"https:\/\/www.klinger-kempchen.de\/wp-content\/uploads\/2023\/06\/Sonderflansche.jpg","type":"image\/jpeg"}],"twitter_misc":{"Odhadovan\u00e1 doba \u010dten\u00ed":"2 minuty"},"schema":{"@context":"https:\/\/schema.org","@graph":[{"@type":"WebPage","@id":"https:\/\/www.klinger-kempchen.de\/cs\/engineering-kontakty\/technicke-sluzby\/vyroba-specialnich-prirub\/","url":"https:\/\/www.klinger-kempchen.de\/cs\/engineering-kontakty\/technicke-sluzby\/vyroba-specialnich-prirub\/","name":"V\u00fdroba speci\u00e1ln\u00edch p\u0159\u00edrub - KLINGER Kempchen","isPartOf":{"@id":"https:\/\/www.klinger-kempchen.de\/#website"},"primaryImageOfPage":{"@id":"https:\/\/www.klinger-kempchen.de\/cs\/engineering-kontakty\/technicke-sluzby\/vyroba-specialnich-prirub\/#primaryimage"},"image":{"@id":"https:\/\/www.klinger-kempchen.de\/cs\/engineering-kontakty\/technicke-sluzby\/vyroba-specialnich-prirub\/#primaryimage"},"thumbnailUrl":"https:\/\/www.klinger-kempchen.de\/wp-content\/uploads\/2023\/06\/Sonderflansche.jpg","datePublished":"2024-06-26T10:42:45+00:00","dateModified":"2024-06-26T10:42:46+00:00","description":"Pom\u00e1h\u00e1me v\u00e1m od po\u010d\u00e1te\u010dn\u00edho n\u00e1padu a n\u00e1\u010drtu, p\u0159edimenzov\u00e1n\u00ed p\u0159\u00edrub a p\u0159\u00edrubov\u00fdch spoj\u016f, p\u0159es matematick\u00e9 ov\u011b\u0159en\u00ed a\u017e po hotov\u00fd v\u00fdkres","breadcrumb":{"@id":"https:\/\/www.klinger-kempchen.de\/cs\/engineering-kontakty\/technicke-sluzby\/vyroba-specialnich-prirub\/#breadcrumb"},"inLanguage":"cs","potentialAction":[{"@type":"ReadAction","target":["https:\/\/www.klinger-kempchen.de\/cs\/engineering-kontakty\/technicke-sluzby\/vyroba-specialnich-prirub\/"]}]},{"@type":"ImageObject","inLanguage":"cs","@id":"https:\/\/www.klinger-kempchen.de\/cs\/engineering-kontakty\/technicke-sluzby\/vyroba-specialnich-prirub\/#primaryimage","url":"https:\/\/www.klinger-kempchen.de\/wp-content\/uploads\/2023\/06\/Sonderflansche.jpg","contentUrl":"https:\/\/www.klinger-kempchen.de\/wp-content\/uploads\/2023\/06\/Sonderflansche.jpg","width":1400,"height":350},{"@type":"BreadcrumbList","@id":"https:\/\/www.klinger-kempchen.de\/cs\/engineering-kontakty\/technicke-sluzby\/vyroba-specialnich-prirub\/#breadcrumb","itemListElement":[{"@type":"ListItem","position":1,"name":"Home","item":"https:\/\/www.klinger-kempchen.de\/"},{"@type":"ListItem","position":2,"name":"Engineering","item":"https:\/\/www.klinger-kempchen.de\/cs\/engineering-kontakty\/"},{"@type":"ListItem","position":3,"name":"Technick\u00e9 slu\u017eby","item":"https:\/\/www.klinger-kempchen.de\/cs\/engineering-kontakty\/technicke-sluzby\/"},{"@type":"ListItem","position":4,"name":"V\u00fdroba speci\u00e1ln\u00edch p\u0159\u00edrub"}]},{"@type":"WebSite","@id":"https:\/\/www.klinger-kempchen.de\/#website","url":"https:\/\/www.klinger-kempchen.de\/","name":"KLINGER Kempchen","description":"KLINGER Kempchen","publisher":{"@id":"https:\/\/www.klinger-kempchen.de\/#organization"},"potentialAction":[{"@type":"SearchAction","target":{"@type":"EntryPoint","urlTemplate":"https:\/\/www.klinger-kempchen.de\/?s={search_term_string}"},"query-input":{"@type":"PropertyValueSpecification","valueRequired":true,"valueName":"search_term_string"}}],"inLanguage":"cs"},{"@type":"Organization","@id":"https:\/\/www.klinger-kempchen.de\/#organization","name":"KLINGER-Kempchen","url":"https:\/\/www.klinger-kempchen.de\/","logo":{"@type":"ImageObject","inLanguage":"cs","@id":"https:\/\/www.klinger-kempchen.de\/#\/schema\/logo\/image\/","url":"https:\/\/www.klinger-kempchen.de\/wp-content\/uploads\/2020\/06\/cropped-Klinger-Kempchen-Logo.png","contentUrl":"https:\/\/www.klinger-kempchen.de\/wp-content\/uploads\/2020\/06\/cropped-Klinger-Kempchen-Logo.png","width":512,"height":512,"caption":"KLINGER-Kempchen"},"image":{"@id":"https:\/\/www.klinger-kempchen.de\/#\/schema\/logo\/image\/"}}]}},"coauthors":[],"author_meta":{"author_link":"https:\/\/www.klinger-kempchen.de\/cs\/author\/administrador\/","display_name":"administrador"},"relative_dates":{"created":"Posted 2 roky ago","modified":"Updated 2 roky ago"},"absolute_dates":{"created":"Posted on 26 \u010dervna 2024","modified":"Updated on 26 \u010dervna 2024"},"absolute_dates_time":{"created":"Posted on 26 \u010dervna 2024 12:42","modified":"Updated on 26 \u010dervna 2024 12:42"},"featured_img_caption":"","featured_img":"https:\/\/www.klinger-kempchen.de\/wp-content\/uploads\/2023\/06\/Sonderflansche.jpg","series_order":"","_links":{"self":[{"href":"https:\/\/www.klinger-kempchen.de\/cs\/wp-json\/wp\/v2\/pages\/44806","targetHints":{"allow":["GET"]}}],"collection":[{"href":"https:\/\/www.klinger-kempchen.de\/cs\/wp-json\/wp\/v2\/pages"}],"about":[{"href":"https:\/\/www.klinger-kempchen.de\/cs\/wp-json\/wp\/v2\/types\/page"}],"author":[{"embeddable":true,"href":"https:\/\/www.klinger-kempchen.de\/cs\/wp-json\/wp\/v2\/users\/1"}],"replies":[{"embeddable":true,"href":"https:\/\/www.klinger-kempchen.de\/cs\/wp-json\/wp\/v2\/comments?post=44806"}],"version-history":[{"count":0,"href":"https:\/\/www.klinger-kempchen.de\/cs\/wp-json\/wp\/v2\/pages\/44806\/revisions"}],"up":[{"embeddable":true,"href":"https:\/\/www.klinger-kempchen.de\/cs\/wp-json\/wp\/v2\/pages\/18793"}],"wp:featuredmedia":[{"embeddable":true,"href":"https:\/\/www.klinger-kempchen.de\/cs\/wp-json\/wp\/v2\/media\/18416"}],"wp:attachment":[{"href":"https:\/\/www.klinger-kempchen.de\/cs\/wp-json\/wp\/v2\/media?parent=44806"}],"curies":[{"name":"wp","href":"https:\/\/api.w.org\/{rel}","templated":true}]}}