{"id":45284,"date":"2024-07-24T12:38:41","date_gmt":"2024-07-24T10:38:41","guid":{"rendered":"https:\/\/www.klinger-kempchen.de\/?page_id=45284"},"modified":"2024-07-24T13:38:17","modified_gmt":"2024-07-24T11:38:17","slug":"technische-beratung","status":"publish","type":"page","link":"https:\/\/www.klinger-kempchen.de\/cs\/technische-beratung\/","title":{"rendered":"Technick\u00e9 poradenstv\u00ed"},"content":{"rendered":"\n<h1 class=\"wp-block-heading\">Technick\u00e9 poradenstv\u00ed<\/h1>\n\n\n\n<p>Zde najdete p\u0159\u00edm\u00fd kontakt na konkr\u00e9tn\u00ed specializaci\u00a0\u00a0<\/p>\n\n\n\n<div class=\"wp-block-kadence-spacer aligncenter kt-block-spacer-45284_d74ef1-b1\"><div class=\"kt-block-spacer kt-block-spacer-halign-center\"><\/div><\/div>\n\n\n\n<div class=\"wp-block-columns is-layout-flex wp-container-core-columns-is-layout-9d6595d7 wp-block-columns-is-layout-flex\">\n<div class=\"wp-block-column is-layout-flow wp-block-column-is-layout-flow\">\n<div class=\"wp-block-columns has-background is-layout-flex wp-container-core-columns-is-layout-9d6595d7 wp-block-columns-is-layout-flex\" style=\"background-color:#edf2f7\">\n<div class=\"wp-block-column is-layout-flow wp-block-column-is-layout-flow\" style=\"flex-basis:33.33%\">\n<figure class=\"wp-block-image size-full is-style-default\"><a href=\"https:\/\/www.klinger-kempchen.de\/wp-content\/uploads\/2024\/07\/ulrich-doenges-klinger-kempchen.webp\"><img loading=\"lazy\" decoding=\"async\" width=\"340\" height=\"340\" src=\"https:\/\/www.klinger-kempchen.de\/wp-content\/uploads\/2024\/07\/ulrich-doenges-klinger-kempchen.webp\" alt=\"Ulrich D\u00f6nges\" class=\"wp-image-45084\" srcset=\"https:\/\/www.klinger-kempchen.de\/wp-content\/uploads\/2024\/07\/ulrich-doenges-klinger-kempchen.webp 340w, https:\/\/www.klinger-kempchen.de\/wp-content\/uploads\/2024\/07\/ulrich-doenges-klinger-kempchen-270x270.webp 270w\" sizes=\"auto, (max-width: 340px) 100vw, 340px\" \/><\/a><\/figure>\n<\/div>\n\n\n\n<div class=\"wp-block-column is-vertically-aligned-center is-layout-flow wp-block-column-is-layout-flow\" style=\"flex-basis:66.66%\">\n<p><strong>Technick\u00e9 poradenstv\u00ed v oblasti t\u011bsnic\u00ed techniky<\/strong><\/p>\n\n\n\n<h4 class=\"wp-block-heading\">Ulrich D\u00f6nges<\/h4>\n\n\n\n<p><br><b>T: <\/b>+49 208 8482 253<br><b>M: <\/b><a href=\"mailto:ulrich.doenges@klinger-kempchen.de\">ulrich.doenges@klinger-kempchen.de<\/a><\/p>\n<\/div>\n<\/div>\n<\/div>\n\n\n\n<div class=\"wp-block-column is-layout-flow wp-block-column-is-layout-flow\">\n<div class=\"wp-block-columns has-background is-layout-flex wp-container-core-columns-is-layout-9d6595d7 wp-block-columns-is-layout-flex\" style=\"background-color:#edf2f7\">\n<div class=\"wp-block-column is-layout-flow wp-block-column-is-layout-flow\" style=\"flex-basis:33.33%\">\n<figure class=\"wp-block-image size-full\"><a href=\"https:\/\/www.klinger-kempchen.de\/wp-content\/uploads\/2024\/07\/till-van-luck-klinger-kempchen.webp\"><img loading=\"lazy\" decoding=\"async\" width=\"340\" height=\"340\" src=\"https:\/\/www.klinger-kempchen.de\/wp-content\/uploads\/2024\/07\/till-van-luck-klinger-kempchen.webp\" alt=\"Till van L\u00fcck\" class=\"wp-image-45075\" srcset=\"https:\/\/www.klinger-kempchen.de\/wp-content\/uploads\/2024\/07\/till-van-luck-klinger-kempchen.webp 340w, https:\/\/www.klinger-kempchen.de\/wp-content\/uploads\/2024\/07\/till-van-luck-klinger-kempchen-270x270.webp 270w\" sizes=\"auto, (max-width: 340px) 100vw, 340px\" \/><\/a><\/figure>\n<\/div>\n\n\n\n<div class=\"wp-block-column is-vertically-aligned-center is-layout-flow wp-block-column-is-layout-flow\" style=\"flex-basis:66.66%\">\n<p><strong>Engineering<\/strong><\/p>\n\n\n\n<h4 class=\"wp-block-heading\">Till van L\u00fcck<\/h4>\n\n\n\n<p><br><b>T: <\/b>+49 208 8482 212<br><b>M: <\/b><a href=\"mailto:till.vanlueck@klinger-kempchen.de\">till.vanlueck@klinger-kempchen.de<\/a><\/p>\n<\/div>\n<\/div>\n<\/div>\n<\/div>\n\n\n\n<div class=\"wp-block-kadence-spacer aligncenter kt-block-spacer-45284_106247-7b\"><div class=\"kt-block-spacer kt-block-spacer-halign-center\"><hr class=\"kt-divider\"\/><\/div><\/div>\n\n\n\n<div class=\"wp-block-columns is-layout-flex wp-container-core-columns-is-layout-9d6595d7 wp-block-columns-is-layout-flex\">\n<div class=\"wp-block-column is-layout-flow wp-block-column-is-layout-flow\">\n<div class=\"wp-block-columns has-background is-layout-flex wp-container-core-columns-is-layout-9d6595d7 wp-block-columns-is-layout-flex\" style=\"background-color:#edf2f7\">\n<div class=\"wp-block-column is-layout-flow wp-block-column-is-layout-flow\" style=\"flex-basis:33.33%\">\n<figure class=\"wp-block-image size-full is-style-default\"><a href=\"https:\/\/www.klinger-kempchen.de\/wp-content\/uploads\/2024\/07\/michael-buchholz-klinger-kempchen.webp\"><img loading=\"lazy\" decoding=\"async\" width=\"340\" height=\"340\" src=\"https:\/\/www.klinger-kempchen.de\/wp-content\/uploads\/2024\/07\/michael-buchholz-klinger-kempchen.webp\" alt=\"Michael Buchholz\" class=\"wp-image-45078\" srcset=\"https:\/\/www.klinger-kempchen.de\/wp-content\/uploads\/2024\/07\/michael-buchholz-klinger-kempchen.webp 340w, https:\/\/www.klinger-kempchen.de\/wp-content\/uploads\/2024\/07\/michael-buchholz-klinger-kempchen-270x270.webp 270w\" sizes=\"auto, (max-width: 340px) 100vw, 340px\" \/><\/a><\/figure>\n<\/div>\n\n\n\n<div class=\"wp-block-column is-vertically-aligned-center is-layout-flow wp-block-column-is-layout-flow\" style=\"flex-basis:66.66%\">\n<p><strong>Schv\u00e1len\u00ed a t\u011bsnic\u00ed vlastnosti<\/strong><\/p>\n\n\n\n<h4 class=\"wp-block-heading\">Michael Buchholz<\/h4>\n\n\n\n<p><br><b>T: <\/b>+49 208 8482 255<br><b>M: <\/b><a href=\"mailto:michael.buchholz@klinger-kempchen.de\">michael.buchholz@klinger-kempchen.de<\/a><\/p>\n<\/div>\n<\/div>\n<\/div>\n\n\n\n<div class=\"wp-block-column is-layout-flow wp-block-column-is-layout-flow\">\n<div class=\"wp-block-columns has-background is-layout-flex wp-container-core-columns-is-layout-9d6595d7 wp-block-columns-is-layout-flex\" style=\"background-color:#edf2f7\">\n<div class=\"wp-block-column is-layout-flow wp-block-column-is-layout-flow\" style=\"flex-basis:33.33%\">\n<figure class=\"wp-block-image size-full is-style-default\"><a href=\"https:\/\/www.klinger-kempchen.de\/wp-content\/uploads\/2024\/07\/kirsten-buehler-klinger-kempchen.webp\"><img loading=\"lazy\" decoding=\"async\" width=\"340\" height=\"340\" src=\"https:\/\/www.klinger-kempchen.de\/wp-content\/uploads\/2024\/07\/kirsten-buehler-klinger-kempchen.webp\" alt=\"Kirsten Hacker\" class=\"wp-image-45081\" srcset=\"https:\/\/www.klinger-kempchen.de\/wp-content\/uploads\/2024\/07\/kirsten-buehler-klinger-kempchen.webp 340w, https:\/\/www.klinger-kempchen.de\/wp-content\/uploads\/2024\/07\/kirsten-buehler-klinger-kempchen-270x270.webp 270w\" sizes=\"auto, (max-width: 340px) 100vw, 340px\" \/><\/a><\/figure>\n<\/div>\n\n\n\n<div class=\"wp-block-column is-vertically-aligned-center is-layout-flow wp-block-column-is-layout-flow\" style=\"flex-basis:66.66%\">\n<p><strong>Ot\u00e1zky zaji\u0161t\u011bn\u00ed kvality a konzistence<\/strong><\/p>\n\n\n\n<h4 class=\"wp-block-heading\">Kirsten Hacker<\/h4>\n\n\n\n<p><br><b>T: <\/b>+49 208 8482 259<br><b>M: <\/b><a href=\"mailto:kirsten.hacker@klinger-kempchen.de\">kirsten.hacker@klinger-kempchen.de<\/a><\/p>\n<\/div>\n<\/div>\n<\/div>\n<\/div>\n<style class=\"advgb-styles-renderer\">.wp-block-kadence-spacer.kt-block-spacer-45284_d74ef1-b1 .kt-block-spacer{height:25px;}.wp-block-kadence-spacer.kt-block-spacer-45284_d74ef1-b1 .kt-divider{border-top-width:1px;height:1px;border-top-color:#eee;width:80%;border-top-style:solid;}.wp-block-kadence-spacer.kt-block-spacer-45284_106247-7b .kt-block-spacer{height:20px;}.wp-block-kadence-spacer.kt-block-spacer-45284_106247-7b .kt-divider{border-top-width:1px;height:1px;border-top-color:#ffffff;width:80%;border-top-style:solid;}<\/style>","protected":false},"excerpt":{"rendered":"<p>Technick\u00e9 poradenstv\u00ed Zde najdete p\u0159\u00edm\u00fd kontakt na konkr\u00e9tn\u00ed specializaci\u00a0\u00a0 Technick\u00e9 poradenstv\u00ed v oblasti t\u011bsnic\u00ed techniky Ulrich D\u00f6nges T: +49 208 8482 253M: ulrich.doenges@klinger-kempchen.de Engineering Till van L\u00fcck T: +49 208 8482 212M: till.vanlueck@klinger-kempchen.de Schv\u00e1len\u00ed a t\u011bsnic\u00ed vlastnosti Michael Buchholz T: +49 208 8482 255M: michael.buchholz@klinger-kempchen.de Ot\u00e1zky zaji\u0161t\u011bn\u00ed kvality a konzistence Kirsten Hacker T: +49 208 [&hellip;]<\/p>\n","protected":false},"author":1,"featured_media":45065,"parent":0,"menu_order":0,"comment_status":"closed","ping_status":"closed","template":"page-templates\/secciones-principales.php","meta":{"advgb_blocks_editor_width":"","advgb_blocks_columns_visual_guide":"","iawp_total_views":1,"footnotes":""},"class_list":["post-45284","page","type-page","status-publish","has-post-thumbnail","hentry"],"yoast_head":"<!-- This site is optimized with the Yoast SEO plugin v26.9 - https:\/\/yoast.com\/product\/yoast-seo-wordpress\/ -->\n<title>Technick\u00e9 poradenstv\u00ed - KLINGER Kempchen<\/title>\n<meta name=\"robots\" content=\"index, follow, max-snippet:-1, max-image-preview:large, max-video-preview:-1\" \/>\n<link rel=\"canonical\" href=\"https:\/\/www.klinger-kempchen.de\/cs\/technische-beratung\/\" \/>\n<meta property=\"og:locale\" content=\"cs_CZ\" \/>\n<meta property=\"og:type\" content=\"article\" \/>\n<meta property=\"og:title\" content=\"Technick\u00e9 poradenstv\u00ed - KLINGER Kempchen\" \/>\n<meta property=\"og:description\" content=\"Technick\u00e9 poradenstv\u00ed Zde najdete p\u0159\u00edm\u00fd kontakt na konkr\u00e9tn\u00ed specializaci\u00a0\u00a0 Technick\u00e9 poradenstv\u00ed v oblasti t\u011bsnic\u00ed techniky Ulrich D\u00f6nges T: +49 208 8482 253M: ulrich.doenges@klinger-kempchen.de Engineering Till van L\u00fcck T: +49 208 8482 212M: till.vanlueck@klinger-kempchen.de Schv\u00e1len\u00ed a t\u011bsnic\u00ed vlastnosti Michael Buchholz T: +49 208 8482 255M: michael.buchholz@klinger-kempchen.de Ot\u00e1zky zaji\u0161t\u011bn\u00ed kvality a konzistence Kirsten Hacker T: +49 208 [&hellip;]\" \/>\n<meta property=\"og:url\" content=\"https:\/\/www.klinger-kempchen.de\/cs\/technische-beratung\/\" \/>\n<meta property=\"og:site_name\" content=\"KLINGER Kempchen\" \/>\n<meta property=\"article:modified_time\" content=\"2024-07-24T11:38:17+00:00\" \/>\n<meta property=\"og:image\" content=\"https:\/\/www.klinger-kempchen.de\/wp-content\/uploads\/2024\/07\/Tech-Beratung.webp\" \/>\n\t<meta property=\"og:image:width\" content=\"1650\" \/>\n\t<meta property=\"og:image:height\" content=\"500\" \/>\n\t<meta property=\"og:image:type\" content=\"image\/webp\" \/>\n<!-- \/ Yoast SEO plugin. -->","yoast_head_json":{"title":"Technick\u00e9 poradenstv\u00ed - KLINGER Kempchen","robots":{"index":"index","follow":"follow","max-snippet":"max-snippet:-1","max-image-preview":"max-image-preview:large","max-video-preview":"max-video-preview:-1"},"canonical":"https:\/\/www.klinger-kempchen.de\/cs\/technische-beratung\/","og_locale":"cs_CZ","og_type":"article","og_title":"Technick\u00e9 poradenstv\u00ed - KLINGER Kempchen","og_description":"Technick\u00e9 poradenstv\u00ed Zde najdete p\u0159\u00edm\u00fd kontakt na konkr\u00e9tn\u00ed specializaci\u00a0\u00a0 Technick\u00e9 poradenstv\u00ed v oblasti t\u011bsnic\u00ed techniky Ulrich D\u00f6nges T: +49 208 8482 253M: ulrich.doenges@klinger-kempchen.de Engineering Till van L\u00fcck T: +49 208 8482 212M: till.vanlueck@klinger-kempchen.de Schv\u00e1len\u00ed a t\u011bsnic\u00ed vlastnosti Michael Buchholz T: +49 208 8482 255M: michael.buchholz@klinger-kempchen.de Ot\u00e1zky zaji\u0161t\u011bn\u00ed kvality a konzistence Kirsten Hacker T: +49 208 [&hellip;]","og_url":"https:\/\/www.klinger-kempchen.de\/cs\/technische-beratung\/","og_site_name":"KLINGER Kempchen","article_modified_time":"2024-07-24T11:38:17+00:00","og_image":[{"width":1650,"height":500,"url":"https:\/\/www.klinger-kempchen.de\/wp-content\/uploads\/2024\/07\/Tech-Beratung.webp","type":"image\/webp"}],"schema":{"@context":"https:\/\/schema.org","@graph":[{"@type":"WebPage","@id":"https:\/\/www.klinger-kempchen.de\/cs\/technische-beratung\/","url":"https:\/\/www.klinger-kempchen.de\/cs\/technische-beratung\/","name":"Technick\u00e9 poradenstv\u00ed - KLINGER Kempchen","isPartOf":{"@id":"https:\/\/www.klinger-kempchen.de\/#website"},"primaryImageOfPage":{"@id":"https:\/\/www.klinger-kempchen.de\/cs\/technische-beratung\/#primaryimage"},"image":{"@id":"https:\/\/www.klinger-kempchen.de\/cs\/technische-beratung\/#primaryimage"},"thumbnailUrl":"https:\/\/www.klinger-kempchen.de\/wp-content\/uploads\/2024\/07\/Tech-Beratung.webp","datePublished":"2024-07-24T10:38:41+00:00","dateModified":"2024-07-24T11:38:17+00:00","breadcrumb":{"@id":"https:\/\/www.klinger-kempchen.de\/cs\/technische-beratung\/#breadcrumb"},"inLanguage":"cs","potentialAction":[{"@type":"ReadAction","target":["https:\/\/www.klinger-kempchen.de\/cs\/technische-beratung\/"]}]},{"@type":"ImageObject","inLanguage":"cs","@id":"https:\/\/www.klinger-kempchen.de\/cs\/technische-beratung\/#primaryimage","url":"https:\/\/www.klinger-kempchen.de\/wp-content\/uploads\/2024\/07\/Tech-Beratung.webp","contentUrl":"https:\/\/www.klinger-kempchen.de\/wp-content\/uploads\/2024\/07\/Tech-Beratung.webp","width":1650,"height":500,"caption":"Tech-Beratung"},{"@type":"BreadcrumbList","@id":"https:\/\/www.klinger-kempchen.de\/cs\/technische-beratung\/#breadcrumb","itemListElement":[{"@type":"ListItem","position":1,"name":"Home","item":"https:\/\/www.klinger-kempchen.de\/"},{"@type":"ListItem","position":2,"name":"Technick\u00e9 poradenstv\u00ed"}]},{"@type":"WebSite","@id":"https:\/\/www.klinger-kempchen.de\/#website","url":"https:\/\/www.klinger-kempchen.de\/","name":"KLINGER Kempchen","description":"KLINGER Kempchen","publisher":{"@id":"https:\/\/www.klinger-kempchen.de\/#organization"},"potentialAction":[{"@type":"SearchAction","target":{"@type":"EntryPoint","urlTemplate":"https:\/\/www.klinger-kempchen.de\/?s={search_term_string}"},"query-input":{"@type":"PropertyValueSpecification","valueRequired":true,"valueName":"search_term_string"}}],"inLanguage":"cs"},{"@type":"Organization","@id":"https:\/\/www.klinger-kempchen.de\/#organization","name":"KLINGER-Kempchen","url":"https:\/\/www.klinger-kempchen.de\/","logo":{"@type":"ImageObject","inLanguage":"cs","@id":"https:\/\/www.klinger-kempchen.de\/#\/schema\/logo\/image\/","url":"https:\/\/www.klinger-kempchen.de\/wp-content\/uploads\/2020\/06\/cropped-Klinger-Kempchen-Logo.png","contentUrl":"https:\/\/www.klinger-kempchen.de\/wp-content\/uploads\/2020\/06\/cropped-Klinger-Kempchen-Logo.png","width":512,"height":512,"caption":"KLINGER-Kempchen"},"image":{"@id":"https:\/\/www.klinger-kempchen.de\/#\/schema\/logo\/image\/"}}]}},"coauthors":[],"author_meta":{"author_link":"https:\/\/www.klinger-kempchen.de\/cs\/author\/administrador\/","display_name":"administrador"},"relative_dates":{"created":"Posted 2 roky ago","modified":"Updated 2 roky ago"},"absolute_dates":{"created":"Posted on 24 \u010dervence 2024","modified":"Updated on 24 \u010dervence 2024"},"absolute_dates_time":{"created":"Posted on 24 \u010dervence 2024 12:38","modified":"Updated on 24 \u010dervence 2024 13:38"},"featured_img_caption":"","featured_img":"https:\/\/www.klinger-kempchen.de\/wp-content\/uploads\/2024\/07\/Tech-Beratung-1400x424.webp","series_order":"","_links":{"self":[{"href":"https:\/\/www.klinger-kempchen.de\/cs\/wp-json\/wp\/v2\/pages\/45284","targetHints":{"allow":["GET"]}}],"collection":[{"href":"https:\/\/www.klinger-kempchen.de\/cs\/wp-json\/wp\/v2\/pages"}],"about":[{"href":"https:\/\/www.klinger-kempchen.de\/cs\/wp-json\/wp\/v2\/types\/page"}],"author":[{"embeddable":true,"href":"https:\/\/www.klinger-kempchen.de\/cs\/wp-json\/wp\/v2\/users\/1"}],"replies":[{"embeddable":true,"href":"https:\/\/www.klinger-kempchen.de\/cs\/wp-json\/wp\/v2\/comments?post=45284"}],"version-history":[{"count":0,"href":"https:\/\/www.klinger-kempchen.de\/cs\/wp-json\/wp\/v2\/pages\/45284\/revisions"}],"wp:featuredmedia":[{"embeddable":true,"href":"https:\/\/www.klinger-kempchen.de\/cs\/wp-json\/wp\/v2\/media\/45065"}],"wp:attachment":[{"href":"https:\/\/www.klinger-kempchen.de\/cs\/wp-json\/wp\/v2\/media?parent=45284"}],"curies":[{"name":"wp","href":"https:\/\/api.w.org\/{rel}","templated":true}]}}