{"id":45294,"date":"2023-09-22T16:16:19","date_gmt":"2023-09-22T14:16:19","guid":{"rendered":"https:\/\/www.klinger-kempchen.de\/ansprechpartner\/"},"modified":"2025-04-02T10:27:09","modified_gmt":"2025-04-02T08:27:09","slug":"ansprechpartner","status":"publish","type":"page","link":"https:\/\/www.klinger-kempchen.de\/cs\/ansprechpartner\/","title":{"rendered":"Kontaktn\u00ed osoba"},"content":{"rendered":"\n<h1 class=\"wp-block-heading\">Kontakt na KLINGER Kempchen<\/h1>\n\n\n\n<p>M\u00e1te n\u011bjak\u00e9 dotazy, po\u017eadavky nebo n\u00e1vrhy t\u00fdkaj\u00edc\u00ed se na\u0161ich produkt\u016f a \u0159e\u0161en\u00ed?<br>Obra\u0165te se na n\u00e1s. T\u011b\u0161\u00edme se, \u017ee v\u00e1m pom\u016f\u017eeme.<\/p>\n\n\n\n<p>Va\u0161e osobn\u00ed \u00fadaje v e-mailu, kter\u00fd n\u00e1m za\u0161lete, budou zpracov\u00e1ny elektronicky v\u00fdhradn\u011b za \u00fa\u010delem odpov\u011bdi na v\u00e1\u0161 dotaz.<br>P\u0159e\u010dt\u011bte si tak\u00e9 na\u0161e <a href=\"https:\/\/www.klinger-kempchen.de\/datenschutz\/\"><strong>Z\u00e1sady ochrany osobn\u00edch \u00fadaj\u016f<\/strong>.<\/a><\/p>\n\n\n\n<div class=\"wp-block-kadence-spacer aligncenter kt-block-spacer-45294_a6f5ca-0b\"><div class=\"kt-block-spacer kt-block-spacer-halign-center\"><\/div><\/div>\n\n\n\n<div class=\"wp-block-columns is-layout-flex wp-container-core-columns-is-layout-9d6595d7 wp-block-columns-is-layout-flex\">\n<div class=\"wp-block-column is-layout-flow wp-block-column-is-layout-flow\">\n<div class=\"wp-block-columns has-background is-layout-flex wp-container-core-columns-is-layout-9d6595d7 wp-block-columns-is-layout-flex\" style=\"background-color:#edf2f7\">\n<div class=\"wp-block-column is-layout-flow wp-block-column-is-layout-flow\" style=\"flex-basis:33.33%\">\n<figure class=\"wp-block-image size-full\"><a href=\"https:\/\/www.klinger-kempchen.de\/ansprechpartner-allgemein\/\"><img decoding=\"async\" src=\"https:\/\/www.klinger-kempchen.de\/wp-content\/uploads\/2023\/09\/ansprechpartner-2-1.jpg\" alt=\"\" class=\"wp-image-19480\"\/><\/a><\/figure>\n<\/div>\n\n\n\n<div class=\"wp-block-column is-vertically-aligned-center is-layout-flow wp-block-column-is-layout-flow\" style=\"flex-basis:66.66%\">\n<h2 class=\"wp-block-heading h4\"><a href=\"https:\/\/www.klinger-kempchen.de\/ansprechpartner-allgemein\/\">Obecn\u00fd kontakt<\/a><\/h2>\n<\/div>\n<\/div>\n<\/div>\n\n\n\n<div class=\"wp-block-column is-layout-flow wp-block-column-is-layout-flow\">\n<div class=\"wp-block-columns has-background is-layout-flex wp-container-core-columns-is-layout-9d6595d7 wp-block-columns-is-layout-flex\" style=\"background-color:#edf2f7\">\n<div class=\"wp-block-column is-layout-flow wp-block-column-is-layout-flow\" style=\"flex-basis:33.33%\">\n<figure class=\"wp-block-image size-full\"><a href=\"https:\/\/www.klinger-kempchen.de\/ansprechpartner-2\/\"><img decoding=\"async\" src=\"https:\/\/www.klinger-kempchen.de\/wp-content\/uploads\/2023\/09\/ansprechpartner-2-1.jpg\" alt=\"\" class=\"wp-image-19480\"\/><\/a><\/figure>\n<\/div>\n\n\n\n<div class=\"wp-block-column is-vertically-aligned-center is-layout-flow wp-block-column-is-layout-flow\" style=\"flex-basis:66.66%\">\n<h2 class=\"wp-block-heading h4\"><a href=\"https:\/\/www.klinger-kempchen.de\/ansprechpartner-2\/\">Dom\u00e1c\u00ed prodejn\u00ed s\u00edly<\/a><\/h2>\n<\/div>\n<\/div>\n<\/div>\n\n\n\n<div class=\"wp-block-column is-layout-flow wp-block-column-is-layout-flow\">\n<div class=\"wp-block-columns has-background is-layout-flex wp-container-core-columns-is-layout-9d6595d7 wp-block-columns-is-layout-flex\" style=\"background-color:#edf2f7\">\n<div class=\"wp-block-column is-layout-flow wp-block-column-is-layout-flow\" style=\"flex-basis:33.33%\">\n<figure class=\"wp-block-image size-full\"><a href=\"https:\/\/www.klinger-kempchen.de\/ansprechpartner-2\/#aussendienst-ausland\"><img decoding=\"async\" src=\"https:\/\/www.klinger-kempchen.de\/wp-content\/uploads\/2023\/09\/ansprechpartner-2-1.jpg\" alt=\"\" class=\"wp-image-19480\"\/><\/a><\/figure>\n<\/div>\n\n\n\n<div class=\"wp-block-column is-vertically-aligned-center is-layout-flow wp-block-column-is-layout-flow\" style=\"flex-basis:66.66%\">\n<h2 class=\"wp-block-heading h4\"><a href=\"https:\/\/www.klinger-kempchen.de\/cs\/spolecnost\/terenni-sluzby-v-zahranici\/\">Ter\u00e9nn\u00ed slu\u017eby v zahrani\u010d\u00ed<\/a><\/h2>\n<\/div>\n<\/div>\n<\/div>\n<\/div>\n<style class=\"advgb-styles-renderer\">.wp-block-kadence-spacer.kt-block-spacer-45294_a6f5ca-0b .kt-block-spacer{height:60px;}.wp-block-kadence-spacer.kt-block-spacer-45294_a6f5ca-0b .kt-divider{border-top-width:1px;height:1px;border-top-color:#eee;width:80%;border-top-style:solid;}<\/style>","protected":false},"excerpt":{"rendered":"<p>Kontakt na KLINGER Kempchen M\u00e1te n\u011bjak\u00e9 dotazy, po\u017eadavky nebo n\u00e1vrhy t\u00fdkaj\u00edc\u00ed se na\u0161ich produkt\u016f a \u0159e\u0161en\u00ed?Obra\u0165te se na n\u00e1s. T\u011b\u0161\u00edme se, \u017ee v\u00e1m pom\u016f\u017eeme. Va\u0161e osobn\u00ed \u00fadaje v e-mailu, kter\u00fd n\u00e1m za\u0161lete, budou zpracov\u00e1ny elektronicky v\u00fdhradn\u011b za \u00fa\u010delem odpov\u011bdi na v\u00e1\u0161 dotaz.P\u0159e\u010dt\u011bte si tak\u00e9 na\u0161e Z\u00e1sady ochrany osobn\u00edch \u00fadaj\u016f. Obecn\u00fd kontakt Dom\u00e1c\u00ed prodejn\u00ed s\u00edly Ter\u00e9nn\u00ed [&hellip;]<\/p>\n","protected":false},"author":1,"featured_media":17748,"parent":0,"menu_order":0,"comment_status":"closed","ping_status":"closed","template":"page-templates\/secciones-principales.php","meta":{"advgb_blocks_editor_width":"","advgb_blocks_columns_visual_guide":"","iawp_total_views":4,"footnotes":""},"class_list":["post-45294","page","type-page","status-publish","has-post-thumbnail","hentry"],"yoast_head":"<!-- This site is optimized with the Yoast SEO plugin v27.3 - https:\/\/yoast.com\/product\/yoast-seo-wordpress\/ -->\n<title>Kontaktn\u00ed osoba - KLINGER Kempchen<\/title>\n<meta name=\"description\" content=\"Nehmen Sie bitte Kontakt mit uns auf. Wir freuen uns, wenn wir Ihnen weiterhelfen k\u00f6nnen.\" \/>\n<meta name=\"robots\" content=\"index, follow, max-snippet:-1, max-image-preview:large, max-video-preview:-1\" \/>\n<link rel=\"canonical\" href=\"https:\/\/www.klinger-kempchen.de\/?page_id=19476\" \/>\n<meta property=\"og:locale\" content=\"cs_CZ\" \/>\n<meta property=\"og:type\" content=\"article\" \/>\n<meta property=\"og:title\" content=\"Kontaktn\u00ed osoba - KLINGER Kempchen\" \/>\n<meta property=\"og:description\" content=\"Nehmen Sie bitte Kontakt mit uns auf. Wir freuen uns, wenn wir Ihnen weiterhelfen k\u00f6nnen.\" \/>\n<meta property=\"og:url\" content=\"https:\/\/www.klinger-kempchen.de\/?page_id=19476\" \/>\n<meta property=\"og:site_name\" content=\"KLINGER Kempchen\" \/>\n<meta property=\"article:modified_time\" content=\"2025-04-02T08:27:09+00:00\" \/>\n<meta property=\"og:image\" content=\"https:\/\/www.klinger-kempchen.de\/wp-content\/uploads\/2020\/07\/KLINGER-header-Weltkarte.jpg\" \/>\n\t<meta property=\"og:image:width\" content=\"1400\" \/>\n\t<meta property=\"og:image:height\" content=\"334\" \/>\n\t<meta property=\"og:image:type\" content=\"image\/jpeg\" \/>\n<!-- \/ Yoast SEO plugin. -->","yoast_head_json":{"title":"Kontaktn\u00ed osoba - KLINGER Kempchen","description":"Nehmen Sie bitte Kontakt mit uns auf. Wir freuen uns, wenn wir Ihnen weiterhelfen k\u00f6nnen.","robots":{"index":"index","follow":"follow","max-snippet":"max-snippet:-1","max-image-preview":"max-image-preview:large","max-video-preview":"max-video-preview:-1"},"canonical":"https:\/\/www.klinger-kempchen.de\/?page_id=19476","og_locale":"cs_CZ","og_type":"article","og_title":"Kontaktn\u00ed osoba - KLINGER Kempchen","og_description":"Nehmen Sie bitte Kontakt mit uns auf. Wir freuen uns, wenn wir Ihnen weiterhelfen k\u00f6nnen.","og_url":"https:\/\/www.klinger-kempchen.de\/?page_id=19476","og_site_name":"KLINGER Kempchen","article_modified_time":"2025-04-02T08:27:09+00:00","og_image":[{"width":1400,"height":334,"url":"https:\/\/www.klinger-kempchen.de\/wp-content\/uploads\/2020\/07\/KLINGER-header-Weltkarte.jpg","type":"image\/jpeg"}],"schema":{"@context":"https:\/\/schema.org","@graph":[{"@type":"WebPage","@id":"https:\/\/www.klinger-kempchen.de\/?page_id=19476","url":"https:\/\/www.klinger-kempchen.de\/?page_id=19476","name":"Kontaktn\u00ed osoba - KLINGER Kempchen","isPartOf":{"@id":"https:\/\/www.klinger-kempchen.de\/#website"},"primaryImageOfPage":{"@id":"https:\/\/www.klinger-kempchen.de\/?page_id=19476#primaryimage"},"image":{"@id":"https:\/\/www.klinger-kempchen.de\/?page_id=19476#primaryimage"},"thumbnailUrl":"https:\/\/www.klinger-kempchen.de\/wp-content\/uploads\/2020\/07\/KLINGER-header-Weltkarte.jpg","datePublished":"2023-09-22T14:16:19+00:00","dateModified":"2025-04-02T08:27:09+00:00","description":"Nehmen Sie bitte Kontakt mit uns auf. Wir freuen uns, wenn wir Ihnen weiterhelfen k\u00f6nnen.","breadcrumb":{"@id":"https:\/\/www.klinger-kempchen.de\/?page_id=19476#breadcrumb"},"inLanguage":"cs","potentialAction":[{"@type":"ReadAction","target":["https:\/\/www.klinger-kempchen.de\/?page_id=19476"]}]},{"@type":"ImageObject","inLanguage":"cs","@id":"https:\/\/www.klinger-kempchen.de\/?page_id=19476#primaryimage","url":"https:\/\/www.klinger-kempchen.de\/wp-content\/uploads\/2020\/07\/KLINGER-header-Weltkarte.jpg","contentUrl":"https:\/\/www.klinger-kempchen.de\/wp-content\/uploads\/2020\/07\/KLINGER-header-Weltkarte.jpg","width":1400,"height":334,"caption":"Aussendienst Ausland"},{"@type":"BreadcrumbList","@id":"https:\/\/www.klinger-kempchen.de\/?page_id=19476#breadcrumb","itemListElement":[{"@type":"ListItem","position":1,"name":"Home","item":"https:\/\/www.klinger-kempchen.de\/"},{"@type":"ListItem","position":2,"name":"Kontaktn\u00ed osoba"}]},{"@type":"WebSite","@id":"https:\/\/www.klinger-kempchen.de\/#website","url":"https:\/\/www.klinger-kempchen.de\/","name":"KLINGER Kempchen","description":"KLINGER Kempchen","publisher":{"@id":"https:\/\/www.klinger-kempchen.de\/#organization"},"potentialAction":[{"@type":"SearchAction","target":{"@type":"EntryPoint","urlTemplate":"https:\/\/www.klinger-kempchen.de\/?s={search_term_string}"},"query-input":{"@type":"PropertyValueSpecification","valueRequired":true,"valueName":"search_term_string"}}],"inLanguage":"cs"},{"@type":"Organization","@id":"https:\/\/www.klinger-kempchen.de\/#organization","name":"KLINGER-Kempchen","url":"https:\/\/www.klinger-kempchen.de\/","logo":{"@type":"ImageObject","inLanguage":"cs","@id":"https:\/\/www.klinger-kempchen.de\/#\/schema\/logo\/image\/","url":"https:\/\/www.klinger-kempchen.de\/wp-content\/uploads\/2020\/06\/cropped-Klinger-Kempchen-Logo.png","contentUrl":"https:\/\/www.klinger-kempchen.de\/wp-content\/uploads\/2020\/06\/cropped-Klinger-Kempchen-Logo.png","width":512,"height":512,"caption":"KLINGER-Kempchen"},"image":{"@id":"https:\/\/www.klinger-kempchen.de\/#\/schema\/logo\/image\/"}}]}},"coauthors":[],"author_meta":{"author_link":"https:\/\/www.klinger-kempchen.de\/cs\/author\/administrador\/","display_name":"administrador"},"relative_dates":{"created":"Posted 3 roky ago","modified":"Updated 1 rokem ago"},"absolute_dates":{"created":"Posted on 22 z\u00e1\u0159\u00ed 2023","modified":"Updated on 2 dubna 2025"},"absolute_dates_time":{"created":"Posted on 22 z\u00e1\u0159\u00ed 2023 16:16","modified":"Updated on 2 dubna 2025 10:27"},"featured_img_caption":"Aussendienst Ausland","featured_img":"https:\/\/www.klinger-kempchen.de\/wp-content\/uploads\/2020\/07\/KLINGER-header-Weltkarte.jpg","series_order":"","_links":{"self":[{"href":"https:\/\/www.klinger-kempchen.de\/cs\/wp-json\/wp\/v2\/pages\/45294","targetHints":{"allow":["GET"]}}],"collection":[{"href":"https:\/\/www.klinger-kempchen.de\/cs\/wp-json\/wp\/v2\/pages"}],"about":[{"href":"https:\/\/www.klinger-kempchen.de\/cs\/wp-json\/wp\/v2\/types\/page"}],"author":[{"embeddable":true,"href":"https:\/\/www.klinger-kempchen.de\/cs\/wp-json\/wp\/v2\/users\/1"}],"replies":[{"embeddable":true,"href":"https:\/\/www.klinger-kempchen.de\/cs\/wp-json\/wp\/v2\/comments?post=45294"}],"version-history":[{"count":0,"href":"https:\/\/www.klinger-kempchen.de\/cs\/wp-json\/wp\/v2\/pages\/45294\/revisions"}],"wp:featuredmedia":[{"embeddable":true,"href":"https:\/\/www.klinger-kempchen.de\/cs\/wp-json\/wp\/v2\/media\/17748"}],"wp:attachment":[{"href":"https:\/\/www.klinger-kempchen.de\/cs\/wp-json\/wp\/v2\/media?parent=45294"}],"curies":[{"name":"wp","href":"https:\/\/api.w.org\/{rel}","templated":true}]}}