{"id":47636,"date":"2024-10-21T17:00:18","date_gmt":"2024-10-21T15:00:18","guid":{"rendered":"https:\/\/www.klinger-kempchen.de\/?page_id=47636"},"modified":"2024-10-21T17:37:40","modified_gmt":"2024-10-21T15:37:40","slug":"impressum","status":"publish","type":"page","link":"https:\/\/www.klinger-kempchen.de\/cs\/impressum\/","title":{"rendered":"Impressum"},"content":{"rendered":"\n<h3 class=\"wp-block-heading\">IMPRESSUM<\/h3>\n\n\n\n<p><strong>Vydavatel:<\/strong><br><strong>KLINGER Kempchen GmbH<\/strong><\/p>\n\n\n\n<p><strong>S\u00eddlo spole\u010dnosti:<br><\/strong>Im Waldteich 21<br>D-46147 Oberhausen<br>T&nbsp; &nbsp; +49 208 84 82 0<br>F&nbsp; &nbsp; +49 208 84 82 285<br>E-mail:&nbsp;<a href=\"mailto:marketing@klinger.co.at\">info@klinger-kempchen.de<\/a><\/p>\n\n\n\n<h3 class=\"wp-block-heading\">Informace o spole\u010dnosti<\/h3>\n\n\n\n<p>V\u00fdkonn\u00fd \u0159editel: Dr. Dirk Sunderer<br>Odpov\u011bdn\u00fd za obsah: KLINGER Kempchen GmbH<\/p>\n\n\n\n<p>Amtsgericht Duisburg<br>Hdl.-Reg.-Nr. HRB 16971<br>Steuer-Nr. 123\/5744\/2223<br>USt-ID-Nr. DE 813973508<\/p>\n\n\n\n<p><br><\/p>\n\n\n\n<h4 class=\"wp-block-heading\"><strong>Sm\u011b\u0159ov\u00e1n\u00ed webov\u00fdch str\u00e1nek<\/strong><\/h4>\n\n\n\n<p>Webov\u00e9 str\u00e1nky spole\u010dnosti KLINGER Kempchen GmbH slou\u017e\u00ed k informov\u00e1n\u00ed ve\u0159ejnosti o produktech, slu\u017eb\u00e1ch a oborech \u010dinnosti spole\u010dnosti.<\/p>\n\n\n\n<h4 class=\"wp-block-heading\"><strong>Odm\u00edtnut\u00ed odpov\u011bdnosti<\/strong><\/h4>\n\n\n\n<p>Odpov\u011bdnost za obsah a programy \u0161\u00ed\u0159en\u00e9 na t\u011bchto webov\u00fdch str\u00e1nk\u00e1ch a za \u0161kody vznikl\u00e9 v d\u016fsledku nep\u0159esn\u00fdch informac\u00ed nebo chybn\u00fdch program\u016f je vylou\u010dena. Pokud tyto \u0161kody nezp\u016fsobila spole\u010dnost KLINGER Kempchen nebo jej\u00ed zam\u011bstnanci \u00famysln\u011b nebo z hrub\u00e9 nedbalosti.<br>Webov\u00e9 str\u00e1nky spole\u010dnosti KLINGER Kempchen obsahuj\u00ed odkazy na jin\u00e9 webov\u00e9 str\u00e1nky.<br>Pro tyto odkazy plat\u00ed n\u00e1sleduj\u00edc\u00ed: Spole\u010dnost KLINGER Kempchen nem\u00e1 \u017e\u00e1dn\u00fd vliv na podobu a obsah odkazovan\u00fdch str\u00e1nek. Spole\u010dnost KLINGER Kempchen se t\u00edmto v\u00fdslovn\u011b distancuje od ve\u0161ker\u00e9ho obsahu v\u0161ech odkazovan\u00fdch str\u00e1nek na v\u0161ech webov\u00fdch str\u00e1nk\u00e1ch, v\u010detn\u011b v\u0161ech podstr\u00e1nek spole\u010dnosti KLINGER Kempchen. To plat\u00ed pro v\u0161echny odkazy poskytovan\u00e9 spole\u010dnost\u00ed KLINGER Kempchen a pro ve\u0161ker\u00fd obsah str\u00e1nek, na kter\u00e9 odkazy nebo bannery vedou.<\/p>\n\n\n\n<h4 class=\"wp-block-heading\"><strong>Copyright<\/strong><\/h4>\n\n\n\n<p>V\u0161echny \u010dl\u00e1nky, ilustrace, dokumenty a fotografie na webov\u00fdch str\u00e1nk\u00e1ch www.klinger-kempchen.de jsou chr\u00e1n\u011bny autorsk\u00fdm pr\u00e1vem a bez na\u0161eho souhlasu je nelze kop\u00edrovat, rozmno\u017eovat ani p\u0159eb\u00edrat.<\/p>\n\n\n\n<h4 class=\"wp-block-heading\"><strong>Pozn\u00e1mka k pohlav\u00ed<\/strong><\/h4>\n\n\n\n<p>Z d\u016fvodu srozumitelnosti se osobn\u00ed a profesn\u00ed ozna\u010den\u00ed pou\u017e\u00edvan\u00e1 na t\u011bchto webov\u00fdch str\u00e1nk\u00e1ch objevuj\u00ed pouze v jednom tvaru, ale samoz\u0159ejm\u011b se vztahuj\u00ed na ob\u011b pohlav\u00ed.<\/p>\n\n\n\n<h4 class=\"wp-block-heading\"><strong>Obrazov\u00fd materi\u00e1l<\/strong><\/h4>\n\n\n\n<p>Stahov\u00e1n\u00ed Licencovan\u00e9ho materi\u00e1lu je zak\u00e1z\u00e1no a jak\u00e9koli dal\u0161\u00ed publikov\u00e1n\u00ed, p\u0159epos\u00edl\u00e1n\u00ed, reprodukce nebo jin\u00e9 pou\u017eit\u00ed Licencovan\u00e9ho materi\u00e1lu je zak\u00e1z\u00e1no.<\/p>\n\n\n\n<h4 class=\"wp-block-heading\"><strong><strong>\u0158e\u0161en\u00ed spor\u016f<\/strong><\/strong><\/h4>\n\n\n\n<p>Nejsme ochotni ani povinni \u00fa\u010dastnit se \u0159\u00edzen\u00ed o \u0159e\u0161en\u00ed spor\u016f p\u0159ed spot\u0159ebitelskou rozhod\u010d\u00ed komis\u00ed.<\/p>\n\n\n\n<h4 class=\"wp-block-heading\"><strong>Odpov\u011bdnost za obsah<\/strong><\/h4>\n\n\n\n<p>Jako poskytovatel slu\u017eeb neseme odpov\u011bdnost za vlastn\u00ed obsah t\u011bchto str\u00e1nek v souladu s obecn\u00fdmi pr\u00e1vn\u00edmi p\u0159edpisy. Jako poskytovatel slu\u017eeb v\u0161ak nejsme povinni monitorovat p\u0159en\u00e1\u0161en\u00e9 nebo ukl\u00e1dan\u00e9 informace t\u0159et\u00edch stran ani vy\u0161et\u0159ovat okolnosti, kter\u00e9 nazna\u010duj\u00ed nez\u00e1konnou \u010dinnost.<\/p>\n\n\n\n<p>Povinnosti odstranit nebo zablokovat pou\u017e\u00edv\u00e1n\u00ed informac\u00ed v souladu s obecn\u00fdmi pr\u00e1vn\u00edmi p\u0159edpisy t\u00edm nejsou dot\u010deny. Odpov\u011bdnost v tomto ohledu je v\u0161ak mo\u017en\u00e1 a\u017e od okam\u017eiku, kdy se dozv\u00edme o konkr\u00e9tn\u00edm poru\u0161en\u00ed. Jakmile se o takov\u00e9m poru\u0161en\u00ed dozv\u00edme, okam\u017eit\u011b tento obsah odstran\u00edme.<\/p>\n\n\n\n<h4 class=\"wp-block-heading\"><strong>Odpov\u011bdnost za odkazy<\/strong><\/h4>\n\n\n\n<p>Na\u0161e webov\u00e9 str\u00e1nky obsahuj\u00ed odkazy na extern\u00ed webov\u00e9 str\u00e1nky t\u0159et\u00edch stran, na jejich\u017e obsah nem\u00e1me \u017e\u00e1dn\u00fd vliv. Proto nem\u016f\u017eeme p\u0159evz\u00edt \u017e\u00e1dnou odpov\u011bdnost za tento obsah t\u0159et\u00edch stran. Za obsah odkazovan\u00fdch str\u00e1nek je v\u017edy odpov\u011bdn\u00fd p\u0159\u00edslu\u0161n\u00fd poskytovatel nebo provozovatel str\u00e1nek. Odkazovan\u00e9 str\u00e1nky byly v dob\u011b odkazov\u00e1n\u00ed zkontrolov\u00e1ny z hlediska mo\u017en\u00e9ho poru\u0161en\u00ed pr\u00e1vn\u00edch p\u0159edpis\u016f. Nez\u00e1konn\u00fd obsah nebyl v dob\u011b odkazov\u00e1n\u00ed rozpozn\u00e1n.<br>Trval\u00e1 kontrola obsahu odkazovan\u00fdch str\u00e1nek v\u0161ak nen\u00ed bez konkr\u00e9tn\u00edch d\u016fkaz\u016f o protipr\u00e1vn\u00edm jedn\u00e1n\u00ed \u00fa\u010deln\u00e1. Pokud se dozv\u00edme o jak\u00e9mkoli poru\u0161en\u00ed pr\u00e1vn\u00edch p\u0159edpis\u016f, okam\u017eit\u011b takov\u00e9 odkazy odstran\u00edme.<\/p>\n\n\n\n<h4 class=\"wp-block-heading\"><strong>Autorsk\u00e1 pr\u00e1va<\/strong><\/h4>\n\n\n\n<p>Obsah a d\u00edla vytvo\u0159en\u00e1 provozovateli str\u00e1nek na t\u011bchto str\u00e1nk\u00e1ch podl\u00e9haj\u00ed n\u011bmeck\u00e9mu autorsk\u00e9mu pr\u00e1vu. Kop\u00edrov\u00e1n\u00ed, zpracov\u00e1n\u00ed, \u0161\u00ed\u0159en\u00ed a jak\u00fdkoli zp\u016fsob vyu\u017eit\u00ed nad r\u00e1mec autorsk\u00e9ho pr\u00e1va vy\u017eaduje p\u00edsemn\u00fd souhlas p\u0159\u00edslu\u0161n\u00e9ho autora nebo tv\u016frce. Stahov\u00e1n\u00ed a kop\u00edrov\u00e1n\u00ed t\u011bchto str\u00e1nek je povoleno pouze pro soukrom\u00e9, nekomer\u010dn\u00ed pou\u017eit\u00ed.<br>Pokud obsah t\u011bchto str\u00e1nek nebyl vytvo\u0159en provozovatelem, jsou autorsk\u00e1 pr\u00e1va t\u0159et\u00edch stran respektov\u00e1na. Zejm\u00e9na obsah t\u0159et\u00edch stran je takto ozna\u010den. Pokud se p\u0159esto dozv\u00edte o poru\u0161en\u00ed autorsk\u00fdch pr\u00e1v, informujte n\u00e1s o tom. Pokud se o poru\u0161en\u00ed dozv\u00edme, takov\u00fd obsah neprodlen\u011b odstran\u00edme.<\/p>\n","protected":false},"excerpt":{"rendered":"<p>IMPRESSUM Vydavatel:KLINGER Kempchen GmbH S\u00eddlo spole\u010dnosti:Im Waldteich 21D-46147 OberhausenT&nbsp; &nbsp; +49 208 84 82 0F&nbsp; &nbsp; +49 208 84 82 285E-mail:&nbsp;info@klinger-kempchen.de Informace o spole\u010dnosti V\u00fdkonn\u00fd \u0159editel: Dr. Dirk SundererOdpov\u011bdn\u00fd za obsah: KLINGER Kempchen GmbH Amtsgericht DuisburgHdl.-Reg.-Nr. HRB 16971Steuer-Nr. 123\/5744\/2223USt-ID-Nr. DE 813973508 Sm\u011b\u0159ov\u00e1n\u00ed webov\u00fdch str\u00e1nek Webov\u00e9 str\u00e1nky spole\u010dnosti KLINGER Kempchen GmbH slou\u017e\u00ed k informov\u00e1n\u00ed ve\u0159ejnosti o [&hellip;]<\/p>\n","protected":false},"author":1,"featured_media":17571,"parent":0,"menu_order":0,"comment_status":"closed","ping_status":"closed","template":"page-templates\/somos.php","meta":{"advgb_blocks_editor_width":"","advgb_blocks_columns_visual_guide":"","iawp_total_views":10,"footnotes":""},"class_list":["post-47636","page","type-page","status-publish","has-post-thumbnail","hentry"],"yoast_head":"<!-- This site is optimized with the Yoast SEO plugin v27.3 - https:\/\/yoast.com\/product\/yoast-seo-wordpress\/ -->\n<title>Impressum - KLINGER Kempchen<\/title>\n<meta name=\"robots\" content=\"index, follow, max-snippet:-1, max-image-preview:large, max-video-preview:-1\" \/>\n<link rel=\"canonical\" href=\"https:\/\/www.klinger-kempchen.de\/cs\/impressum\/\" \/>\n<meta property=\"og:locale\" content=\"cs_CZ\" \/>\n<meta property=\"og:type\" content=\"article\" \/>\n<meta property=\"og:title\" content=\"Impressum - KLINGER Kempchen\" \/>\n<meta property=\"og:description\" content=\"IMPRESSUM Vydavatel:KLINGER Kempchen GmbH S\u00eddlo spole\u010dnosti:Im Waldteich 21D-46147 OberhausenT&nbsp; &nbsp; +49 208 84 82 0F&nbsp; &nbsp; +49 208 84 82 285E-mail:&nbsp;info@klinger-kempchen.de Informace o spole\u010dnosti V\u00fdkonn\u00fd \u0159editel: Dr. Dirk SundererOdpov\u011bdn\u00fd za obsah: KLINGER Kempchen GmbH Amtsgericht DuisburgHdl.-Reg.-Nr. HRB 16971Steuer-Nr. 123\/5744\/2223USt-ID-Nr. DE 813973508 Sm\u011b\u0159ov\u00e1n\u00ed webov\u00fdch str\u00e1nek Webov\u00e9 str\u00e1nky spole\u010dnosti KLINGER Kempchen GmbH slou\u017e\u00ed k informov\u00e1n\u00ed ve\u0159ejnosti o [&hellip;]\" \/>\n<meta property=\"og:url\" content=\"https:\/\/www.klinger-kempchen.de\/cs\/impressum\/\" \/>\n<meta property=\"og:site_name\" content=\"KLINGER Kempchen\" \/>\n<meta property=\"article:modified_time\" content=\"2024-10-21T15:37:40+00:00\" \/>\n<meta property=\"og:image\" content=\"https:\/\/www.klinger-kempchen.de\/wp-content\/uploads\/2020\/07\/Dummy.jpg\" \/>\n\t<meta property=\"og:image:width\" content=\"1400\" \/>\n\t<meta property=\"og:image:height\" content=\"334\" \/>\n\t<meta property=\"og:image:type\" content=\"image\/jpeg\" \/>\n<meta name=\"twitter:label1\" content=\"Odhadovan\u00e1 doba \u010dten\u00ed\" \/>\n\t<meta name=\"twitter:data1\" content=\"4 minuty\" \/>\n<!-- \/ Yoast SEO plugin. -->","yoast_head_json":{"title":"Impressum - KLINGER Kempchen","robots":{"index":"index","follow":"follow","max-snippet":"max-snippet:-1","max-image-preview":"max-image-preview:large","max-video-preview":"max-video-preview:-1"},"canonical":"https:\/\/www.klinger-kempchen.de\/cs\/impressum\/","og_locale":"cs_CZ","og_type":"article","og_title":"Impressum - KLINGER Kempchen","og_description":"IMPRESSUM Vydavatel:KLINGER Kempchen GmbH S\u00eddlo spole\u010dnosti:Im Waldteich 21D-46147 OberhausenT&nbsp; &nbsp; +49 208 84 82 0F&nbsp; &nbsp; +49 208 84 82 285E-mail:&nbsp;info@klinger-kempchen.de Informace o spole\u010dnosti V\u00fdkonn\u00fd \u0159editel: Dr. Dirk SundererOdpov\u011bdn\u00fd za obsah: KLINGER Kempchen GmbH Amtsgericht DuisburgHdl.-Reg.-Nr. HRB 16971Steuer-Nr. 123\/5744\/2223USt-ID-Nr. DE 813973508 Sm\u011b\u0159ov\u00e1n\u00ed webov\u00fdch str\u00e1nek Webov\u00e9 str\u00e1nky spole\u010dnosti KLINGER Kempchen GmbH slou\u017e\u00ed k informov\u00e1n\u00ed ve\u0159ejnosti o [&hellip;]","og_url":"https:\/\/www.klinger-kempchen.de\/cs\/impressum\/","og_site_name":"KLINGER Kempchen","article_modified_time":"2024-10-21T15:37:40+00:00","og_image":[{"width":1400,"height":334,"url":"https:\/\/www.klinger-kempchen.de\/wp-content\/uploads\/2020\/07\/Dummy.jpg","type":"image\/jpeg"}],"twitter_misc":{"Odhadovan\u00e1 doba \u010dten\u00ed":"4 minuty"},"schema":{"@context":"https:\/\/schema.org","@graph":[{"@type":"WebPage","@id":"https:\/\/www.klinger-kempchen.de\/cs\/impressum\/","url":"https:\/\/www.klinger-kempchen.de\/cs\/impressum\/","name":"Impressum - KLINGER Kempchen","isPartOf":{"@id":"https:\/\/www.klinger-kempchen.de\/#website"},"primaryImageOfPage":{"@id":"https:\/\/www.klinger-kempchen.de\/cs\/impressum\/#primaryimage"},"image":{"@id":"https:\/\/www.klinger-kempchen.de\/cs\/impressum\/#primaryimage"},"thumbnailUrl":"https:\/\/www.klinger-kempchen.de\/wp-content\/uploads\/2020\/07\/Dummy.jpg","datePublished":"2024-10-21T15:00:18+00:00","dateModified":"2024-10-21T15:37:40+00:00","breadcrumb":{"@id":"https:\/\/www.klinger-kempchen.de\/cs\/impressum\/#breadcrumb"},"inLanguage":"cs","potentialAction":[{"@type":"ReadAction","target":["https:\/\/www.klinger-kempchen.de\/cs\/impressum\/"]}]},{"@type":"ImageObject","inLanguage":"cs","@id":"https:\/\/www.klinger-kempchen.de\/cs\/impressum\/#primaryimage","url":"https:\/\/www.klinger-kempchen.de\/wp-content\/uploads\/2020\/07\/Dummy.jpg","contentUrl":"https:\/\/www.klinger-kempchen.de\/wp-content\/uploads\/2020\/07\/Dummy.jpg","width":1400,"height":334},{"@type":"BreadcrumbList","@id":"https:\/\/www.klinger-kempchen.de\/cs\/impressum\/#breadcrumb","itemListElement":[{"@type":"ListItem","position":1,"name":"Home","item":"https:\/\/www.klinger-kempchen.de\/"},{"@type":"ListItem","position":2,"name":"Impressum"}]},{"@type":"WebSite","@id":"https:\/\/www.klinger-kempchen.de\/#website","url":"https:\/\/www.klinger-kempchen.de\/","name":"KLINGER Kempchen","description":"KLINGER Kempchen","publisher":{"@id":"https:\/\/www.klinger-kempchen.de\/#organization"},"potentialAction":[{"@type":"SearchAction","target":{"@type":"EntryPoint","urlTemplate":"https:\/\/www.klinger-kempchen.de\/?s={search_term_string}"},"query-input":{"@type":"PropertyValueSpecification","valueRequired":true,"valueName":"search_term_string"}}],"inLanguage":"cs"},{"@type":"Organization","@id":"https:\/\/www.klinger-kempchen.de\/#organization","name":"KLINGER-Kempchen","url":"https:\/\/www.klinger-kempchen.de\/","logo":{"@type":"ImageObject","inLanguage":"cs","@id":"https:\/\/www.klinger-kempchen.de\/#\/schema\/logo\/image\/","url":"https:\/\/www.klinger-kempchen.de\/wp-content\/uploads\/2020\/06\/cropped-Klinger-Kempchen-Logo.png","contentUrl":"https:\/\/www.klinger-kempchen.de\/wp-content\/uploads\/2020\/06\/cropped-Klinger-Kempchen-Logo.png","width":512,"height":512,"caption":"KLINGER-Kempchen"},"image":{"@id":"https:\/\/www.klinger-kempchen.de\/#\/schema\/logo\/image\/"}}]}},"coauthors":[],"author_meta":{"author_link":"https:\/\/www.klinger-kempchen.de\/cs\/author\/administrador\/","display_name":"administrador"},"relative_dates":{"created":"Posted 1 rokem ago","modified":"Updated 1 rokem ago"},"absolute_dates":{"created":"Posted on 21 \u0159\u00edjna 2024","modified":"Updated on 21 \u0159\u00edjna 2024"},"absolute_dates_time":{"created":"Posted on 21 \u0159\u00edjna 2024 17:00","modified":"Updated on 21 \u0159\u00edjna 2024 17:37"},"featured_img_caption":"","featured_img":"https:\/\/www.klinger-kempchen.de\/wp-content\/uploads\/2020\/07\/Dummy.jpg","series_order":"","_links":{"self":[{"href":"https:\/\/www.klinger-kempchen.de\/cs\/wp-json\/wp\/v2\/pages\/47636","targetHints":{"allow":["GET"]}}],"collection":[{"href":"https:\/\/www.klinger-kempchen.de\/cs\/wp-json\/wp\/v2\/pages"}],"about":[{"href":"https:\/\/www.klinger-kempchen.de\/cs\/wp-json\/wp\/v2\/types\/page"}],"author":[{"embeddable":true,"href":"https:\/\/www.klinger-kempchen.de\/cs\/wp-json\/wp\/v2\/users\/1"}],"replies":[{"embeddable":true,"href":"https:\/\/www.klinger-kempchen.de\/cs\/wp-json\/wp\/v2\/comments?post=47636"}],"version-history":[{"count":0,"href":"https:\/\/www.klinger-kempchen.de\/cs\/wp-json\/wp\/v2\/pages\/47636\/revisions"}],"wp:featuredmedia":[{"embeddable":true,"href":"https:\/\/www.klinger-kempchen.de\/cs\/wp-json\/wp\/v2\/media\/17571"}],"wp:attachment":[{"href":"https:\/\/www.klinger-kempchen.de\/cs\/wp-json\/wp\/v2\/media?parent=47636"}],"curies":[{"name":"wp","href":"https:\/\/api.w.org\/{rel}","templated":true}]}}