{"id":7538,"date":"2020-07-23T16:31:34","date_gmt":"2020-07-23T14:31:34","guid":{"rendered":"https:\/\/www.klinger-kempchen.de\/company\/klinger-news\/"},"modified":"2024-03-12T08:57:35","modified_gmt":"2024-03-12T07:57:35","slug":"klinger-news","status":"publish","type":"page","link":"https:\/\/www.klinger-kempchen.de\/en\/company\/klinger-news\/","title":{"rendered":"News"},"content":{"rendered":"\n<h1 class=\"wp-block-heading hidden\">NEWS<\/h1>\n\n\n\n<p>The market is constantly changing and there are new developments that we present to you in our KLINGER news. We are happy to inform you about our activities. Check back every now and then to see what&#8217;s new.<\/p>\n\n\n\n<p>You can also find out at which trade fairs you can meet us. There we can certainly give you further information and suggestions that you need for your project. Let competent specialists show and explain the possibilities in sealing technology to you. Ask us what problem you are struggling with or what optimisation possibilities exist for your system or planning project. We can certainly provide you with some suggestions.<\/p>\n\n\n\n<p> We will also present a selection of our <a href=\"https:\/\/www.klinger-kempchen.de\/en\/products\/\">products <\/a>on site.<\/p>\n\n\n\n<div class=\"wp-block-kadence-spacer aligncenter kt-block-spacer-7538_704b9e-32\"><div class=\"kt-block-spacer kt-block-spacer-halign-center\"><hr class=\"kt-divider\"\/><\/div><\/div>\n\n\n<div class=\"advgb-recent-posts-block grid-view columns-3 recent-posts-c52c303f-39b7-4c2e-86e6-8ee99d505d59\"><div class=\"advgb-recent-posts\"><article class=\"advgb-recent-post\"><div class=\"advgb-post-thumbnail\"><a href=\"https:\/\/www.klinger-kempchen.de\/en\/%e2%9c%a8-klinger-kempchen-christmas-2025-company-holiday-schedule-time-to-reflect-%e2%9c%a8\/\"><img loading=\"lazy\" decoding=\"async\" width=\"1588\" height=\"794\" src=\"https:\/\/www.klinger-kempchen.de\/wp-content\/uploads\/2025\/12\/yearend.jpg_website.jpg\" class=\"attachment-large size-large\" alt=\"Seansons Greetings and a happy New Year\" srcset=\"https:\/\/www.klinger-kempchen.de\/wp-content\/uploads\/2025\/12\/yearend.jpg_website.jpg 1588w, https:\/\/www.klinger-kempchen.de\/wp-content\/uploads\/2025\/12\/yearend.jpg_website-768x384.jpg 768w, https:\/\/www.klinger-kempchen.de\/wp-content\/uploads\/2025\/12\/yearend.jpg_website-1536x768.jpg 1536w, https:\/\/www.klinger-kempchen.de\/wp-content\/uploads\/2025\/12\/yearend.jpg_website-1400x700.jpg 1400w\" sizes=\"auto, (max-width: 1588px) 100vw, 1588px\" \/><\/a><\/div><div class=\"advgb-post-wrapper\"><h2 class=\"advgb-post-title\"><a href=\"https:\/\/www.klinger-kempchen.de\/en\/%e2%9c%a8-klinger-kempchen-christmas-2025-company-holiday-schedule-time-to-reflect-%e2%9c%a8\/\">\u2728 KLINGER Kempchen Christmas 2025 \u2013 Company Holiday Schedule &amp; Time to Reflect \u2728<\/a><\/h2><div class=\"advgb-post-content\"><div class=\"advgb-post-excerpt\">The year 2025 is coming to an end, and we would like to take this opportunity to sincerely thank all our customers, suppliers, and valued business partners.<\/div><div class=\"advgb-post-readmore\"><a href=\"https:\/\/www.klinger-kempchen.de\/en\/%e2%9c%a8-klinger-kempchen-christmas-2025-company-holiday-schedule-time-to-reflect-%e2%9c%a8\/\">\u00bb<\/a><\/div><\/div><\/div><\/article><article class=\"advgb-recent-post\"><div class=\"advgb-post-thumbnail\"><a href=\"https:\/\/www.klinger-kempchen.de\/en\/gemeinsam-stark-auf-der-hydrogen-technology-europe-expo-klinger-kempchen-klinger-germany\/\"><img loading=\"lazy\" decoding=\"async\" width=\"768\" height=\"480\" src=\"https:\/\/www.klinger-kempchen.de\/wp-content\/uploads\/2025\/08\/News-KLINGER-Kempchen-auf-der-Hydrogen-Technology-Expo-Europe-2025-.png\" class=\"attachment-large size-large\" alt=\"Triff #teamKLINGER auf der Hydrogen Technology Expo Europe 2025 in Hamburg. Wir freuen uns auf zahlreiches Erscheinen!\" \/><\/a><\/div><div class=\"advgb-post-wrapper\"><h2 class=\"advgb-post-title\"><a href=\"https:\/\/www.klinger-kempchen.de\/en\/gemeinsam-stark-auf-der-hydrogen-technology-europe-expo-klinger-kempchen-klinger-germany\/\">Strong together at the Hydrogen Technology Europe Expo \u2013 KLINGER Kempchen &amp; KLINGER Germany<\/a><\/h2><div class=\"advgb-post-content\"><div class=\"advgb-post-excerpt\">Triff #teamKLINGER auf der Hydrogen Technology Expo Europe vom 21. bis 23. Oktober in Hamburg! <\/div><div class=\"advgb-post-readmore\"><a href=\"https:\/\/www.klinger-kempchen.de\/en\/gemeinsam-stark-auf-der-hydrogen-technology-europe-expo-klinger-kempchen-klinger-germany\/\">\u00bb<\/a><\/div><\/div><\/div><\/article><article class=\"advgb-recent-post\"><div class=\"advgb-post-thumbnail\"><a href=\"https:\/\/www.klinger-kempchen.de\/en\/summer-in-the-city-%f0%9f%8c%9e-sommerfest-bei-klinger-kempchen\/\"><img loading=\"lazy\" decoding=\"async\" width=\"768\" height=\"480\" src=\"https:\/\/www.klinger-kempchen.de\/wp-content\/uploads\/2025\/07\/News-KLINGER-Kempchen-Sommerfest-2025-768-x-480-px.png\" class=\"attachment-large size-large\" alt=\"News KLINGER Kempchen Sommerfest 2025\" \/><\/a><\/div><div class=\"advgb-post-wrapper\"><h2 class=\"advgb-post-title\"><a href=\"https:\/\/www.klinger-kempchen.de\/en\/summer-in-the-city-%f0%9f%8c%9e-sommerfest-bei-klinger-kempchen\/\">Summer in the City \ud83c\udf1e \u2013 Summer Party at KLINGER Kempchen<\/a><\/h2><div class=\"advgb-post-content\"><div class=\"advgb-post-excerpt\">Summer in the City \u2013 Our Employee Summer Festival at KLINGER Kempchen\n<\/div><div class=\"advgb-post-readmore\"><a href=\"https:\/\/www.klinger-kempchen.de\/en\/summer-in-the-city-%f0%9f%8c%9e-sommerfest-bei-klinger-kempchen\/\">\u00bb<\/a><\/div><\/div><\/div><\/article><article class=\"advgb-recent-post\"><div class=\"advgb-post-thumbnail\"><a href=\"https:\/\/www.klinger-kempchen.de\/en\/customer-information-on-the-changeover-from-3m-dyneon-tfm-1600-to-inoflonm295\/\"><img loading=\"lazy\" decoding=\"async\" width=\"768\" height=\"480\" src=\"https:\/\/www.klinger-kempchen.de\/wp-content\/uploads\/2025\/06\/Kundeninformation-zur-Umstellung-von-3M\u2122-Dyneon\u2122-TFM\u2122-1600-auf-INOFLON\u00ae-M295-ENG.png\" class=\"attachment-large size-large\" alt=\"Customer information on the changeover from 3M\u2122 Dyneon\u2122 TFM\u2122 1600 to INOFLON\u00ae M295 (ENG)\" \/><\/a><\/div><div class=\"advgb-post-wrapper\"><h2 class=\"advgb-post-title\"><a href=\"https:\/\/www.klinger-kempchen.de\/en\/customer-information-on-the-changeover-from-3m-dyneon-tfm-1600-to-inoflonm295\/\">Customer information on the changeover from 3M\u2122 Dyneon\u2122 TFM\u2122 1600 to INOFLON\u00aeM295<\/a><\/h2><div class=\"advgb-post-content\"><div class=\"advgb-post-excerpt\">Der bisher verwendete modifizierte PTFE-Werkstoff (mPTFE), 3M\u2122 Dyneon\u2122 TFM\u2122 1600, ist nicht mehr ver-f\u00fcgbar. Der Hersteller, die Dyneon GmbH in Gendorf, hat die Produktion eingestellt.<\/div><div class=\"advgb-post-readmore\"><a href=\"https:\/\/www.klinger-kempchen.de\/en\/customer-information-on-the-changeover-from-3m-dyneon-tfm-1600-to-inoflonm295\/\">\u00bb<\/a><\/div><\/div><\/div><\/article><article class=\"advgb-recent-post\"><div class=\"advgb-post-thumbnail\"><a href=\"https:\/\/www.klinger-kempchen.de\/en\/new-certification-according-to-tsg-d2007-2023-klinger-kempchen-meets-key-requirements-for-the-chinese-market\/\"><img loading=\"lazy\" decoding=\"async\" width=\"768\" height=\"480\" src=\"https:\/\/www.klinger-kempchen.de\/wp-content\/uploads\/2025\/06\/TSG-D7002-2023-Zertifikat-News.png\" class=\"attachment-large size-large\" alt=\"TSG D7002-2023 Zertifikat News\" \/><\/a><\/div><div class=\"advgb-post-wrapper\"><h2 class=\"advgb-post-title\"><a href=\"https:\/\/www.klinger-kempchen.de\/en\/new-certification-according-to-tsg-d2007-2023-klinger-kempchen-meets-key-requirements-for-the-chinese-market\/\">New Certification According to TSG D2007-2023 \u2013 KLINGER Kempchen Meets Key Requirements for the Chinese Market<\/a><\/h2><div class=\"advgb-post-content\"><div class=\"advgb-post-excerpt\">KLINGER Kempchen has successfully completed certification in accordance with TSG D2007-2023 \u2013 a significant milestone that further strengthens our international focus and commitment to quality.<\/div><div class=\"advgb-post-readmore\"><a href=\"https:\/\/www.klinger-kempchen.de\/en\/new-certification-according-to-tsg-d2007-2023-klinger-kempchen-meets-key-requirements-for-the-chinese-market\/\">\u00bb<\/a><\/div><\/div><\/div><\/article><article class=\"advgb-recent-post\"><div class=\"advgb-post-thumbnail\"><a href=\"https:\/\/www.klinger-kempchen.de\/en\/seasons-greetings-from-klinger-kempchen\/\"><img loading=\"lazy\" decoding=\"async\" width=\"768\" height=\"480\" src=\"https:\/\/www.klinger-kempchen.de\/wp-content\/uploads\/2024\/12\/Seasons-Greetings.png\" class=\"attachment-large size-large\" alt=\"KLINGER Kempchen Seasons Greetings\" \/><\/a><\/div><div class=\"advgb-post-wrapper\"><h2 class=\"advgb-post-title\"><a href=\"https:\/\/www.klinger-kempchen.de\/en\/seasons-greetings-from-klinger-kempchen\/\">Season&#8217;s greetings from KLINGER Kempchen<\/a><\/h2><div class=\"advgb-post-content\"><div class=\"advgb-post-excerpt\">As 2024 draws to a close, we would like to thank our customers, partners and colleagues. Your trust, cooperation and commitment have made this year a success &#8211; thank you!<\/div><div class=\"advgb-post-readmore\"><a href=\"https:\/\/www.klinger-kempchen.de\/en\/seasons-greetings-from-klinger-kempchen\/\">\u00bb<\/a><\/div><\/div><\/div><\/article><article class=\"advgb-recent-post\"><div class=\"advgb-post-thumbnail\"><a href=\"https:\/\/www.klinger-kempchen.de\/en\/klinger-kempchen-auf-der-hydrogen-technology-europe-expo-2024-in-hamburg\/\"><img loading=\"lazy\" decoding=\"async\" width=\"768\" height=\"480\" src=\"https:\/\/www.klinger-kempchen.de\/wp-content\/uploads\/2024\/09\/Ueberschrift-768-x-480-px.png\" class=\"attachment-large size-large\" alt=\"Hydrogen Technology Europe Expo 2024 in Hamburg\" \/><\/a><\/div><div class=\"advgb-post-wrapper\"><h2 class=\"advgb-post-title\"><a href=\"https:\/\/www.klinger-kempchen.de\/en\/klinger-kempchen-auf-der-hydrogen-technology-europe-expo-2024-in-hamburg\/\">KLINGER Kempchen auf der Hydrogen Technology Europe Expo 2024 in Hamburg!<\/a><\/h2><div class=\"advgb-post-content\"><div class=\"advgb-post-excerpt\">Die Zukunft der Energiewirtschaft ist wasserstoffbetrieben \u2013 und wir freuen uns, dass KLINGER Kempchen auf der Hydrogen Technology Europe Expo 2024\u00a0 in Hamburg vertreten sein wird.<\/div><div class=\"advgb-post-readmore\"><a href=\"https:\/\/www.klinger-kempchen.de\/en\/klinger-kempchen-auf-der-hydrogen-technology-europe-expo-2024-in-hamburg\/\">\u00bb<\/a><\/div><\/div><\/div><\/article><article class=\"advgb-recent-post\"><div class=\"advgb-post-thumbnail\"><a href=\"https:\/\/www.klinger-kempchen.de\/en\/viactiv-company-run-2024-together-we-are-strong\/\"><img loading=\"lazy\" decoding=\"async\" width=\"640\" height=\"351\" src=\"https:\/\/www.klinger-kempchen.de\/wp-content\/uploads\/2024\/06\/Gruppenbild-fuer-News-e1730110844633.jpg\" class=\"attachment-large size-large\" alt=\"\" \/><\/a><\/div><div class=\"advgb-post-wrapper\"><h2 class=\"advgb-post-title\"><a href=\"https:\/\/www.klinger-kempchen.de\/en\/viactiv-company-run-2024-together-we-are-strong\/\">VIACTIV Company Run 2024 &#8211; Together we are strong!<\/a><\/h2><div class=\"advgb-post-content\"><div class=\"advgb-post-excerpt\"><\/div><div class=\"advgb-post-readmore\"><a href=\"https:\/\/www.klinger-kempchen.de\/en\/viactiv-company-run-2024-together-we-are-strong\/\">\u00bb<\/a><\/div><\/div><\/div><\/article><article class=\"advgb-recent-post\"><div class=\"advgb-post-thumbnail\"><a href=\"https:\/\/www.klinger-kempchen.de\/en\/klinger-kempchen-your-reliable-partner-for-customised-gaskets\/\"><img loading=\"lazy\" decoding=\"async\" width=\"768\" height=\"480\" src=\"https:\/\/www.klinger-kempchen.de\/wp-content\/uploads\/2023\/11\/klinger-truck-1.jpg\" class=\"attachment-large size-large\" alt=\"klinger-truck\" \/><\/a><\/div><div class=\"advgb-post-wrapper\"><h2 class=\"advgb-post-title\"><a href=\"https:\/\/www.klinger-kempchen.de\/en\/klinger-kempchen-your-reliable-partner-for-customised-gaskets\/\">KLINGER Kempchen &#8211; your reliable partner for customised gaskets<\/a><\/h2><div class=\"advgb-post-content\"><div class=\"advgb-post-excerpt\">In the world of seals, we are at your side as a partner for customised sealing solutions. For our customer Covestro, a seal with a diameter of 4.57 metres was manufactured in a completely internal production process, but how was this even possible?<\/div><div class=\"advgb-post-readmore\"><a href=\"https:\/\/www.klinger-kempchen.de\/en\/klinger-kempchen-your-reliable-partner-for-customised-gaskets\/\">\u00bb<\/a><\/div><\/div><\/div><\/article><article class=\"advgb-recent-post\"><div class=\"advgb-post-thumbnail\"><a href=\"https:\/\/www.klinger-kempchen.de\/en\/froehlichkeit-und-gemeinschaftssinn-beim-internen-firmenoktoberfest-von-klinger-kempchen\/\"><img loading=\"lazy\" decoding=\"async\" width=\"768\" height=\"480\" src=\"https:\/\/www.klinger-kempchen.de\/wp-content\/uploads\/2023\/10\/Herz-WirsindKlinger.jpg\" class=\"attachment-large size-large\" alt=\"KLINGER Kempchen Oktoberfest\" \/><\/a><\/div><div class=\"advgb-post-wrapper\"><h2 class=\"advgb-post-title\"><a href=\"https:\/\/www.klinger-kempchen.de\/en\/froehlichkeit-und-gemeinschaftssinn-beim-internen-firmenoktoberfest-von-klinger-kempchen\/\">WE ARE KLINGER!<\/a><\/h2><div class=\"advgb-post-content\"><div class=\"advgb-post-excerpt\">Company parties are a time for coming together, celebrating and a sense of community, and this was also the case at KLINGER Kempchen at the end of September.<\/div><div class=\"advgb-post-readmore\"><a href=\"https:\/\/www.klinger-kempchen.de\/en\/froehlichkeit-und-gemeinschaftssinn-beim-internen-firmenoktoberfest-von-klinger-kempchen\/\">\u00bb<\/a><\/div><\/div><\/div><\/article><article class=\"advgb-recent-post\"><div class=\"advgb-post-thumbnail\"><a href=\"https:\/\/www.klinger-kempchen.de\/en\/dirk-sunderer-new-managing-director\/\"><img loading=\"lazy\" decoding=\"async\" width=\"896\" height=\"563\" src=\"https:\/\/www.klinger-kempchen.de\/wp-content\/uploads\/2023\/03\/DirkSunderer2.jpg\" class=\"attachment-large size-large\" alt=\"Neuer Gesch\u00e4ftsf\u00fchrer Gesch\u00e4ftsf\u00fchrerwechsel Dirk Sunderer\" srcset=\"https:\/\/www.klinger-kempchen.de\/wp-content\/uploads\/2023\/03\/DirkSunderer2.jpg 896w, https:\/\/www.klinger-kempchen.de\/wp-content\/uploads\/2023\/03\/DirkSunderer2-768x483.jpg 768w\" sizes=\"auto, (max-width: 896px) 100vw, 896px\" \/><\/a><\/div><div class=\"advgb-post-wrapper\"><h2 class=\"advgb-post-title\"><a href=\"https:\/\/www.klinger-kempchen.de\/en\/dirk-sunderer-new-managing-director\/\">Dirk Sunderer new Managing Director<\/a><\/h2><div class=\"advgb-post-content\"><div class=\"advgb-post-excerpt\">KLINGER Kempchen has appointed Dirk Sunderer as its new Managing Director.<\/div><div class=\"advgb-post-readmore\"><a href=\"https:\/\/www.klinger-kempchen.de\/en\/dirk-sunderer-new-managing-director\/\">\u00bb<\/a><\/div><\/div><\/div><\/article><article class=\"advgb-recent-post\"><div class=\"advgb-post-thumbnail\"><a href=\"https:\/\/www.klinger-kempchen.de\/en\/donates-for-children\/\"><img loading=\"lazy\" decoding=\"async\" width=\"690\" height=\"401\" src=\"https:\/\/www.klinger-kempchen.de\/wp-content\/uploads\/2021\/12\/Spende-Friedendorf.webp\" class=\"attachment-large size-large\" alt=\"Spende-Friedendorf\" \/><\/a><\/div><div class=\"advgb-post-wrapper\"><h2 class=\"advgb-post-title\"><a href=\"https:\/\/www.klinger-kempchen.de\/en\/donates-for-children\/\">Donates for children<\/a><\/h2><div class=\"advgb-post-content\"><div class=\"advgb-post-excerpt\">We do without presents for our customers and instead support the Friedensdorf children.<\/div><div class=\"advgb-post-readmore\"><a href=\"https:\/\/www.klinger-kempchen.de\/en\/donates-for-children\/\">\u00bb<\/a><\/div><\/div><\/div><\/article><article class=\"advgb-recent-post\"><div class=\"advgb-post-thumbnail\"><a href=\"https:\/\/www.klinger-kempchen.de\/en\/innovative-gasket-for-drinking-water\/\"><img loading=\"lazy\" decoding=\"async\" width=\"690\" height=\"401\" src=\"https:\/\/www.klinger-kempchen.de\/wp-content\/uploads\/2021\/10\/C-4240-trinkwasser-1.webp\" class=\"attachment-large size-large\" alt=\"KLINGERSIL-C-4240\" \/><\/a><\/div><div class=\"advgb-post-wrapper\"><h2 class=\"advgb-post-title\"><a href=\"https:\/\/www.klinger-kempchen.de\/en\/innovative-gasket-for-drinking-water\/\">Innovative gasket for drinking water<\/a><\/h2><div class=\"advgb-post-content\"><div class=\"advgb-post-excerpt\">KLINGERSIL C-4240 drinking water gasket meets all requirements of the Elastomer Guideline. \u2713 NBR rubber-reinforced with cellulose fiber \u2713 Up to 85\u00b0C<\/div><div class=\"advgb-post-readmore\"><a href=\"https:\/\/www.klinger-kempchen.de\/en\/innovative-gasket-for-drinking-water\/\">\u00bb<\/a><\/div><\/div><\/div><\/article><\/div><\/div><style class=\"advgb-styles-renderer\">.wp-block-kadence-spacer.kt-block-spacer-7538_704b9e-32 .kt-block-spacer{height:60px;}.wp-block-kadence-spacer.kt-block-spacer-7538_704b9e-32 .kt-divider{border-top-width:1px;height:1px;border-top-color:#eee;width:80%;border-top-style:solid;}<\/style>","protected":false},"excerpt":{"rendered":"<p>NEWS The market is constantly changing and there are new developments that we present to you in our KLINGER news. We are happy to inform you about our activities. Check back every now and then to see what&#8217;s new. You can also find out at which trade fairs you can meet us. There we can [&hellip;]<\/p>\n","protected":false},"author":1,"featured_media":7213,"parent":2513,"menu_order":9,"comment_status":"closed","ping_status":"closed","template":"page-templates\/secciones-principales.php","meta":{"advgb_blocks_editor_width":"","advgb_blocks_columns_visual_guide":"","iawp_total_views":16,"footnotes":""},"class_list":["post-7538","page","type-page","status-publish","has-post-thumbnail","hentry"],"yoast_head":"<!-- This site is optimized with the Yoast SEO plugin v27.3 - https:\/\/yoast.com\/product\/yoast-seo-wordpress\/ -->\n<title>KLINGER Kempchen - News Events<\/title>\n<meta name=\"description\" content=\"Read more about our excursion into the topic of plant safety and enjoy your journey through the world of KLINGER News...\" \/>\n<meta name=\"robots\" content=\"index, follow, max-snippet:-1, max-image-preview:large, max-video-preview:-1\" \/>\n<link rel=\"canonical\" href=\"https:\/\/www.klinger-kempchen.de\/en\/company\/klinger-news\/\" \/>\n<meta property=\"og:locale\" content=\"en_US\" \/>\n<meta property=\"og:type\" content=\"article\" \/>\n<meta property=\"og:title\" content=\"KLINGER Kempchen - News Events\" \/>\n<meta property=\"og:description\" content=\"Read more about our excursion into the topic of plant safety and enjoy your journey through the world of KLINGER News...\" \/>\n<meta property=\"og:url\" content=\"https:\/\/www.klinger-kempchen.de\/en\/company\/klinger-news\/\" \/>\n<meta property=\"og:site_name\" content=\"KLINGER Kempchen\" \/>\n<meta property=\"article:modified_time\" content=\"2024-03-12T07:57:35+00:00\" \/>\n<meta property=\"og:image\" content=\"https:\/\/www.klinger-kempchen.de\/wp-content\/uploads\/2020\/07\/Dummy.jpg\" \/>\n\t<meta property=\"og:image:width\" content=\"1400\" \/>\n\t<meta property=\"og:image:height\" content=\"334\" \/>\n\t<meta property=\"og:image:type\" content=\"image\/jpeg\" \/>\n<meta name=\"twitter:label1\" content=\"Est. reading time\" \/>\n\t<meta name=\"twitter:data1\" content=\"1 minute\" \/>\n<!-- \/ Yoast SEO plugin. -->","yoast_head_json":{"title":"KLINGER Kempchen - News Events","description":"Read more about our excursion into the topic of plant safety and enjoy your journey through the world of KLINGER News...","robots":{"index":"index","follow":"follow","max-snippet":"max-snippet:-1","max-image-preview":"max-image-preview:large","max-video-preview":"max-video-preview:-1"},"canonical":"https:\/\/www.klinger-kempchen.de\/en\/company\/klinger-news\/","og_locale":"en_US","og_type":"article","og_title":"KLINGER Kempchen - News Events","og_description":"Read more about our excursion into the topic of plant safety and enjoy your journey through the world of KLINGER News...","og_url":"https:\/\/www.klinger-kempchen.de\/en\/company\/klinger-news\/","og_site_name":"KLINGER Kempchen","article_modified_time":"2024-03-12T07:57:35+00:00","og_image":[{"width":1400,"height":334,"url":"https:\/\/www.klinger-kempchen.de\/wp-content\/uploads\/2020\/07\/Dummy.jpg","type":"image\/jpeg"}],"twitter_misc":{"Est. reading time":"1 minute"},"schema":{"@context":"https:\/\/schema.org","@graph":[{"@type":"WebPage","@id":"https:\/\/www.klinger-kempchen.de\/en\/company\/klinger-news\/","url":"https:\/\/www.klinger-kempchen.de\/en\/company\/klinger-news\/","name":"KLINGER Kempchen - News Events","isPartOf":{"@id":"https:\/\/www.klinger-kempchen.de\/#website"},"primaryImageOfPage":{"@id":"https:\/\/www.klinger-kempchen.de\/en\/company\/klinger-news\/#primaryimage"},"image":{"@id":"https:\/\/www.klinger-kempchen.de\/en\/company\/klinger-news\/#primaryimage"},"thumbnailUrl":"https:\/\/www.klinger-kempchen.de\/wp-content\/uploads\/2020\/07\/Dummy.jpg","datePublished":"2020-07-23T14:31:34+00:00","dateModified":"2024-03-12T07:57:35+00:00","description":"Read more about our excursion into the topic of plant safety and enjoy your journey through the world of KLINGER News...","breadcrumb":{"@id":"https:\/\/www.klinger-kempchen.de\/en\/company\/klinger-news\/#breadcrumb"},"inLanguage":"en-US","potentialAction":[{"@type":"ReadAction","target":["https:\/\/www.klinger-kempchen.de\/en\/company\/klinger-news\/"]}]},{"@type":"ImageObject","inLanguage":"en-US","@id":"https:\/\/www.klinger-kempchen.de\/en\/company\/klinger-news\/#primaryimage","url":"https:\/\/www.klinger-kempchen.de\/wp-content\/uploads\/2020\/07\/Dummy.jpg","contentUrl":"https:\/\/www.klinger-kempchen.de\/wp-content\/uploads\/2020\/07\/Dummy.jpg","width":1400,"height":334,"caption":"dummy"},{"@type":"BreadcrumbList","@id":"https:\/\/www.klinger-kempchen.de\/en\/company\/klinger-news\/#breadcrumb","itemListElement":[{"@type":"ListItem","position":1,"name":"Home","item":"https:\/\/www.klinger-kempchen.de\/en\/"},{"@type":"ListItem","position":2,"name":"Company","item":"https:\/\/www.klinger-kempchen.de\/en\/company\/"},{"@type":"ListItem","position":3,"name":"News"}]},{"@type":"WebSite","@id":"https:\/\/www.klinger-kempchen.de\/#website","url":"https:\/\/www.klinger-kempchen.de\/","name":"KLINGER Kempchen","description":"KLINGER Kempchen","publisher":{"@id":"https:\/\/www.klinger-kempchen.de\/#organization"},"potentialAction":[{"@type":"SearchAction","target":{"@type":"EntryPoint","urlTemplate":"https:\/\/www.klinger-kempchen.de\/?s={search_term_string}"},"query-input":{"@type":"PropertyValueSpecification","valueRequired":true,"valueName":"search_term_string"}}],"inLanguage":"en-US"},{"@type":"Organization","@id":"https:\/\/www.klinger-kempchen.de\/#organization","name":"KLINGER-Kempchen","url":"https:\/\/www.klinger-kempchen.de\/","logo":{"@type":"ImageObject","inLanguage":"en-US","@id":"https:\/\/www.klinger-kempchen.de\/#\/schema\/logo\/image\/","url":"https:\/\/www.klinger-kempchen.de\/wp-content\/uploads\/2020\/06\/cropped-Klinger-Kempchen-Logo.png","contentUrl":"https:\/\/www.klinger-kempchen.de\/wp-content\/uploads\/2020\/06\/cropped-Klinger-Kempchen-Logo.png","width":512,"height":512,"caption":"KLINGER-Kempchen"},"image":{"@id":"https:\/\/www.klinger-kempchen.de\/#\/schema\/logo\/image\/"}}]}},"coauthors":[],"author_meta":{"author_link":"https:\/\/www.klinger-kempchen.de\/en\/author\/administrador\/","display_name":"administrador"},"relative_dates":{"created":"Posted 6 years ago","modified":"Updated 2 years ago"},"absolute_dates":{"created":"Posted on 23 July 2020","modified":"Updated on 12 March 2024"},"absolute_dates_time":{"created":"Posted on 23 July 2020 16:31","modified":"Updated on 12 March 2024 08:57"},"featured_img_caption":"","featured_img":"https:\/\/www.klinger-kempchen.de\/wp-content\/uploads\/2020\/07\/Dummy.jpg","series_order":"","_links":{"self":[{"href":"https:\/\/www.klinger-kempchen.de\/en\/wp-json\/wp\/v2\/pages\/7538","targetHints":{"allow":["GET"]}}],"collection":[{"href":"https:\/\/www.klinger-kempchen.de\/en\/wp-json\/wp\/v2\/pages"}],"about":[{"href":"https:\/\/www.klinger-kempchen.de\/en\/wp-json\/wp\/v2\/types\/page"}],"author":[{"embeddable":true,"href":"https:\/\/www.klinger-kempchen.de\/en\/wp-json\/wp\/v2\/users\/1"}],"replies":[{"embeddable":true,"href":"https:\/\/www.klinger-kempchen.de\/en\/wp-json\/wp\/v2\/comments?post=7538"}],"version-history":[{"count":1,"href":"https:\/\/www.klinger-kempchen.de\/en\/wp-json\/wp\/v2\/pages\/7538\/revisions"}],"predecessor-version":[{"id":60601,"href":"https:\/\/www.klinger-kempchen.de\/en\/wp-json\/wp\/v2\/pages\/7538\/revisions\/60601"}],"up":[{"embeddable":true,"href":"https:\/\/www.klinger-kempchen.de\/en\/wp-json\/wp\/v2\/pages\/2513"}],"wp:featuredmedia":[{"embeddable":true,"href":"https:\/\/www.klinger-kempchen.de\/en\/wp-json\/wp\/v2\/media\/7213"}],"wp:attachment":[{"href":"https:\/\/www.klinger-kempchen.de\/en\/wp-json\/wp\/v2\/media?parent=7538"}],"curies":[{"name":"wp","href":"https:\/\/api.w.org\/{rel}","templated":true}]}}